{"id":5934,"date":"2023-06-24T12:30:09","date_gmt":"2023-06-24T10:30:09","guid":{"rendered":"https:\/\/antcube.shop\/product\/antcube-terra-nidum-20x20-l-beige\/"},"modified":"2026-04-13T09:31:07","modified_gmt":"2026-04-13T07:31:07","slug":"antcube-terra-nidum-20x20-l-beige","status":"publish","type":"product","link":"https:\/\/antcube.shop\/lv\/products\/antcube-terra-nidum-20x20-l-beige\/","title":{"rendered":"ANTCUBE - Digfix Terra nidum 20\u00d720 - L - b\u0113\u0161s"},"content":{"rendered":"<p><strong>Izm\u0113ri:<\/strong> 183x160x20 mm<\/p>\n<p><strong>Materi\u0101ls:<\/strong> rak\u0161anai piem\u0113rots materi\u0101ls uz sve\u0137u b\u0101zes.<\/p>\n<p><strong>Apraksts:<\/strong> Terra nidum (lat. zemes ligzda) pl\u0101ksne, kas izgatavota no materi\u0101la, kur\u0101 var rakt, ir ide\u0101li piem\u0113rota m\u016bsu skudru ferm\u0101m ANTCUBE. To var izmantot gan saus\u0101, gan mitr\u0101 veid\u0101. T\u0101 ir piem\u0113rota ar\u012b daudz\u0101m skudru sug\u0101m, \u012bpa\u0161i t\u0101m, kas ligzdo smilt\u012bs un (miru\u0161\u0101) kok\u0101. To var izmantot smil\u0161m\u0101la mais\u012bjumu vai no kor\u0137a izgatavoto ligzdu ielikt\u0146u viet\u0101. \u0160\u012bs ligzdas priek\u0161roc\u012bba ir t\u0101, ka pl\u0101ksn\u012btes samitrin\u0101\u0161anu ir viegl\u0101k kontrol\u0113t, jo labi redzama kr\u0101sas mai\u0146a, un pl\u0101ksn\u012btes kr\u0101sa ir lielisks kontrasts parasti tum\u0161\u0101k iekr\u0101sot\u0101m skudru sug\u0101m. Turkl\u0101t skudru fermas iek\u0161\u0113j\u0101s pl\u0101ksnes nevar nosm\u0113r\u0113t ar substr\u0101tu, k\u0101 tas ir, piem\u0113ram, ar smilts un m\u0101la mais\u012bjumiem, kas \u013cauj lieliski p\u0101rredz\u0113t ligzdu. M\u016bsu ligzdas materi\u0101lam ir ar\u012b daudz stingr\u0101ka strukt\u016bra, t\u0101p\u0113c skudru izrakt\u0101s ejas un kambar\u012b\u0161i nesabr\u016bk.<\/p>\n<p><strong>Piez\u012bme:<\/strong> Dab\u012bgais kr\u0101sas tonis var b\u016bt no smil\u0161kr\u0101sas \/ smil\u0161u l\u012bdz gai\u0161i br\u016bnai kr\u0101sai. Kr\u0101sas tonis neietekm\u0113 kvalit\u0101ti.<br \/>\nRa\u017eo\u0161anas d\u0113\u013c izm\u0113ri var at\u0161\u0137irties +\/- 1 mm.<\/p>","protected":false},"excerpt":{"rendered":"<p>Gr\u00f6\u00dfe: <strong>L<\/strong><\/p>","protected":false},"featured_media":5928,"comment_status":"open","ping_status":"closed","template":"","meta":{"_acf_changed":false,"content-type":"","_monsterinsights_skip_tracking":false,"_monsterinsights_sitenote_active":false,"_monsterinsights_sitenote_note":"","_monsterinsights_sitenote_category":0},"product_brand":[],"product_cat":[257,87,88],"product_tag":[],"class_list":{"0":"post-5934","1":"product","2":"type-product","3":"status-publish","4":"has-post-thumbnail","6":"product_cat-new-innovatve-products","7":"product_cat-nest-insets","8":"product_cat-digfix","10":"first","11":"instock","12":"taxable","13":"shipping-taxable","14":"purchasable","15":"product-type-simple"},"acf":[],"aioseo_notices":[],"jetpack_sharing_enabled":true,"_links":{"self":[{"href":"https:\/\/antcube.shop\/lv\/wp-json\/wp\/v2\/product\/5934","targetHints":{"allow":["GET"]}}],"collection":[{"href":"https:\/\/antcube.shop\/lv\/wp-json\/wp\/v2\/product"}],"about":[{"href":"https:\/\/antcube.shop\/lv\/wp-json\/wp\/v2\/types\/product"}],"replies":[{"embeddable":true,"href":"https:\/\/antcube.shop\/lv\/wp-json\/wp\/v2\/comments?post=5934"}],"wp:featuredmedia":[{"embeddable":true,"href":"https:\/\/antcube.shop\/lv\/wp-json\/wp\/v2\/media\/5928"}],"wp:attachment":[{"href":"https:\/\/antcube.shop\/lv\/wp-json\/wp\/v2\/media?parent=5934"}],"wp:term":[{"taxonomy":"product_brand","embeddable":true,"href":"https:\/\/antcube.shop\/lv\/wp-json\/wp\/v2\/product_brand?post=5934"},{"taxonomy":"product_cat","embeddable":true,"href":"https:\/\/antcube.shop\/lv\/wp-json\/wp\/v2\/product_cat?post=5934"},{"taxonomy":"product_tag","embeddable":true,"href":"https:\/\/antcube.shop\/lv\/wp-json\/wp\/v2\/product_tag?post=5934"}],"curies":[{"name":"wp","href":"https:\/\/api.w.org\/{rel}","templated":true}]}}