{"id":5475,"date":"2023-02-10T13:18:16","date_gmt":"2023-02-10T12:18:16","guid":{"rendered":"https:\/\/antcube.shop\/produkt\/popcorn-nest-20x20-l\/"},"modified":"2026-03-09T17:50:04","modified_gmt":"2026-03-09T16:50:04","slug":"popkorna-ligzda-20x20-l","status":"publish","type":"product","link":"https:\/\/antcube.shop\/lv\/products\/popkorna-ligzda-20x20-l\/","title":{"rendered":"Popkorna ligzda 20\u00d720 - L"},"content":{"rendered":"<p><strong>Izm\u0113ri:<\/strong> 184 x 160 x 18 mm<\/p>\n<p><strong>Materi\u0101ls:<\/strong> popkorns, pres\u0113ts ar saharozi un olbaltumviel\u0101m<\/p>\n<p><strong>Der tikai<\/strong> m\u016bsu skudru ferm\u0101s izm\u0113rs <strong>L<\/strong><\/p>\n<p><strong>Apraksts:<\/strong> \u0160\u012b popkorna ligzda ar saliekam\u0101m ej\u0101m un kamer\u0101m ir ide\u0101li piem\u0113rota k\u0101 graudu kamera, piem\u0113ram, Messor skudr\u0101m, k\u0101 ar\u012b cit\u0101m graudus v\u0101co\u0161o skudru sug\u0101m. Tai ir caurums piek\u013cuvei ligzdai. Popkorna ligzda uzs\u016bc mitrumu un var papla\u0161in\u0101ties, t\u0101p\u0113c<strong> tas noteikti j\u0101uzglab\u0101 saus\u0101 viet\u0101<\/strong>. Messor barbarus \u013coti labi pie\u0146em m\u016bsu ANTCUBE popkorna ligzdu k\u0101 graudu kameru. Laika gait\u0101 skudras s\u0101ks papla\u0161in\u0101t popkorna ligzdu un ap\u0113d\u012bs ligzdas materi\u0101lu.<\/p>\n<p>Popkorna ligzdu dr\u012bkst izmantot tikai t\u0101m skudru sug\u0101m, kur\u0101m ligzdas zon\u0101 nepiecie\u0161ams \u013coti maz vai nemaz mitruma.<\/p>","protected":false},"excerpt":{"rendered":"<p>Izm\u0113ri: Izm\u0113ri: 184 x 160 x 18 mm Materi\u0101ls: popkorns, pres\u0113ts ar saharozi un olbaltumviel\u0101m Piem\u0113rots tikai m\u016bsu skudru audz\u0113tav\u0101m, izm\u0113rs L Apraksts: \u0160\u012b popkorna ligzda ar saliekam\u0101m ej\u0101m un kamer\u0101m ir ide\u0101li piem\u0113rota k\u0101 graudu kamera, piem\u0113ram, Messor skudr\u0101m, k\u0101 ar\u012b cit\u0101m graudus v\u0101co\u0161o skudru sug\u0101m. Tai ir caurums k\u0101 ligzdai","protected":false},"featured_media":5459,"comment_status":"open","ping_status":"closed","template":"","meta":{"_acf_changed":false,"content-type":"","_monsterinsights_skip_tracking":false,"_monsterinsights_sitenote_active":false,"_monsterinsights_sitenote_note":"","_monsterinsights_sitenote_category":0},"product_brand":[],"product_cat":[257,344,87],"product_tag":[],"class_list":{"0":"post-5475","1":"product","2":"type-product","3":"status-publish","4":"has-post-thumbnail","6":"product_cat-new-innovatve-products","7":"product_cat-popcorn","8":"product_cat-nest-insets","10":"first","11":"instock","12":"taxable","13":"shipping-taxable","14":"purchasable","15":"product-type-simple"},"acf":[],"aioseo_notices":[],"jetpack_sharing_enabled":true,"_links":{"self":[{"href":"https:\/\/antcube.shop\/lv\/wp-json\/wp\/v2\/product\/5475","targetHints":{"allow":["GET"]}}],"collection":[{"href":"https:\/\/antcube.shop\/lv\/wp-json\/wp\/v2\/product"}],"about":[{"href":"https:\/\/antcube.shop\/lv\/wp-json\/wp\/v2\/types\/product"}],"replies":[{"embeddable":true,"href":"https:\/\/antcube.shop\/lv\/wp-json\/wp\/v2\/comments?post=5475"}],"wp:featuredmedia":[{"embeddable":true,"href":"https:\/\/antcube.shop\/lv\/wp-json\/wp\/v2\/media\/5459"}],"wp:attachment":[{"href":"https:\/\/antcube.shop\/lv\/wp-json\/wp\/v2\/media?parent=5475"}],"wp:term":[{"taxonomy":"product_brand","embeddable":true,"href":"https:\/\/antcube.shop\/lv\/wp-json\/wp\/v2\/product_brand?post=5475"},{"taxonomy":"product_cat","embeddable":true,"href":"https:\/\/antcube.shop\/lv\/wp-json\/wp\/v2\/product_cat?post=5475"},{"taxonomy":"product_tag","embeddable":true,"href":"https:\/\/antcube.shop\/lv\/wp-json\/wp\/v2\/product_tag?post=5475"}],"curies":[{"name":"wp","href":"https:\/\/api.w.org\/{rel}","templated":true}]}}