{"id":5380,"date":"2023-02-01T17:57:19","date_gmt":"2023-02-01T16:57:19","guid":{"rendered":"https:\/\/antcube.shop\/produkt\/bundle-offer-lasius-niger\/"},"modified":"2026-04-13T14:24:09","modified_gmt":"2026-04-13T12:24:09","slug":"saiska-priekslikums-lasius-niger","status":"publish","type":"product","link":"https:\/\/antcube.shop\/lv\/products\/saiska-priekslikums-lasius-niger\/","title":{"rendered":"Komplekta pied\u0101v\u0101jums - Lasius niger"},"content":{"rendered":"<p><span data-text-color=\"secondary\"><strong>Komplekt\u0101 ietilpst Lasius niger skudru kolonija (m\u0101te + 26-50 str\u0101dnieces + m\u0101t\u012btes), starta komplekts Combi M ar aizsargr\u0101mi, 50 mm re\u017e\u0123a ieliktni, 20x20 cm formik\u0101rija pamatni, caursp\u012bd\u012bgu dzirdin\u0101tavu 20 ml - s\u016bklis, m\u016bsu \u012bpa\u0161o veselu blan\u0161\u0113tu vistu burka 10 g (mitr\u0101s olbaltumvielas) un medusrasas mais\u012bjuma papildin\u0101\u0161anas iepakojums 10 ml.<\/strong><\/span><\/p>\n<p><span data-text-color=\"alert\"><strong>Tikai l\u012bdz kr\u0101jumu beig\u0101m.<\/strong><\/span><\/p>\n<p><strong>Viss, kas nepiecie\u0161ams Lasius niger skudru kolonijai<\/strong><br \/>\n\u0160aj\u0101 komplekt\u0101 ir viss nepiecie\u0161amais, lai veiksm\u012bgi izaudz\u0113tu Lasius niger koloniju pirmajos m\u0113ne\u0161os. Tas ir elast\u012bgi papla\u0161in\u0101ms un \u012bpa\u0161i piem\u0113rots ies\u0101c\u0113jiem skudru audz\u0113\u0161an\u0101.<\/p>\n<p>Skudru suga Lasius niger Lasius niger, kas paz\u012bstama ar\u012b k\u0101 \"meln\u0101 skudra\", ir viena no popul\u0101r\u0101kaj\u0101m sug\u0101m skudru audz\u0113\u0161an\u0101 ies\u0101c\u0113jiem. T\u0101 ir viena no mazaj\u0101m l\u012bdz vid\u0113ji lielaj\u0101m skudr\u0101m un ir \u013coti taup\u012bga. T\u0101 ir pla\u0161i izplat\u012bta vis\u0101 Eirop\u0101, bet sastopama ar\u012b \u0100zij\u0101, \u0100frik\u0101 un Zieme\u013camerik\u0101.<\/p>\n<p><strong>P\u0101rtika Lasius niger<\/strong><br \/>\nSavva\u013c\u0101 Lasius niger bie\u017ei uztur laputis, lai sav\u0101ktu medusrasu, kas rodas no augu sul\u0101m. \u0160\u0101di t\u0101s aizsarg\u0101 un pat p\u0101rn\u0113s\u0101 uz jaunajiem dzinumiem.<br \/>\nFormikarij\u0101 var vienk\u0101r\u0161i ievietot v\u0101z\u0113 da\u017eus infic\u0113tus zari\u0146us (piem\u0113ram, rozes, pl\u016b\u0161koka ogas, j\u0101\u0146ogas) un v\u0113rot, k\u0101 dz\u012bvnieki tos slauc. Formikarij\u0101 vislab\u0101k ir dot medus \u0161\u0137\u012bdumu un olbaltumvielu bar\u012bbu (dz\u012bvus s\u012bkus kukai\u0146us vai \u017e\u0101v\u0113tu olbaltumvielu bar\u012bbu).<\/p>\n<p><strong>Hibern\u0101cija Lasius niger<\/strong><br \/>\nLasius niger hibern\u0113 no aptuveni oktobra beig\u0101m l\u012bdz marta beig\u0101m 5-8 gr\u0101du temperat\u016br\u0101. Formik\u0101riju var vienk\u0101r\u0161i novietot v\u0113s\u0101 telp\u0101 vai (ja formik\u0101rijam ir no\u0146emams ligzdas ieliktnis) ievietot ligzdas ieliktni, piem\u0113ram, ledusskap\u012b. Tom\u0113r j\u0101uzman\u0101s, lai skudras netiktu pak\u013cautas temperat\u016brai, kas zem\u0101ka par 0 gr\u0101diem, jo formik\u0101r\u0101 t\u0101s nekad nav tik labi aizsarg\u0101tas no aukstuma k\u0101 savva\u013c\u0101. Ir ar\u012b zi\u0146ojumi no audz\u0113t\u0101jiem, kas tur Lasius niger bez ziemas miega. Tom\u0113r tas var sa\u012bsin\u0101t kolonijas dz\u012bves ilgumu vai pal\u0113nin\u0101t mazu\u013cu att\u012bst\u012bbu. Hibern\u0101cijas laik\u0101 dz\u012bvnieki nav j\u0101baro vai j\u0101baro \u013coti maz, ja nepiecie\u0161ams. Tom\u0113r regul\u0101ri j\u0101p\u0101rbauda mitrums un j\u0101uzman\u0101s no pel\u0113juma!<\/p>\n<p><strong>Saturs:<\/strong><\/p>\n<p>1x Lasius niger (karaliene + 26-50 str\u0101dnieku + m\u0101tes)<br \/>\n1x Cricket Jam 25g<br \/>\n1x Honeydew honey 10ml refill pack<\/p>\n<p>1x ANTCUBE - Arena 20x20x20 - Combi M<br \/>\n1x Skudru ar\u0113nas v\u0101ks 20\u00d720<br \/>\n4x Ar\u0113nas v\u0101ka stiprin\u0101juma punkts<br \/>\n1x skudru ar\u0113nas r\u0101mis 20\u00d720<br \/>\n1x pad for formicariums &#8211; 20x20cm<\/p>\n<p>2x grid insert &#8211; 50mm<br \/>\n2x grid insert &#8211; 27mm<br \/>\n1x ANTCUBE - Digfix plate 20\u00d720 - M<br \/>\n1x soil &#8211; Sand-loam red &#8211; 200g<\/p>\n<p>1x Foil thermometer display<br \/>\n1x drinking clear 5ml &#8211; sponge<br \/>\n1x dzeramais trauks 2ml - 360 gr\u0101di<br \/>\n1x Feeding dish white rectangle &#8211; 3 compartments<br \/>\n1x Rokas palielin\u0101mais stikls - 2x - 30 mm<br \/>\n1x Transparent plastic tweezers<br \/>\n1x pincete atsperu t\u0113rauda - plata - m\u012bksta<br \/>\n1x Plastmasas pipete 3ml<br \/>\n1x e\u013c\u013ca aizsardz\u012bbai pret skudru izb\u0113g\u0161anu 10ml<br \/>\n1x Foam wiper 150x18x2.5mm<\/p>\n<p><strong>Apraksts:<\/strong><br \/>\n\u0160is s\u0101kuma komplekts - Combi ir piem\u0113rots liel\u0101kajai da\u013cai skudru sugu, kas ligzdo zem\u0113.<br \/>\nKomplekts ir \u013coti kompakts, un taj\u0101 iek\u013cautie piederumi ir samazin\u0101ti l\u012bdz nepiecie\u0161amajam.<br \/>\nT\u0101p\u0113c tas ir l\u0113ts komplekts, kas izgatavots no augstas kvalit\u0101tes materi\u0101liem un ir ide\u0101li piem\u0113rots, lai s\u0101ktu nodarboties ar skudru audz\u0113\u0161anu.<br \/>\nKomplekt\u0101 iek\u013cauto smil\u0161u - m\u0101laini smil\u0161kr\u0101sas substr\u0101tu labi pie\u0146em vairums zemes ligzdu rak\u0161anas skudru sugu.<\/p>\n<p>Tom\u0113r ar\u0113nas ligzdu zon\u0101 var ievietot ar\u012b citus augsnes substr\u0101tus vai ligzdu ielikt\u0146us.<br \/>\nCiti noder\u012bgi piederumi ir atrodami ieteikumu sada\u013c\u0101 (skatiet t\u0101l\u0101k).<\/p>\n<p><strong>Ieteikums:<\/strong> M\u0113s iesak\u0101m izmantot 2 mm augstu substr\u0101ta sl\u0101ni, lai dz\u012bvnieki nevar\u0113tu ierakt ar\u0113n\u0101 un t\u0101 viet\u0101 izmantotu \u0161im nol\u016bkam paredz\u0113to fermu. M\u0113s ar\u012b iesak\u0101m, lai ligzdu materi\u0101ls ferm\u0101 (smiltis\/m\u0101ls, Digfix u. c.) b\u016btu viegli uzb\u0113rts vien\u0101 viet\u0101, lai dz\u012bvniekiem b\u016btu viegl\u0101k rakt.<\/p>\n<p><strong>Svar\u012bgi:<\/strong> Pirms lieto\u0161anas samitriniet tuksne\u0161a substr\u0101tu, lai mais\u012bjums var\u0113tu savienoties un nostiprin\u0101ties skudru ferm\u0101. Turkl\u0101t, ja substr\u0101ts ir sauss un putek\u013cains, skudr\u0101m var aizsprostoties elpo\u0161anas ce\u013ci un slikt\u0101kaj\u0101 gad\u012bjum\u0101 dz\u012bvnieki var aizdusa.<\/p>\n<p><strong>Piez\u012bme:<\/strong><br \/>\nJa izmantojat m\u016bsu ligzdu ielikt\u0146us, l\u016bdzu, \u0146emiet v\u0113r\u0101, ka tie ir par 8 mm \u0161aur\u0101ki, jo tie s\u0101kotn\u0113ji tika izstr\u0101d\u0101ti, lai atbilstu m\u016bsu \u0161aur\u0101kaj\u0101m skudru ferm\u0101m un ar\u0113nas ielikt\u0146iem! \u0160\u0101d\u0101 gad\u012bjum\u0101 atstarpi starp t\u0101m vajadz\u0113tu aizpild\u012bt ar pild\u012bjumu, piem\u0113ram, apmetumu vai m\u0101lu.<\/p>\n<p><strong>Piez\u012bmes par ra\u017eo\u0161anu<\/strong><br \/>\nStikls tiek griezts saska\u0146\u0101 ar DIN 1249 ar pielaidi +\/;- 1 mm. \u012apa\u0161i maz\u0101m skudru sug\u0101m ir nepiecie\u0161ama papildu aizsardz\u012bba pret skudru izb\u0113g\u0161anu.<\/p>\n<p><strong>Instrukcijas: <\/strong>(2023. gada versija, atjaunin\u0101t\u0101 2024. gada versija b\u016bs pieejama ne v\u0113l\u0101k k\u0101 04\/2024. gad\u0101)<strong><br \/>\n<\/strong><\/p>\n<p>- DE<a href=\"https:\/\/www.antstore.net\/shop\/images\/info\/de\/Gebrauchsanweisung%20Starter%20Set%20Combi.pdf\"> Gebrauchsanweisung Starter Set Combi<\/a> (PDF 7,98 MB)<\/p>\n<p>- LV<a href=\"https:\/\/www.antstore.net\/shop\/images\/info\/en\/Instructions%20for%20use%20-%20Starter%20Set%20Combi.pdf\"> Lieto\u0161anas instrukcija - Starter komplekts Combi<\/a> (PDF 7,94 MB)<\/p>\n<p>- ES<a href=\"https:\/\/www.antstore.net\/shop\/images\/info\/es\/Manual%20de%20instrucciones%20-%20Set%20de%20inicio%20Combi.pdf\"> Manual de instrucciones - Komplekts Combi<\/a> (PDF 7,94 MB)<\/p>\n<p>- FR<a href=\"https:\/\/www.antstore.net\/shop\/images\/info\/fr\/Manuel%20d'instruction%20-%20Kit%20de%20d%C3%A9marrage%20Combi.pdf\"> Manu\u0101ls ar instrukciju - Combi demar\u0101\u017eas komplekts - Kit de d\u00e9marrage Combi<\/a> (PDF 7,95 MB)<\/p>\n<p><strong>Piez\u012bmes par kriketa iev\u0101r\u012bjumu:<\/strong><br \/>\nM\u016bsu blan\u0161\u0113tie cvingri ir vienk\u0101r\u0161s veids, k\u0101 nodro\u0161in\u0101t skudras ar svaigi konserv\u0113tu prote\u012bnu bar\u012bbu, nebarojot dz\u012bvus kukai\u0146us. Sast\u0101v\u0101 eso\u0161ie c\u012brusi (Acheta domesticus) ir saudz\u012bgi blan\u0161\u0113ti, lai nodro\u0161in\u0101tu uzturv\u0113rt\u012bbas, gar\u0161as un arom\u0101ta saglab\u0101\u0161anu. Turkl\u0101t \u0161\u0101d\u0101 veid\u0101 tiek m\u012bkstin\u0101ts kukai\u0146u hit\u012bna apvalks, lai tas b\u016btu viegl\u0101k sagremojams. Kolag\u0113na olbaltumvielu saites tiek sa\u0161\u0137eltas, lai skudras var\u0113tu t\u0101s lab\u0101k izmantot. Konserv\u0113tu Acheta domesticus konservu uzturv\u0113rt\u012bba ir t\u0101da pati k\u0101 dz\u012bviem c\u012brul\u012b\u0161iem, bet tie ir viegl\u0101k sagremojami.<\/p>\n<p>Cricket Jam nav piem\u0113rots t\u0101du skudru sugu med\u012bb\u0101m, kur\u0101m nepiecie\u0161ama dz\u012bva bar\u012bba (piem\u0113ram, poner\u012bni (liel\u0101s skudras), piem\u0113ram, Harpegnathos vai Odontomachus).<\/p>\n<p><strong>Papildu priek\u0161roc\u012bbas:<\/strong><br \/>\nGarant\u0113ti bez \u0113rc\u0113m<br \/>\nVar sadal\u012bt porcij\u0101s un at\u0161\u0137aid\u012bt ar \u016bdeni<br \/>\nSteriliz\u0113ts un iepakots vakuum\u0101<br \/>\nBez piedev\u0101m<br \/>\nVitikul\u012b\u0161i, kas ieg\u016bti ilgtsp\u0113j\u012bg\u0101, t\u012bri biolo\u0123isk\u0101 audz\u0113\u0161an\u0101 un baroti ar biolo\u0123iskiem atkritumiem.<\/p>\n<p><strong>Piez\u012bme:<\/strong><br \/>\nP\u0113c atv\u0113r\u0161anas var uzglab\u0101t ledusskap\u012b apm\u0113ram \u010detras dienas. Ilg\u0101ks der\u012bguma termi\u0146\u0161, ja sasald\u0113.<br \/>\nUzman\u012bbu: Vispirms porciju, p\u0113c tam iesald\u0113jiet.<\/p>\n<p><strong>Piez\u012bme par medusrasu:<\/strong><br \/>\nSaturs: 10 ml<br \/>\nTas ir dab\u012bgs produkts, ko p\u0113c pla\u0161iem testiem laboratorij\u0101 esam pilnveidoju\u0161i un izveidoju\u0161i par bar\u012bbu, ko skudras \u013coti labi pie\u0146em. Iemesls ir t\u0101ds, ka neapstr\u0101d\u0101tu medus rasas medu t\u0101 koncentr\u0113taj\u0101 s\u0101kotn\u0113j\u0101 form\u0101 skudras un to vielmai\u0146a slikti pie\u0146em.<br \/>\nM\u016bsu medus rasa tika iev\u0101kta Bulg\u0101rijas nepies\u0101r\u0146otajos savva\u013cas kalnu me\u017eos. Medus rasas veido\u0161an\u0101s laiks ir \u013coti ierobe\u017eots - aptuveni divi m\u0113ne\u0161i vasar\u0101. T\u0101p\u0113c tas ir \u013coti reti sastopams. Me\u017eu augsnes un klimata \u012bpatn\u012bbu d\u0113\u013c svar\u012bg\u0101k\u0101s bar\u012bbas vielas uzkr\u0101jas koku lap\u0101s, ko absorb\u0113 medusrasa. T\u0101p\u0113c \u0161is medusrasas mais\u012bjums ir tik \u013coti v\u0113lams skudr\u0101m.<\/p>\n<p><strong>Pieteikums:<\/strong><br \/>\nP\u0101rtikas daudzums j\u0101pat\u0113r\u0113 apm\u0113ram 3 dienu laik\u0101.<\/p>\n<p><strong>Apraksts:<\/strong><br \/>\nMedusrasu at\u0161\u0137ir\u012bb\u0101 no ziedu medus ieg\u016bst no to kukai\u0146u izdal\u012bjumiem, kas s\u016bc augus, piem\u0113ram, no laput\u012bm. Medusrasa ir popul\u0101rs bar\u012bbas avots daudziem kukai\u0146iem, piem\u0113ram, skudr\u0101m, bit\u0113m un kamene\u013ciem. Bites un kamenes to laiza no da\u017e\u0101du koku lap\u0101m vai skujas. Skudras, piem\u0113ram, Lasius niger, burtiski uztur laputis. T\u0101s pat aizst\u0101v t\u0101s pret pl\u0113s\u0113jiem un p\u0101rn\u0113s\u0101 uz svaigiem dzinumiem.<\/p>\n<p>Medusrasa ir \u012bpa\u0161i iecien\u012bta skudru vid\u016b, jo t\u0101s sast\u0101vda\u013cas ir nedaudz at\u0161\u0137ir\u012bgas. Galvenie medusrasas cukuri ir saharoze un fruktoze, bet maz\u0101k\u0101 daudzum\u0101 ir ar\u012b maltoze, trehalozi, melezitoze, rafinozi un citi oligosahar\u012bdi. Papildus cukuram un \u016bdenim medus rasas sast\u0101v\u0101 ir ar\u012b neaizst\u0101jam\u0101s aminosk\u0101bes, miner\u0101lvielas, mikroelementi, adenoz\u012bni, fosf\u0101ti un citas sast\u0101vda\u013cas, piem\u0113ram, vitam\u012bni.<\/p>\n<p><strong>Lieto\u0161ana:<\/strong><br \/>\nMedus\u0113d\u0101ju skudru sug\u0101m (Meliphagidae)<br \/>\n\u0160\u012b ir papildbar\u012bba<br \/>\nTo var pied\u0101v\u0101t dz\u012bvniekiem k\u0101 pieg\u0101di. T\u0101 k\u0101 mitruma ietekm\u0113 samazin\u0101s cukura koncentr\u0101cija un s\u0101kas ferment\u0101cijas process, bar\u012bba j\u0101maina ik p\u0113c 3 dien\u0101m. Pirms atk\u0101rtotas lieto\u0161anas r\u016bp\u012bgi izt\u012briet barotavu\/caurul\u012bti.<br \/>\nP\u0113c atv\u0113r\u0161anas iepakojums j\u0101glab\u0101 cie\u0161i aizv\u0113rts l\u012bdz der\u012bguma termi\u0146a beig\u0101m.<\/p>\n<p><strong>Uzturv\u0113rt\u012bbas inform\u0101cija uz 100 g:<\/strong><br \/>\naptuveni 2,7 % tauku<br \/>\nno kuriem pies\u0101tin\u0101ts aptuveni 0,45 %<br \/>\naptuveni 95 % og\u013chidr\u0101tu<br \/>\nno kuriem aptuveni 71 % ir cukurs<br \/>\naptuveni 2,85% olbaltumvielu<br \/>\nminer\u0101lvielas (k\u0101lijs, kalcijs, var\u0161, dzelzs, n\u0101trijs, magnijs, fosfors, cinks un citi mikroelementi). Aminosk\u0101bes (prol\u012bns, leic\u012bns, fenilalan\u012bns, alan\u012bns, histid\u012bns, izoleic\u012bns, glutam\u012bnsk\u0101be, argin\u012bns, asparag\u012bnsk\u0101be u. c.) Organisk\u0101s sk\u0101bes Fermenti (fermenti) Aromatiz\u0113t\u0101ji Inhib\u012bni (antibakteri\u0101las vielas) Ziedi Putek\u0161\u0146i<\/p>\n<p><strong>Uzglab\u0101\u0161ana:<\/strong><br \/>\nLai nodro\u0161in\u0101tu bar\u012bbas kvalit\u0101ti, bar\u012bba j\u0101uzglab\u0101 tum\u0161\u0101 un saus\u0101 viet\u0101.<\/p>\n<p><strong>Piez\u012bme:<\/strong><br \/>\nPapildu bar\u012bba medus\u0113d\u012bgaj\u0101m skudr\u0101m.<br \/>\nSast\u0101vs, anal\u012btisk\u0101s sast\u0101vda\u013cas, der\u012bguma termi\u0146\u0161 un partijas numurs ir nor\u0101d\u012bts iepakojuma informat\u012bvaj\u0101 materi\u0101l\u0101.<\/p>\n<p>Inform\u0101cijas t\u0101lrunis +49 30 439703870<\/p>\n<p>Atbild\u012bg\u0101 veterin\u0101r\u0101 un p\u0101rtikas inspekcija:<br \/>\nSteglitz veterin\u0101rais birojs<br \/>\nK\u00f6nigin-Luise-Str. 92<br \/>\n14195 Berl\u012bne<\/p>","protected":false},"excerpt":{"rendered":"<p>Izm\u0113rs: M<\/p>","protected":false},"featured_media":7115,"comment_status":"open","ping_status":"closed","template":"","meta":{"_acf_changed":false,"content-type":"","_monsterinsights_skip_tracking":false,"_monsterinsights_sitenote_active":false,"_monsterinsights_sitenote_note":"","_monsterinsights_sitenote_category":0},"product_brand":[],"product_cat":[355,73,78],"product_tag":[],"class_list":{"0":"post-5380","1":"product","2":"type-product","3":"status-publish","4":"has-post-thumbnail","6":"product_cat-bundle-offers","7":"product_cat-starter-sets","8":"product_cat-starter-sets-combi","10":"first","11":"instock","12":"taxable","13":"shipping-taxable","14":"purchasable","15":"product-type-simple"},"acf":[],"aioseo_notices":[],"jetpack_sharing_enabled":true,"_links":{"self":[{"href":"https:\/\/antcube.shop\/lv\/wp-json\/wp\/v2\/product\/5380","targetHints":{"allow":["GET"]}}],"collection":[{"href":"https:\/\/antcube.shop\/lv\/wp-json\/wp\/v2\/product"}],"about":[{"href":"https:\/\/antcube.shop\/lv\/wp-json\/wp\/v2\/types\/product"}],"replies":[{"embeddable":true,"href":"https:\/\/antcube.shop\/lv\/wp-json\/wp\/v2\/comments?post=5380"}],"wp:featuredmedia":[{"embeddable":true,"href":"https:\/\/antcube.shop\/lv\/wp-json\/wp\/v2\/media\/7115"}],"wp:attachment":[{"href":"https:\/\/antcube.shop\/lv\/wp-json\/wp\/v2\/media?parent=5380"}],"wp:term":[{"taxonomy":"product_brand","embeddable":true,"href":"https:\/\/antcube.shop\/lv\/wp-json\/wp\/v2\/product_brand?post=5380"},{"taxonomy":"product_cat","embeddable":true,"href":"https:\/\/antcube.shop\/lv\/wp-json\/wp\/v2\/product_cat?post=5380"},{"taxonomy":"product_tag","embeddable":true,"href":"https:\/\/antcube.shop\/lv\/wp-json\/wp\/v2\/product_tag?post=5380"}],"curies":[{"name":"wp","href":"https:\/\/api.w.org\/{rel}","templated":true}]}}