{"id":5378,"date":"2023-02-01T17:48:16","date_gmt":"2023-02-01T16:48:16","guid":{"rendered":"https:\/\/antcube.shop\/produkt\/honigtau-mix-in-2ml-futterrohrchen-10-st\/"},"modified":"2026-03-30T19:04:28","modified_gmt":"2026-03-30T17:04:28","slug":"medus-rasas-maisijums-2ml-barosanas-megenes","status":"publish","type":"product","link":"https:\/\/antcube.shop\/lv\/products\/medus-rasas-maisijums-2ml-barosanas-megenes\/","title":{"rendered":"Medalus mais\u012bjums 2ml barotav\u0101s - 10 gab."},"content":{"rendered":"<p><strong>Saturs:<\/strong> 10x 2 ml<\/p>\n<p>Tas ir dab\u012bgs produkts, ko p\u0113c pla\u0161iem testiem laboratorij\u0101 esam pilnveidoju\u0161i un izveidoju\u0161i par bar\u012bbu, ko skudras \u013coti labi pie\u0146em. Iemesls ir t\u0101ds, ka neapstr\u0101d\u0101tu medus rasas medu t\u0101 koncentr\u0113taj\u0101 s\u0101kotn\u0113j\u0101 form\u0101 skudras un to vielmai\u0146a slikti pie\u0146em.<\/p>\n<p>M\u016bsu medus rasa tika iev\u0101kta Bulg\u0101rijas nepies\u0101r\u0146otajos savva\u013cas kalnu me\u017eos. Medus rasas veido\u0161an\u0101s laiks ir \u013coti ierobe\u017eots - aptuveni divi m\u0113ne\u0161i vasar\u0101. T\u0101p\u0113c tas ir \u013coti reti sastopams. Pateicoties me\u017eu augsnes un klimata \u012bpatn\u012bb\u0101m, koku lap\u0101s ir uzkr\u0101ju\u0161\u0101s eksistenci\u0101li svar\u012bgas bar\u012bbas vielas, ko absorb\u0113 odi. T\u0101p\u0113c \u0161is medusrasas mais\u012bjums ir tik \u013coti v\u0113lams skudr\u0101m.<\/p>\n<p><strong>Pieteikums:<\/strong><br \/>\nBaro\u0161anas caurul\u012bti var ievietot formik\u0101rij\u0101 veselu, vai ar\u012b p\u0113c vajadz\u012bbas\/atbilsto\u0161i kolonijas lielumam pievienot maz\u0101ku daudzumu barotav\u0101. Bar\u012bbas daudzumam j\u0101b\u016bt pat\u0113r\u0113tam aptuveni 3 dienu laik\u0101.<\/p>\n<p><strong>Apraksts:<\/strong><br \/>\nMedusrasu at\u0161\u0137ir\u012bb\u0101 no ziedu medus ieg\u016bst no augu s\u016bc\u0113ju kukai\u0146u, piem\u0113ram, laputu, izdal\u012bjumiem. Medusrasa ir iecien\u012bts daudzu kukai\u0146u, piem\u0113ram, skudru, bi\u0161u un pat kamie\u013cu, bar\u012bbas avots. Bites un kamenes to laiza no da\u017e\u0101du koku lap\u0101m vai skujas. Skudras, piem\u0113ram, Lasius niger, regul\u0101ri uztur laputis. T\u0101s pat aizst\u0101v t\u0101s pret pl\u0113s\u0113jiem un p\u0101rnes uz svaigiem dzinumiem.<\/p>\n<p>Medusrasu iecien\u012bju\u0161as skudras galvenok\u0101rt t\u0101s nedaudz at\u0161\u0137ir\u012bgo sast\u0101vda\u013cu d\u0113\u013c. Galvenie medusrasas cukuri ir saharoze un fruktoze, bet maz\u0101k\u0101 daudzum\u0101 ir ar\u012b maltoze, trehalozi, melezitoze, rafinozi un citi oligosahar\u012bdi. Papildus cukuriem un \u016bdenim medus rasas sast\u0101v\u0101 ir ar\u012b eksistenci\u0101li svar\u012bgas aminosk\u0101bes, miner\u0101lvielas, mikroelementi, adenoz\u012bnfosf\u0101ti un citas sast\u0101vda\u013cas, piem\u0113ram, vitam\u012bni.<\/p>\n<p><strong>Izmanto\u0161ana:<\/strong><br \/>\nMedus\u0113d\u0101ju skudru sug\u0101m (Meliphagidae).<br \/>\nT\u0101 ir papildbar\u012bba (vienreiz\u0113j\u0101 bar\u012bba).<br \/>\nTo var pied\u0101v\u0101t dz\u012bvniekiem pieg\u0101d\u0101t\u0101 st\u0101vokl\u012b. T\u0101 k\u0101 mitrums samazina cukura koncentr\u0101ciju un s\u0101kas ferment\u0101cijas process, bar\u012bba j\u0101maina ik p\u0113c 3 dien\u0101m. Pirms atk\u0101rtotas lieto\u0161anas r\u016bp\u012bgi izt\u012briet bar\u012bbas b\u013codu\/caurul\u012bti.<br \/>\nAtv\u0113rtu iepakojumu j\u0101lieto cie\u0161i nosl\u0113gtu l\u012bdz nor\u0101d\u012btajam (der\u012bguma termi\u0146am).<\/p>\n<p><strong>Uztura inform\u0101cija uz 100 g:<\/strong><br \/>\naptuveni 2,7 % tauku<br \/>\nno t\u0101 pies\u0101tin\u0101ts aptuveni 0,45 %<br \/>\naptuveni 95 % og\u013chidr\u0101ti<br \/>\nno kuriem cukurs ir aptuveni. 71%<br \/>\naptuveni 2,85% prote\u012bns<\/p>\n<p>miner\u0101lvielas (k\u0101lijs, kalcijs, var\u0161, dzelzs, n\u0101trijs, magnijs, fosfors, cinks un citi mikroelementi). Aminosk\u0101bes (prol\u012bns, leic\u012bns, fenilalan\u012bns, alan\u012bns, histid\u012bns, izoleic\u012bns, glutam\u012bnsk\u0101be, argin\u012bns, asparag\u012bnsk\u0101be u. c.) Organisk\u0101s sk\u0101bes Fermenti (fermenti) Aromatiz\u0113t\u0101ji Inhib\u012bni (antibakteri\u0101las vielas) Ziedi Putek\u0161\u0146i<\/p>\n<p><strong>Uzglab\u0101\u0161ana:<\/strong><br \/>\nlai nodro\u0161in\u0101tu bar\u012bbas kvalit\u0101ti, t\u0101 j\u0101uzglab\u0101 tum\u0161\u0101 un saus\u0101 viet\u0101.<\/p>\n<p><strong>Pazi\u0146ojums:<\/strong><br \/>\nInform\u0101cija par baro\u0161anas caurul\u012b\u0161u lieto\u0161anu ir atrodama \u0161eit: Saite .<br \/>\nPapildu bar\u012bba medus\u0113d\u012bgaj\u0101m skudr\u0101m.<br \/>\nSast\u0101vs, anal\u012btisk\u0101s sast\u0101vda\u013cas, der\u012bguma termi\u0146\u0161 un partijas numurs ir nor\u0101d\u012bts iepakojuma pam\u0101c\u012bb\u0101.<\/p>\n<p>Inform\u0101cijas t\u0101lrunis +49 30 439703870<\/p>\n<p><strong>Atbild\u012bg\u0101 veterin\u0101r\u0101 un p\u0101rtikas uzraudz\u012bbas iest\u0101de:<\/strong><br \/>\nSteglitz veterin\u0101rais birojs<br \/>\nK\u00f6nigin-Luise-Str. 92<br \/>\n14195 Berl\u012bne<\/p>\n<p>&nbsp;<\/p>\n<div style=\"width: 1020px;\" class=\"wp-video\"><video class=\"wp-video-shortcode\" id=\"video-5378-1\" width=\"1020\" height=\"1813\" preload=\"metadata\" controls=\"controls\"><source type=\"video\/mp4\" src=\"https:\/\/antcube.shop\/wp-content\/uploads\/2024\/04\/black-ant_ein-shot_aphids-.mp4?_=1\" \/><a href=\"https:\/\/antcube.shop\/wp-content\/uploads\/2024\/04\/black-ant_ein-shot_aphids-.mp4\">https:\/\/antcube.shop\/wp-content\/uploads\/2024\/04\/black-ant_ein-shot_aphids-.mp4<\/a><\/video><\/div>","protected":false},"excerpt":{"rendered":"<p>Papildu p\u0101rtika<\/p>","protected":false},"featured_media":5385,"comment_status":"open","ping_status":"closed","template":"","meta":{"_acf_changed":false,"content-type":"","_monsterinsights_skip_tracking":false,"_monsterinsights_sitenote_active":false,"_monsterinsights_sitenote_note":"","_monsterinsights_sitenote_category":0},"product_brand":[],"product_cat":[257,115,116],"product_tag":[],"class_list":{"0":"post-5378","1":"product","2":"type-product","3":"status-publish","4":"has-post-thumbnail","6":"product_cat-new-innovatve-products","7":"product_cat-food-and-feeding","8":"product_cat-food","10":"first","11":"instock","12":"taxable","13":"shipping-taxable","14":"purchasable","15":"product-type-simple"},"acf":[],"aioseo_notices":[],"jetpack_sharing_enabled":true,"_links":{"self":[{"href":"https:\/\/antcube.shop\/lv\/wp-json\/wp\/v2\/product\/5378","targetHints":{"allow":["GET"]}}],"collection":[{"href":"https:\/\/antcube.shop\/lv\/wp-json\/wp\/v2\/product"}],"about":[{"href":"https:\/\/antcube.shop\/lv\/wp-json\/wp\/v2\/types\/product"}],"replies":[{"embeddable":true,"href":"https:\/\/antcube.shop\/lv\/wp-json\/wp\/v2\/comments?post=5378"}],"wp:featuredmedia":[{"embeddable":true,"href":"https:\/\/antcube.shop\/lv\/wp-json\/wp\/v2\/media\/5385"}],"wp:attachment":[{"href":"https:\/\/antcube.shop\/lv\/wp-json\/wp\/v2\/media?parent=5378"}],"wp:term":[{"taxonomy":"product_brand","embeddable":true,"href":"https:\/\/antcube.shop\/lv\/wp-json\/wp\/v2\/product_brand?post=5378"},{"taxonomy":"product_cat","embeddable":true,"href":"https:\/\/antcube.shop\/lv\/wp-json\/wp\/v2\/product_cat?post=5378"},{"taxonomy":"product_tag","embeddable":true,"href":"https:\/\/antcube.shop\/lv\/wp-json\/wp\/v2\/product_tag?post=5378"}],"curies":[{"name":"wp","href":"https:\/\/api.w.org\/{rel}","templated":true}]}}