{"id":5347,"date":"2023-01-17T17:36:25","date_gmt":"2023-01-17T16:36:25","guid":{"rendered":"https:\/\/antcube.shop\/produkt\/bundle-offer-messor-barbarus\/"},"modified":"2026-04-13T09:28:50","modified_gmt":"2026-04-13T07:28:50","slug":"komplekts-piedavajums-messor-barbarus","status":"publish","type":"product","link":"https:\/\/antcube.shop\/lv\/products\/komplekts-piedavajums-messor-barbarus\/","title":{"rendered":"Komplekta pied\u0101v\u0101jums - Messor barbarus"},"content":{"rendered":"<p><span data-text-color=\"secondary\"><strong>Komplekt\u0101 ietilpst Messor barbarus skudru kolonija (karaliene + 11-25 str\u0101dnieces + mazu\u013ci), Messor sugas starta komplekts ar 3x formik\u0101rija pakl\u0101ji\u0146iem un burci\u0146a ar m\u016bsu \u012bpa\u0161ajiem veseliem blan\u0161\u0113tiem c\u012brul\u012b\u0161iem 10g (mitrs prote\u012bns).<\/strong><\/span><\/p>\n<p><span data-text-color=\"alert\"><strong>Tikai l\u012bdz kr\u0101jumu beig\u0101m.<\/strong><\/span><\/p>\n<p><strong>Viss, kas nepiecie\u0161ams Messor barbarus skudru kolonijai<\/strong><br \/>\n\u0160aj\u0101 komplekt\u0101 ir viss nepiecie\u0161amais, lai veiksm\u012bgi izveidotu Messor barbarus koloniju pirmajos m\u0113ne\u0161os. Tas ir elast\u012bgi papla\u0161in\u0101ms un \u012bpa\u0161i piem\u0113rots ies\u0101c\u0113jiem skudru audz\u0113\u0161an\u0101.<\/p>\n<p><strong>Messor barbarus skudru suga:<\/strong><br \/>\nMessor barbarus ir izteikti graud\u0113d\u0101ju (graud\u0113d\u0101ju) skudru suga no Vidusj\u016bras re\u0123iona. T\u0101 pieder pie t\u0101 sauktaj\u0101m kombainu skudr\u0101m un ir viena no s\u0101kuma l\u012bme\u0146a sug\u0101m skudru audz\u0113t\u0101jiem, jo t\u0101s pras\u012bbas attiec\u012bb\u0101 uz klimatu un bar\u012bbu ir sal\u012bdzino\u0161i vienk\u0101r\u0161as. Pateicoties t\u0101s kr\u0101sai un mazo, vid\u0113jo un lielo str\u0101dnieku (maz\u0101ku un liel\u0101ku) veido\u0161anai, to ir \u013coti aizraujo\u0161i v\u0113rot.<\/p>\n<p><strong>Barbera Messor barbarus bar\u012bba<\/strong><br \/>\nSavva\u013c\u0101 Messor barbarus galvenok\u0101rt \u0113d graudus, no kuriem gatavo \"skudru maizi\", bet labpr\u0101t \u0113d ar\u012b saldus aug\u013cus un beigtus kukai\u0146us. Messor barbarus lielu da\u013cu mitruma vajadz\u012bbu apmierina ar graudiem, bet p\u0101r\u0113jo - ar kukai\u0146iem. Formik\u0101rij\u0101 var dot graudus un, ja nepiecie\u0161ams, medu, prote\u012bnu bar\u012bbu, \u013coti s\u012bkus kukai\u0146us vai \u017eeleju. Medus \u016bdeni pie\u0146em tikai tad, ja tr\u016bkst \u0161\u0137idruma. T\u0101 k\u0101 Messor sugas m\u0113dz ienirt atkl\u0101tos \u016bdens avotos, tie vienm\u0113r j\u0101nosedz ar akme\u0146iem vai absorb\u0113jo\u0161u kokvilnu.<\/p>\n<p>Messor barbarus ziemas gu\u013cas no aptuveni novembra beig\u0101m l\u012bdz febru\u0101ra beig\u0101m. Tom\u0113r at\u0161\u0137ir\u012bb\u0101, piem\u0113ram, no Lasius niger, \u0161is periods ir iev\u0113rojami samazin\u0101ta aktivit\u0101te. Hibern\u0101cijas periodam j\u0101notiek aptuveni 15 \u00b0C temperat\u016br\u0101, jo Messor barbarus izcelsmes re\u0123ionos temperat\u016bra pat ziem\u0101 \u013coti reti ir zem\u0101ka. \u0160im nol\u016bkam skudras var vienk\u0101r\u0161i novietot neapkurin\u0101m\u0101 telp\u0101. Ir ar\u012b zi\u0146ojumi no audz\u0113t\u0101jiem, kas audz\u0113 Messor barbarus bez ziemas miega. Tom\u0113r tas var sa\u012bsin\u0101t kolonijas dz\u012bves ilgumu vai pal\u0113nin\u0101t mazu\u013cu att\u012bst\u012bbu. Hibern\u0101cijas laik\u0101 dz\u012bvnieki j\u0101baro tikai nedaudz. Tom\u0113r regul\u0101ri j\u0101p\u0101rbauda mitrums un j\u0101uzman\u0101s no pel\u0113juma!<\/p>\n<p><strong>Formik\u0101rijs Messor barbarus<\/strong><br \/>\nSkudr\u0101m, kas v\u0101c ra\u017eu, ir vajadz\u012bga nedaudz mitra ligzdas vieta, kur iz\u0161\u0137ilties, un sausa ligzdas vieta, kur glab\u0101t sav\u0101ktos graudus (sausa, lai nov\u0113rstu pel\u0113juma veido\u0161anos). Vislab\u0101k tas izdodas ar div\u0101m atsevi\u0161\u0137\u0101m ligzd\u0101m, kas ir iek\u013cautas m\u016bsu starta komplekt\u0101. Tas kalpos vismaz 1-2 gadus. P\u0113c tam gan ligzdas, gan ar\u0113nas plat\u012bbas ir j\u0101papla\u0161ina.<\/p>\n<p><strong>Messor barbarus optim\u0101lie klimatiskie apst\u0101k\u013ci ir \u0161\u0101di:<\/strong><br \/>\nMitrums:<br \/>\nAr\u0113na: 30 - 50% Ligzdas plat\u012bba: 50 - 70%<br \/>\nTemperat\u016bra:<br \/>\nAr\u0113na: 25 - 30\u00b0C Ligzdas zona: 21 - 26\u00b0C<\/p>\n<p>M\u016bsu Digfix ir vispiem\u0113rot\u0101kais materi\u0101ls ligzdo\u0161anai. Tas ir \u013coti notur\u012bgs pret mitrumu un nodro\u0161ina, ka skatam uz ligzdu, t\u0101s iek\u0161ien\u0113 eso\u0161aj\u0101m kamer\u0101m un ej\u0101m netrauc\u0113 substr\u0101ta atliekas, k\u0101 tas ir ar smil\u0161m\u0101la mais\u012bjumiem. Pateicoties sp\u0113c\u012bgajiem \u017eok\u013ciem, majoru str\u0101dnieki laika gait\u0101 bez probl\u0113m\u0101m var ap\u0113st ar\u012b Ytong. T\u0101p\u0113c stikla ligzdas ar Digfix ielikt\u0146iem ir lab\u0101kais un dro\u0161\u0101kais veids, k\u0101 tur\u0113t Messor angularis.<\/p>\n<p><strong>Saturs:<\/strong><\/p>\n<p>1x Messor barbarus (m\u0101t\u012bte + 11-25 str\u0101dnieki + mazu\u013ci)<br \/>\n1x Cricket Jam 25g<br \/>\n1x Graudu p\u0101rtika minor 100g<br \/>\n1x pad for formicariums &#8211; 20x20cm<br \/>\n2x pad for formicariums &#8211; 20x6cm<\/p>\n<p>1x ANTCUBE - ar\u0113na 20x20x10 - plakana<br \/>\n1x skudru ar\u0113nas r\u0101mis 20\u00d720<br \/>\n1x skudru ar\u0113nas v\u0101ks 20\u00d720<br \/>\n4x ar\u0113nas v\u0101ka stiprin\u0101juma punkts<br \/>\n2x ANTCUBE - skudru ferma - L - 20\u00d720 - vertik\u0101l\u0101 st\u0101vokl\u012b<\/p>\n<p>2x ANTCUBE - Digfix plate 20\u00d720 - M<br \/>\n1x 1 m caursp\u012bd\u012bga caurule 14\/10 mm<br \/>\n2x ANTCUBE - Sarkana folija 20\u00d720 - filtrs<br \/>\n2x l\u012bmsp\u012bles - caursp\u012bd\u012bgas 2 gab.<br \/>\n1x substr\u0101ts - tuksnesis - 1 kg<\/p>\n<p>2x grid insert &#8211; 50mm<br \/>\n1x grid insert &#8211; 27mm<br \/>\n1x re\u017e\u0123a v\u0101ci\u0146\u0161 - 10 mm - ner\u016bs\u0113jo\u0161ais t\u0113rauds<\/p>\n<p>1x tvertnes \u0161\u013c\u016btenes savienot\u0101js 27-14,16,20 mm - caursp\u012bd\u012bgs<br \/>\n1x drinking clear 5ml &#8211; sponge<br \/>\n1x Feeding dish white rectangle &#8211; 3 compartments<br \/>\n1x Foil thermometer display<br \/>\n2x Foil thermometer farm<br \/>\n1x E\u013c\u013ca aizsardz\u012bbai pret skudru izb\u0113g\u0161anu 10ml<br \/>\n1x Pincete atsperu t\u0113rauda - plata - m\u012bksta<br \/>\n1x Pincete plastmasas caursp\u012bd\u012bga<br \/>\n1x plastmasas pipete 3ml<br \/>\n1x rokas lupa - 2x - 30 mm<br \/>\n1x putu t\u012br\u012bt\u0101js 150x18x2,5mm<br \/>\n1x foto mugura - tuksnesis - 20\u00d710<\/p>\n<p><strong>Apraksts S\u0101kuma komplekts:<\/strong><br \/>\n\u0160is s\u0101kuma komplekts ir \u012bpa\u0161i piem\u0113rots da\u017e\u0101d\u0101m Messor \u0123ints sug\u0101m. Viena no div\u0101m saimniec\u012bb\u0101m ir paredz\u0113ta s\u0113klu un skudru maizes uzglab\u0101\u0161anai, t\u0101p\u0113c t\u0101 ir j\u0101uztur piln\u012bgi saus\u0101 viet\u0101, lai skudras nov\u0113rstu tur uzglab\u0101to s\u0113klu\/graudu d\u012bg\u0161anu vai sapel\u0113\u0161anu.<br \/>\n\"Digfix pl\u0101ksnes\" var ievietot piln\u012bb\u0101 caursp\u012bd\u012bg\u0101s ferm\u0101s. Tom\u0113r k\u0101 alternat\u012bvu var izmantot ar\u012b \"Augsnes - tuksnesis\", lai aizpild\u012btu fermas. Ja nepiecie\u0161ams, caur 50 mm caurumiem v\u0101k\u0101 var pievienot papildu modu\u013cus, piem\u0113ram, atsevi\u0161\u0137i pieejamos miglot\u0101jus, ventilatorus vai apgaismojumu. Alternat\u012bvi, pieg\u0101des komplekt\u0101cij\u0101 ir iek\u013cauti piem\u0113roti re\u017e\u0123u ielikt\u0146i atveru aizv\u0113r\u0161anai. Ja ir v\u0113l\u0113\u0161an\u0101s, formik\u0101riju var darbin\u0101t ar\u012b atv\u0113rtu, vienk\u0101r\u0161i piestiprinot no\u0146emamo r\u0101mi un uz malas uzkl\u0101jot e\u013c\u013cu aizsardz\u012bbai pret skudru izk\u013c\u016b\u0161anu.<\/p>\n<p><strong>Svar\u012bgi:<\/strong> Pirms lieto\u0161anas samitriniet substr\u0101tu, lai mais\u012bjums var\u0113tu saist\u012bties un nostiprin\u0101ties skudru ferm\u0101. Turkl\u0101t, ja substr\u0101ts ir p\u0101r\u0101k sauss un putek\u013cains, skudru elpce\u013ci var tikt aizsprostoti un slikt\u0101kaj\u0101 gad\u012bjum\u0101 dz\u012bvnieki var aizdusa.<\/p>\n<p><strong>Ieteikums:<\/strong> M\u0113s iesak\u0101m izmantot 2 mm augstu substr\u0101ta sl\u0101ni, lai dz\u012bvnieki nevar\u0113tu ierakt ar\u0113n\u0101 un t\u0101 viet\u0101 izmantotu \u0161im nol\u016bkam paredz\u0113to fermu. M\u0113s ar\u012b iesak\u0101m, lai ligzdu materi\u0101ls ferm\u0101 (smiltis\/m\u0101ls, Digfix u. c.) b\u016btu viegli uzb\u0113rts vien\u0101 viet\u0101, lai dz\u012bvniekiem b\u016btu viegl\u0101k rakt.<\/p>\n<p><strong>Piez\u012bmes par ra\u017eo\u0161anu<\/strong><br \/>\nStikls tiek griezts saska\u0146\u0101 ar DIN 1249 ar pielaidi +\/;- 1 mm. \u012apa\u0161i maz\u0101m skudru sug\u0101m ir nepiecie\u0161ama papildu aizsardz\u012bba pret skudru izb\u0113g\u0161anu.<\/p>\n<p><strong>Piez\u012bmes par saimniec\u012bbu<\/strong><br \/>\nPievienojot vai atvienojot \u0161\u013c\u016btenes, \u0146emiet v\u0113r\u0101 \u0161\u0101dus nor\u0101d\u012bjumus:<br \/>\nJa caurul\u012bti ir \u013coti gr\u016bti ievietot savienojuma ligzd\u0101, ligzda ir viegli j\u0101noberz\u0113 ar pilienu m\u016bsu e\u013c\u013cas vai pulvera aizsardz\u012bbai pret izlau\u0161anos. P\u0113c tam \u0161\u013c\u016btene j\u0101uzstumj uz savienojuma ligzdas, veicot pagrie\u017eamas vai skr\u016bv\u0113jamas kust\u012bbas, nesasprindzinot ligzdu ar kust\u012bb\u0101m uz aug\u0161u un uz leju. Tas pats attiecas ar\u012b uz \u0161\u013c\u016bte\u0146u no\u0146em\u0161anu no saimniec\u012bbas savienojuma ligzdas. L\u016bdzu, vienk\u0101r\u0161i neno\u0146emiet to!<\/p>\n<p><strong>Piez\u012bme par Digfix:<\/strong> Dabisk\u0101 kr\u0101sa var b\u016bt no za\u013cas\/pel\u0113ki br\u016bnas l\u012bdz zemes br\u016bnai. Kr\u0101sas tonis neietekm\u0113 kvalit\u0101ti.<\/p>\n<p><strong>Instrukcijas: <\/strong>(2023. gada versija, atjaunin\u0101t\u0101 2024. gada versija b\u016bs pieejama ne v\u0113l\u0101k k\u0101 04\/2024. gad\u0101)<br \/>\n<span data-sheets-root=\"1\" data-sheets-value=\"{&quot;1&quot;:2,&quot;2&quot;:&quot;DE Gebrauchsanweisung Starter Set Ernteameisen (PDF 2,50 MB)&quot;}\" data-sheets-userformat=\"{&quot;2&quot;:513,&quot;3&quot;:{&quot;1&quot;:0},&quot;12&quot;:0}\" data-sheets-hyperlink=\"https:\/\/www.antstore.net\/shop\/images\/info\/de\/Gebrauchsanweisung Starter Set Ernteameisen.pdf\" data-sheets-hyperlinkruns=\"{&quot;1&quot;:3,&quot;2&quot;:&quot;https:\/\/www.antstore.net\/shop\/images\/info\/de\/Gebrauchsanweisung Starter Set Ernteameisen.pdf&quot;}\uee10{&quot;1&quot;:46}\"><a class=\"in-cell-link\" href=\"https:\/\/www.antstore.net\/shop\/images\/info\/de\/Gebrauchsanweisung Starter Set Ernteameisen.pdf\" target=\"_blank\" rel=\"noopener\">- DE <\/a><a class=\"in-cell-link\" href=\"https:\/\/www.antstore.net\/shop\/images\/info\/de\/Gebrauchsanweisung Starter Set Ernteameisen.pdf\" target=\"_blank\" rel=\"noopener\">Gebrauchsanweisung Starter Set Ernteameisen<\/a><a class=\"in-cell-link\" href=\"https:\/\/www.antstore.net\/shop\/images\/info\/de\/Gebrauchsanweisung Starter Set Ernteameisen.pdf\" target=\"_blank\" rel=\"noopener\"> (PDF 2,50 MB)<\/a><\/span><br \/>\n<a href=\"https:\/\/www.antstore.net\/shop\/images\/info\/en\/Instructions%20for%20use%20-%20Starter%20Set%20for%20Harvester%20Ants.pdf\">- LV Lieto\u0161anas instrukcija - S\u0101kuma komplekts skudrul\u012b\u0161iem (PDF 2,50 MB)<\/a><br \/>\n<a href=\"https:\/\/www.antstore.net\/shop\/images\/info\/es\/Manual%20de%20instrucciones%20-%20Set%20de%20inicio%20para%20las%20hormigas%20de%20la%20cosecha%20_%20messor.pdf\">- ES Manual de instrucciones - Set de inicio para las hormigas de la cosecha _ messor (PDF 2,50 MB)<\/a><br \/>\n<a href=\"https:\/\/www.antstore.net\/shop\/images\/info\/fr\/Manuel%20d'instruction%20-%20Kit%20de%20d%C3%A9marrage%20pour%20les%20fourmis%20moissonneuses_%20Messor.pdf\">- FR Manu\u0101ls ar instrukcij\u0101m - \u010cetru moissonnu putnu nostiprin\u0101\u0161anas komplekts_ Messor (PDF 2,50 MB)<\/a><\/p>\n<p><strong>Piez\u012bmes par kriketa iev\u0101r\u012bjumu:<\/strong><br \/>\nM\u016bsu blan\u0161\u0113tie cvingri ir vienk\u0101r\u0161s veids, k\u0101 nodro\u0161in\u0101t skudras ar svaigi konserv\u0113tu prote\u012bnu bar\u012bbu, nebarojot dz\u012bvus kukai\u0146us. Sast\u0101v\u0101 eso\u0161ie c\u012brusi (Acheta domesticus) ir saudz\u012bgi blan\u0161\u0113ti, lai nodro\u0161in\u0101tu uzturv\u0113rt\u012bbas, gar\u0161as un arom\u0101ta saglab\u0101\u0161anu. Turkl\u0101t \u0161\u0101d\u0101 veid\u0101 tiek m\u012bkstin\u0101ts kukai\u0146u hit\u012bna apvalks, lai tas b\u016btu viegl\u0101k sagremojams. Kolag\u0113na olbaltumvielu saites tiek sa\u0161\u0137eltas, lai skudras var\u0113tu t\u0101s lab\u0101k izmantot. Konserv\u0113tu Acheta domesticus konservu uzturv\u0113rt\u012bba ir t\u0101da pati k\u0101 dz\u012bviem c\u012brul\u012b\u0161iem, bet tie ir viegl\u0101k sagremojami.<\/p>\n<p>Cricket Jam nav piem\u0113rots t\u0101du skudru sugu med\u012bb\u0101m, kur\u0101m nepiecie\u0161ama dz\u012bva bar\u012bba (piem\u0113ram, poner\u012bni (liel\u0101s skudras), piem\u0113ram, Harpegnathos vai Odontomachus).<\/p>\n<p><strong>Papildu priek\u0161roc\u012bbas:<\/strong><br \/>\nGarant\u0113ti bez \u0113rc\u0113m<br \/>\nVar sadal\u012bt porcij\u0101s un at\u0161\u0137aid\u012bt ar \u016bdeni<br \/>\nSteriliz\u0113ts un iepakots vakuum\u0101<br \/>\nBez piedev\u0101m<br \/>\nVitikul\u012b\u0161i, kas ieg\u016bti ilgtsp\u0113j\u012bg\u0101, t\u012bri biolo\u0123isk\u0101 audz\u0113\u0161an\u0101 un baroti ar biolo\u0123iskiem atkritumiem.<\/p>\n<p><strong>Piez\u012bme:<\/strong><br \/>\nP\u0113c atv\u0113r\u0161anas var uzglab\u0101t ledusskap\u012b apm\u0113ram \u010detras dienas. Ilg\u0101ks der\u012bguma termi\u0146\u0161, ja sasald\u0113.<br \/>\n<strong>Uzman\u012bbu:<\/strong> Vispirms sagrieziet porcij\u0101s, p\u0113c tam sasald\u0113jiet.<\/p>","protected":false},"excerpt":{"rendered":"<p>Komplekt\u0101 ir 39 da\u013cas<br \/>\nIzm\u0113rs: M<\/p>","protected":false},"featured_media":7113,"comment_status":"open","ping_status":"closed","template":"","meta":{"_acf_changed":false,"content-type":"","_monsterinsights_skip_tracking":false,"_monsterinsights_sitenote_active":false,"_monsterinsights_sitenote_note":"","_monsterinsights_sitenote_category":0},"product_brand":[],"product_cat":[355,353,73],"product_tag":[],"class_list":{"0":"post-5347","1":"product","2":"type-product","3":"status-publish","4":"has-post-thumbnail","6":"product_cat-bundle-offers","7":"product_cat-starter-sets-for-harvester-ants","8":"product_cat-starter-sets","10":"first","11":"outofstock","12":"taxable","13":"shipping-taxable","14":"purchasable","15":"product-type-simple"},"acf":[],"aioseo_notices":[],"jetpack_sharing_enabled":true,"_links":{"self":[{"href":"https:\/\/antcube.shop\/lv\/wp-json\/wp\/v2\/product\/5347","targetHints":{"allow":["GET"]}}],"collection":[{"href":"https:\/\/antcube.shop\/lv\/wp-json\/wp\/v2\/product"}],"about":[{"href":"https:\/\/antcube.shop\/lv\/wp-json\/wp\/v2\/types\/product"}],"replies":[{"embeddable":true,"href":"https:\/\/antcube.shop\/lv\/wp-json\/wp\/v2\/comments?post=5347"}],"wp:featuredmedia":[{"embeddable":true,"href":"https:\/\/antcube.shop\/lv\/wp-json\/wp\/v2\/media\/7113"}],"wp:attachment":[{"href":"https:\/\/antcube.shop\/lv\/wp-json\/wp\/v2\/media?parent=5347"}],"wp:term":[{"taxonomy":"product_brand","embeddable":true,"href":"https:\/\/antcube.shop\/lv\/wp-json\/wp\/v2\/product_brand?post=5347"},{"taxonomy":"product_cat","embeddable":true,"href":"https:\/\/antcube.shop\/lv\/wp-json\/wp\/v2\/product_cat?post=5347"},{"taxonomy":"product_tag","embeddable":true,"href":"https:\/\/antcube.shop\/lv\/wp-json\/wp\/v2\/product_tag?post=5347"}],"curies":[{"name":"wp","href":"https:\/\/api.w.org\/{rel}","templated":true}]}}