{"id":4873,"date":"2022-12-07T14:03:10","date_gmt":"2022-12-07T13:03:10","guid":{"rendered":"https:\/\/antcube.shop\/produkt\/combi-balkon\/"},"modified":"2026-04-20T09:57:29","modified_gmt":"2026-04-20T07:57:29","slug":"kombinetais-balkons","status":"publish","type":"product","link":"https:\/\/antcube.shop\/lv\/products\/kombinetais-balkons\/","title":{"rendered":"Kombi - balkons"},"content":{"rendered":"<p style=\"margin-bottom: 0cm;\"><strong>Izm\u0113ri:<\/strong> 19x6x8 cm<\/p>\n<p><strong>Materi\u0101ls:<\/strong> PMMA<\/p>\n<p><strong>Kr\u0101sa:<\/strong> krist\u0101ldzidrs, caursp\u012bd\u012bgs, caursp\u012bd\u012bgs<\/p>\n<p><strong>Saturs:<\/strong><br \/>\n1x pamatpl\u0101ksne<br \/>\n2x tur\u0113t\u0101ja kron\u0161teins<br \/>\n1x \u0161aura rampa (maz\u0101m skudr\u0101m)<br \/>\n1x plata rampa (liel\u0101m skudr\u0101m)<\/p>\n<p><strong>Piez\u012bme:<\/strong> Deta\u013cas tiek pieg\u0101d\u0101tas k\u0101 komplekts vai pievienojama sist\u0113ma. L\u012bm\u0113\u0161ana nav nepiecie\u0161ama.<\/p>\n<p><strong>Savienojums:<\/strong><br \/>\nVar piesl\u0113gt vis\u0101m Combi ar\u0113n\u0101m 20x20x20 cm S, M, L.<\/p>\n<p><strong>Apraksts:<\/strong> Combi-Balcony ir vienk\u0101r\u0161i savienojams ar eso\u0161o Arena Combi. Balkons kalpo k\u0101 ar\u0113nas pagarin\u0101jums un atvieglo skudr\u0101m uzk\u0101pt vai nok\u0101pt no ar\u0113nas aug\u0161\u0113j\u0101s ligzdas zonas. Neliel\u0101m skudru sug\u0101m, piem\u0113ram, Lasius niger, ir \u0161aurs k\u0101p\u0161anas pal\u012bgl\u012bdzeklis, bet t\u0101d\u0101m sug\u0101m k\u0101 Camponotus - plat\u0101ks. Paaugstin\u0101to platformu var izmantot k\u0101 barotavu, kur novietot b\u013codas vai dzirdin\u0101tavas. T\u0101 atvieglo kop\u0161anas un uztur\u0113\u0161anas darbus, jo atrodas tuvu aug\u0161\u0113jai atverei, un saglab\u0101 apak\u0161\u0113jo substr\u0101tu br\u012bvu no bar\u012bbas atliek\u0101m. Pateicoties caursp\u012bd\u012bgajam materi\u0101lam, Combi Balcony lieliski iek\u013caujas Combi Arena, neaizsedzot skatu uz ligzdas zonu, un to ir ar\u012b viegli t\u012br\u012bt.<\/p>\n<p style=\"margin-bottom: 0cm;\">","protected":false},"excerpt":{"rendered":"<p>Izm\u0113ri: Izm\u0113ri: 19x6x8 cm Materi\u0101ls: Materi\u0101ls: PMMA Kr\u0101sa: krist\u0101ldzidra, caursp\u012bd\u012bga, caursp\u012bd\u012bga Sast\u0101vs: Sast\u0101vs: 1x pamatpl\u0101ksne 2x tur\u0113t\u0101ja kron\u0161teins 1x rampa \u0161aura (maz\u0101m skudr\u0101m) 1x rampa plata (liel\u0101m skudr\u0101m) Piez\u012bme: Deta\u013cas tiek pieg\u0101d\u0101tas k\u0101 komplekts vai pievienojama sist\u0113ma. L\u012bm\u0113\u0161ana nav nepiecie\u0161ama. Savienojums: Var piesl\u0113gt vis\u0101m Combi ar\u0113n\u0101m 20x20x20 cm in","protected":false},"featured_media":4875,"comment_status":"open","ping_status":"closed","template":"","meta":{"_acf_changed":false,"content-type":"","_monsterinsights_skip_tracking":false,"_monsterinsights_sitenote_active":false,"_monsterinsights_sitenote_note":"","_monsterinsights_sitenote_category":0},"product_brand":[],"product_cat":[239],"product_tag":[],"class_list":{"0":"post-4873","1":"product","2":"type-product","3":"status-publish","4":"has-post-thumbnail","6":"product_cat-useful-additions","8":"first","9":"instock","10":"taxable","11":"shipping-taxable","12":"purchasable","13":"product-type-simple"},"acf":[],"aioseo_notices":[],"jetpack_sharing_enabled":true,"_links":{"self":[{"href":"https:\/\/antcube.shop\/lv\/wp-json\/wp\/v2\/product\/4873","targetHints":{"allow":["GET"]}}],"collection":[{"href":"https:\/\/antcube.shop\/lv\/wp-json\/wp\/v2\/product"}],"about":[{"href":"https:\/\/antcube.shop\/lv\/wp-json\/wp\/v2\/types\/product"}],"replies":[{"embeddable":true,"href":"https:\/\/antcube.shop\/lv\/wp-json\/wp\/v2\/comments?post=4873"}],"wp:featuredmedia":[{"embeddable":true,"href":"https:\/\/antcube.shop\/lv\/wp-json\/wp\/v2\/media\/4875"}],"wp:attachment":[{"href":"https:\/\/antcube.shop\/lv\/wp-json\/wp\/v2\/media?parent=4873"}],"wp:term":[{"taxonomy":"product_brand","embeddable":true,"href":"https:\/\/antcube.shop\/lv\/wp-json\/wp\/v2\/product_brand?post=4873"},{"taxonomy":"product_cat","embeddable":true,"href":"https:\/\/antcube.shop\/lv\/wp-json\/wp\/v2\/product_cat?post=4873"},{"taxonomy":"product_tag","embeddable":true,"href":"https:\/\/antcube.shop\/lv\/wp-json\/wp\/v2\/product_tag?post=4873"}],"curies":[{"name":"wp","href":"https:\/\/api.w.org\/{rel}","templated":true}]}}