{"id":4747,"date":"2022-11-14T15:08:27","date_gmt":"2022-11-14T14:08:27","guid":{"rendered":"https:\/\/antcube.shop\/produkt\/beckenverbinder-3-4-beidseitig-fur-bohrung-27-mm\/"},"modified":"2026-04-15T15:04:19","modified_gmt":"2026-04-15T13:04:19","slug":"beckenverbinder-3-4-beidseitig-fur-bohrung-27-mm","status":"publish","type":"product","link":"https:\/\/antcube.shop\/lv\/products\/beckenverbinder-3-4-beidseitig-fur-bohrung-27-mm\/","title":{"rendered":"Savienojums 3\/4\u2033 - ab\u0101s pus\u0113s ar diametru 27 mm"},"content":{"rendered":"<p><strong>Izm\u0113ri:<\/strong> urbumam 27 mm<\/p>\n<p><strong>Saturs:<\/strong> 1x skr\u016bv\u0113jams adapteris (<strong>UZMAN\u012aBU<\/strong>: V\u012bt\u0146griezes uzgrie\u017e\u0146i nav iek\u013cauti komplekt\u0101, skat. sada\u013c\u0101 \"Saist\u012btie produkti\").<\/p>\n<p><strong>Apraksts:<\/strong> Ar \u0161o baseina savienot\u0101ju var savienot divus baseinus vai ar\u012b divas XL izm\u0113ra fermas. Savienojamo tvert\u0146u atver\u0113m j\u0101b\u016bt vien\u0101d\u0101 augstum\u0101. Savienot\u0101ju ievieto caur katru no caurumiem un pieskr\u016bv\u0113 ar atsevi\u0161\u0137i pieejamo fiks\u0113jo\u0161o uzgriezni. T\u0101d\u0113j\u0101di savienojums ir dro\u0161s pret izlau\u0161anos un dro\u0161i turas ar\u012b tad, kad baseini tiek p\u0101rvietoti.<\/p>\n<p>&nbsp;<\/p>","protected":false},"excerpt":{"rendered":"<p>Izm\u0113ri: urbumam 27 mm Saturs: Sast\u0101vs: 1x skr\u016bv\u0113jams adapteris (UZMAN\u012aBU: uzgrie\u017e\u0146i nav iek\u013cauti komplekt\u0101, skat. sada\u013c\u0101 \"Saist\u012btie produkti\"). Apraksts: Ar \u0161o izlietnes savienot\u0101ju var savstarp\u0113ji savienot divas izlietnes vai ar\u012b divas XL izm\u0113ra fermas. Savienojamo tvert\u0146u atver\u0113m j\u0101b\u016bt vien\u0101d\u0101 augstum\u0101. .","protected":false},"featured_media":4755,"comment_status":"open","ping_status":"closed","template":"","meta":{"_acf_changed":false,"content-type":"","_monsterinsights_skip_tracking":false,"_monsterinsights_sitenote_active":false,"_monsterinsights_sitenote_note":"","_monsterinsights_sitenote_category":0},"product_brand":[],"product_cat":[121],"product_tag":[],"class_list":{"0":"post-4747","1":"product","2":"type-product","3":"status-publish","4":"has-post-thumbnail","6":"product_cat-connectors","8":"first","9":"instock","10":"taxable","11":"shipping-taxable","12":"purchasable","13":"product-type-simple"},"acf":[],"aioseo_notices":[],"jetpack_sharing_enabled":true,"_links":{"self":[{"href":"https:\/\/antcube.shop\/lv\/wp-json\/wp\/v2\/product\/4747","targetHints":{"allow":["GET"]}}],"collection":[{"href":"https:\/\/antcube.shop\/lv\/wp-json\/wp\/v2\/product"}],"about":[{"href":"https:\/\/antcube.shop\/lv\/wp-json\/wp\/v2\/types\/product"}],"replies":[{"embeddable":true,"href":"https:\/\/antcube.shop\/lv\/wp-json\/wp\/v2\/comments?post=4747"}],"wp:featuredmedia":[{"embeddable":true,"href":"https:\/\/antcube.shop\/lv\/wp-json\/wp\/v2\/media\/4755"}],"wp:attachment":[{"href":"https:\/\/antcube.shop\/lv\/wp-json\/wp\/v2\/media?parent=4747"}],"wp:term":[{"taxonomy":"product_brand","embeddable":true,"href":"https:\/\/antcube.shop\/lv\/wp-json\/wp\/v2\/product_brand?post=4747"},{"taxonomy":"product_cat","embeddable":true,"href":"https:\/\/antcube.shop\/lv\/wp-json\/wp\/v2\/product_cat?post=4747"},{"taxonomy":"product_tag","embeddable":true,"href":"https:\/\/antcube.shop\/lv\/wp-json\/wp\/v2\/product_tag?post=4747"}],"curies":[{"name":"wp","href":"https:\/\/api.w.org\/{rel}","templated":true}]}}