{"id":4738,"date":"2022-11-14T15:05:46","date_gmt":"2022-11-14T14:05:46","guid":{"rendered":"https:\/\/antcube.shop\/produkt\/formicariendichtung-3-4-zoll-transparent\/"},"modified":"2026-04-13T09:31:32","modified_gmt":"2026-04-13T07:31:32","slug":"formicariendichtung-3-4-zoll-transparent-2","status":"publish","type":"product","link":"https:\/\/antcube.shop\/lv\/products\/formicariendichtung-3-4-zoll-transparent-2\/","title":{"rendered":"Formik\u0101rija bl\u012bv\u0113jums 3\/4 collas - caursp\u012bd\u012bgs"},"content":{"rendered":"<p><strong>Saturs:<\/strong> 1x bl\u012bv\u0113juma gredzens<\/p>\n<p><strong>Kr\u0101sa:<\/strong> caursp\u012bd\u012bgs, pienains<\/p>\n<p><strong>Materi\u0101ls:<\/strong> PE plastmasa<\/p>\n<p><strong>Apraksts:<\/strong> Ar \u0161o bl\u012bvgredzenu, piem\u0113ram, atbilsto\u0161us skr\u016bvju savienojumus (3\/4\u2033) var ieskr\u016bv\u0113t lab\u0101k un stingr\u0101k.<br \/>\nAr to j\u016bs pasarg\u0101siet stiklu vai akrilu no skr\u0101p\u0113jumiem.<\/p>\n<p>&nbsp;<\/p>","protected":false},"excerpt":{"rendered":"<p>Saturs: Sast\u0101vs: 1x bl\u012bv\u0113juma gredzens Kr\u0101sa: caursp\u012bd\u012bga, pienaina Materi\u0101ls: Materi\u0101ls: PE plastmasa Apraksts: Ar \u0161o bl\u012bvgredzenu, piem\u0113ram, atbilsto\u0161us skr\u016bvju savienojumus (3\/4\") var lab\u0101k un stingr\u0101k pieskr\u016bv\u0113t. Ar to j\u016bs pasarg\u0101siet stiklu vai akrilu no skr\u0101p\u0113jumiem. &nbsp;<\/p>","protected":false},"featured_media":4787,"comment_status":"open","ping_status":"closed","template":"","meta":{"_acf_changed":false,"content-type":"","_monsterinsights_skip_tracking":false,"_monsterinsights_sitenote_active":false,"_monsterinsights_sitenote_note":"","_monsterinsights_sitenote_category":0},"product_brand":[],"product_cat":[121],"product_tag":[],"class_list":{"0":"post-4738","1":"product","2":"type-product","3":"status-publish","4":"has-post-thumbnail","6":"product_cat-connectors","8":"first","9":"instock","10":"taxable","11":"shipping-taxable","12":"purchasable","13":"product-type-simple"},"acf":[],"aioseo_notices":[],"jetpack_sharing_enabled":true,"_links":{"self":[{"href":"https:\/\/antcube.shop\/lv\/wp-json\/wp\/v2\/product\/4738","targetHints":{"allow":["GET"]}}],"collection":[{"href":"https:\/\/antcube.shop\/lv\/wp-json\/wp\/v2\/product"}],"about":[{"href":"https:\/\/antcube.shop\/lv\/wp-json\/wp\/v2\/types\/product"}],"replies":[{"embeddable":true,"href":"https:\/\/antcube.shop\/lv\/wp-json\/wp\/v2\/comments?post=4738"}],"wp:featuredmedia":[{"embeddable":true,"href":"https:\/\/antcube.shop\/lv\/wp-json\/wp\/v2\/media\/4787"}],"wp:attachment":[{"href":"https:\/\/antcube.shop\/lv\/wp-json\/wp\/v2\/media?parent=4738"}],"wp:term":[{"taxonomy":"product_brand","embeddable":true,"href":"https:\/\/antcube.shop\/lv\/wp-json\/wp\/v2\/product_brand?post=4738"},{"taxonomy":"product_cat","embeddable":true,"href":"https:\/\/antcube.shop\/lv\/wp-json\/wp\/v2\/product_cat?post=4738"},{"taxonomy":"product_tag","embeddable":true,"href":"https:\/\/antcube.shop\/lv\/wp-json\/wp\/v2\/product_tag?post=4738"}],"curies":[{"name":"wp","href":"https:\/\/api.w.org\/{rel}","templated":true}]}}