{"id":4737,"date":"2022-11-14T15:05:30","date_gmt":"2022-11-14T14:05:30","guid":{"rendered":"https:\/\/antcube.shop\/produkt\/bohrungsadapter-50-auf-27mm-transparent\/"},"modified":"2026-04-20T09:58:23","modified_gmt":"2026-04-20T07:58:23","slug":"atveres-adapteris-no-50-uz-27-mm-caurspidigs","status":"publish","type":"product","link":"https:\/\/antcube.shop\/lv\/products\/atveres-adapteris-no-50-uz-27-mm-caurspidigs\/","title":{"rendered":"Caurumu adapteris no 50 uz 27 mm - caursp\u012bd\u012bgs"},"content":{"rendered":"<p><strong>Saturs:<\/strong><br \/>\n1x akrila disks 50x4 mm ar 27 mm caurumu<br \/>\n1x l\u012bmpl\u0113ve caursp\u012bd\u012bga 60 mm ar 27 mm caurumu<\/p>\n<p><strong>Izm\u0113ri:<\/strong> 60x4 mm<\/p>\n<p><strong>Materi\u0101ls:<\/strong> PMMA, PP<\/p>\n<p><strong>Kr\u0101sa:<\/strong> caursp\u012bd\u012bgs \/ krist\u0101ldzidrs<\/p>\n<p><strong>Apraksts:<\/strong> Adapteris elementu ar 27 mm diametru ievieto\u0161anai 50 mm caurum\u0101.<br \/>\nAugstas kvalit\u0101tes caursp\u012bd\u012bg\u0101 50 \u00b5 l\u012bmpl\u0113ve ir iztur\u012bga pret skr\u0101p\u0113jumiem, tai ir UV aizsargp\u0101rkl\u0101jums un t\u0101 ir past\u0101v\u012bgi lip\u012bga.<br \/>\nT\u0101d\u0113j\u0101di adaptera stiprin\u0101jums ir dro\u0161s, stingrs un vizu\u0101li skaists.<\/p>\n<p><strong>Piez\u012bme:<\/strong> Urbuma adapteri nedr\u012bkst noslogot ar past\u0101v\u012bgu sviras efekta spiedienu, pret\u0113j\u0101 gad\u012bjum\u0101 tas var atsl\u0101bin\u0101ties. Tas ir piem\u0113rots tikai taisniem savienojumiem!<\/p>","protected":false},"excerpt":{"rendered":"<p>Saturs: Sast\u0101vs: 1x akrila disks 50x4mm ar 27mm caurumu 1x l\u012bmpl\u0113ve caursp\u012bd\u012bga 60mm ar 27mm caurumu Izm\u0113ri: 60x4mm Materi\u0101ls: PMMA, PP Kr\u0101sa: caursp\u012bd\u012bga \/ krist\u0101ldzidra Apraksts: Adapteris elementu ar 27 mm diametru piestiprin\u0101\u0161anai 50 mm caurum\u0101. Augstas kvalit\u0101tes caursp\u012bd\u012bg\u0101 50\u00b5 l\u012bmpl\u0113ve ir iztur\u012bga pret skr\u0101p\u0113jumiem un satur UV aizsargp\u0101rkl\u0101jumu, un t\u0101 ir","protected":false},"featured_media":4887,"comment_status":"open","ping_status":"closed","template":"","meta":{"_acf_changed":false,"content-type":"","_monsterinsights_skip_tracking":false,"_monsterinsights_sitenote_active":false,"_monsterinsights_sitenote_note":"","_monsterinsights_sitenote_category":0},"product_brand":[],"product_cat":[119,121],"product_tag":[],"class_list":{"0":"post-4737","1":"product","2":"type-product","3":"status-publish","4":"has-post-thumbnail","6":"product_cat-formicarium-components","7":"product_cat-connectors","9":"first","10":"instock","11":"taxable","12":"shipping-taxable","13":"purchasable","14":"product-type-simple"},"acf":[],"aioseo_notices":[],"jetpack_sharing_enabled":true,"_links":{"self":[{"href":"https:\/\/antcube.shop\/lv\/wp-json\/wp\/v2\/product\/4737","targetHints":{"allow":["GET"]}}],"collection":[{"href":"https:\/\/antcube.shop\/lv\/wp-json\/wp\/v2\/product"}],"about":[{"href":"https:\/\/antcube.shop\/lv\/wp-json\/wp\/v2\/types\/product"}],"replies":[{"embeddable":true,"href":"https:\/\/antcube.shop\/lv\/wp-json\/wp\/v2\/comments?post=4737"}],"wp:featuredmedia":[{"embeddable":true,"href":"https:\/\/antcube.shop\/lv\/wp-json\/wp\/v2\/media\/4887"}],"wp:attachment":[{"href":"https:\/\/antcube.shop\/lv\/wp-json\/wp\/v2\/media?parent=4737"}],"wp:term":[{"taxonomy":"product_brand","embeddable":true,"href":"https:\/\/antcube.shop\/lv\/wp-json\/wp\/v2\/product_brand?post=4737"},{"taxonomy":"product_cat","embeddable":true,"href":"https:\/\/antcube.shop\/lv\/wp-json\/wp\/v2\/product_cat?post=4737"},{"taxonomy":"product_tag","embeddable":true,"href":"https:\/\/antcube.shop\/lv\/wp-json\/wp\/v2\/product_tag?post=4737"}],"curies":[{"name":"wp","href":"https:\/\/api.w.org\/{rel}","templated":true}]}}