{"id":4735,"date":"2022-11-14T15:04:59","date_gmt":"2022-11-14T14:04:59","guid":{"rendered":"https:\/\/antcube.shop\/produkt\/rohrkappe-glasklar-fur-32mm\/"},"modified":"2026-03-31T09:51:38","modified_gmt":"2026-03-31T07:51:38","slug":"caurulites-vacins-kristala-caurspidigs-32mm","status":"publish","type":"product","link":"https:\/\/antcube.shop\/lv\/products\/caurulites-vacins-kristala-caurspidigs-32mm\/","title":{"rendered":"Caurul\u012btes v\u0101ci\u0146\u0161 krist\u0101ldzidrs 32 mm"},"content":{"rendered":"<p><strong>Izm\u0113ri (LxWxH):<\/strong> 2,6\u00d74,0x4,0 cm<br \/>\n<strong>Iek\u0161\u0113jais diametrs:<\/strong> 32 mm<\/p>\n<p><strong>Materi\u0101ls:<\/strong> Akrila<br \/>\n<strong>Kr\u0101sa:<\/strong> Bezkr\u0101sains\/caursp\u012bd\u012bgs\/caursp\u012bd\u012bgs<\/p>\n<p><strong>Saturs:<\/strong> 1 gab.<\/p>\n<p><strong>Tehnisk\u0101s specifik\u0101cijas:<\/strong><br \/>\nCaurules v\u0101ci\u0146\u0161 krist\u0101ldzidrs diametrs 40 mm 32 mm caurulei.<\/p>\n<p><strong>Apraksts:<\/strong><br \/>\nCauru\u013cu v\u0101ci\u0146\u0161 no caursp\u012bd\u012bga akrila akrila cauru\u013cu aizv\u0113r\u0161anai.<\/p>\n<p><strong>Pazi\u0146ojums:<\/strong><br \/>\nUzst\u0101dot caurules, \u0146emiet v\u0113r\u0101 turpm\u0101k nor\u0101d\u012bto:<br \/>\n\u0145emot v\u0113r\u0101 akrila materi\u0101la \u012bpa\u0161\u012bbas, jebkur\u0101 gad\u012bjum\u0101 j\u0101izvair\u0101s no spiediena un sviras iedarb\u012bbas. Ja savieno\u0161ana ir apgr\u016btin\u0101ta, l\u016bdzu, savienojiet, veicot uzman\u012bgas pagrie\u017eamas kust\u012bbas, un, ja nepiecie\u0161ams, ieberz\u0113jiet nedaudz e\u013c\u013cas pret l\u016b\u0161anu.<\/p>","protected":false},"excerpt":{"rendered":"<p>Izm\u0113ri (DxPxV): 1,9x2,5x2,5cm Iek\u0161\u0113jais diametrs: 20 mm Materi\u0101ls:  Sast\u0101vs: 1 gab. Tehnisk\u0101 specifik\u0101cija: Caurules v\u0101ci\u0146\u0161 caursp\u012bd\u012bgs diametrs 25mm 20mm caurulei. Apraksts: Cauru\u013cu v\u0101ci\u0146\u0161 no caursp\u012bd\u012bga akrila akrila cauru\u013cu aizv\u0113r\u0161anai. Pazi\u0146ojums: Piestiprinot caurules, l\u016bdzu, \u0146emiet v\u0113r\u0101: akrila materi\u0101la \u012bpa\u0161\u012bbu d\u0113\u013c spiedienam un svir\u0101m j\u0101b\u016bt atbilsto\u0161\u0101m.","protected":false},"featured_media":4894,"comment_status":"open","ping_status":"closed","template":"","meta":{"_acf_changed":false,"content-type":"","_monsterinsights_skip_tracking":false,"_monsterinsights_sitenote_active":false,"_monsterinsights_sitenote_note":"","_monsterinsights_sitenote_category":0},"product_brand":[],"product_cat":[345],"product_tag":[],"class_list":{"0":"post-4735","1":"product","2":"type-product","3":"status-publish","4":"has-post-thumbnail","6":"product_cat-pipe-connectors","8":"first","9":"instock","10":"taxable","11":"shipping-taxable","12":"purchasable","13":"product-type-simple"},"acf":[],"aioseo_notices":[],"jetpack_sharing_enabled":true,"_links":{"self":[{"href":"https:\/\/antcube.shop\/lv\/wp-json\/wp\/v2\/product\/4735","targetHints":{"allow":["GET"]}}],"collection":[{"href":"https:\/\/antcube.shop\/lv\/wp-json\/wp\/v2\/product"}],"about":[{"href":"https:\/\/antcube.shop\/lv\/wp-json\/wp\/v2\/types\/product"}],"replies":[{"embeddable":true,"href":"https:\/\/antcube.shop\/lv\/wp-json\/wp\/v2\/comments?post=4735"}],"wp:featuredmedia":[{"embeddable":true,"href":"https:\/\/antcube.shop\/lv\/wp-json\/wp\/v2\/media\/4894"}],"wp:attachment":[{"href":"https:\/\/antcube.shop\/lv\/wp-json\/wp\/v2\/media?parent=4735"}],"wp:term":[{"taxonomy":"product_brand","embeddable":true,"href":"https:\/\/antcube.shop\/lv\/wp-json\/wp\/v2\/product_brand?post=4735"},{"taxonomy":"product_cat","embeddable":true,"href":"https:\/\/antcube.shop\/lv\/wp-json\/wp\/v2\/product_cat?post=4735"},{"taxonomy":"product_tag","embeddable":true,"href":"https:\/\/antcube.shop\/lv\/wp-json\/wp\/v2\/product_tag?post=4735"}],"curies":[{"name":"wp","href":"https:\/\/api.w.org\/{rel}","templated":true}]}}