{"id":4733,"date":"2022-11-14T15:04:27","date_gmt":"2022-11-14T14:04:27","guid":{"rendered":"https:\/\/antcube.shop\/produkt\/rohrverbinder-glasklar-fur-32mm-l\/"},"modified":"2026-04-01T12:30:03","modified_gmt":"2026-04-01T10:30:03","slug":"caurulites-savienotajs-kristaldzidrs-32-mm-l","status":"publish","type":"product","link":"https:\/\/antcube.shop\/lv\/products\/caurulites-savienotajs-kristaldzidrs-32-mm-l\/","title":{"rendered":"Cauru\u013cu savienot\u0101js krist\u0101ldzidrs 32 mm - L"},"content":{"rendered":"<p><strong>Izm\u0113ri (LxWxH):<\/strong> 6,0\u00d74,0x6,0cm<br \/>\n<strong>Iek\u0161\u0113jais diametrs:<\/strong> 32 mm<\/p>\n<p><strong>Materi\u0101ls:<\/strong> Akrila<\/p>\n<p><strong>Kr\u0101sa:<\/strong> Bezkr\u0101sains\/caursp\u012bd\u012bgs\/caursp\u012bd\u012bgs<\/p>\n<p><strong>Saturs:<\/strong> 1 gab.<\/p>\n<p><strong>Tehnisk\u0101s specifik\u0101cijas:<\/strong><br \/>\nCauru\u013cu savienot\u0101ja forma L akrila diametrs 40 mm 32 mm caurulei.<\/p>\n<p><strong>Apraksts:<\/strong><br \/>\nCauru\u013cu savienot\u0101js no caursp\u012bd\u012bga akrila akrila cauru\u013cu savieno\u0161anai.<\/p>\n<p><strong>Pazi\u0146ojums:<\/strong><br \/>\nSaliekot caurules, \u0146emiet v\u0113r\u0101 turpm\u0101k nor\u0101d\u012bto:<br \/>\n\u0145emot v\u0113r\u0101 akrila materi\u0101la \u012bpa\u0161\u012bbas, jebkur\u0101 gad\u012bjum\u0101 j\u0101izvair\u0101s no spiediena un sviras iedarb\u012bbas. Ja savieno\u0161ana ir apgr\u016btin\u0101ta, l\u016bdzu, savienojiet, veicot uzman\u012bgas pagrie\u017eamas kust\u012bbas, un, ja nepiecie\u0161ams, ieberz\u0113jiet nedaudz e\u013c\u013cas pret l\u016b\u0161anu.<\/p>","protected":false},"excerpt":{"rendered":"<p>Izm\u0113ri (DxPxV): 3,5x2,5x2,5cm Iek\u0161\u0113jais diametrs: 20mm Materi\u0101ls:  Sast\u0101vs: 1 gab. Tehnisk\u0101 specifik\u0101cija: Cauru\u013cu savienot\u0101ja forma I akrila diametrs 25mm 20mm caurulei. Apraksts: Cauru\u013cu savienot\u0101js no caursp\u012bd\u012bga akrila akrila cauru\u013cu savieno\u0161anai. Pazi\u0146ojums: Mont\u0113jot caurules, l\u016bdzu, \u0146emiet v\u0113r\u0101: akrila materi\u0101la \u012bpa\u0161\u012bbu d\u0113\u013c spiedienam un svir\u0101m ir j\u0101b\u016bt","protected":false},"featured_media":4899,"comment_status":"open","ping_status":"closed","template":"","meta":{"_acf_changed":false,"content-type":"","_monsterinsights_skip_tracking":false,"_monsterinsights_sitenote_active":false,"_monsterinsights_sitenote_note":"","_monsterinsights_sitenote_category":0},"product_brand":[],"product_cat":[345],"product_tag":[],"class_list":{"0":"post-4733","1":"product","2":"type-product","3":"status-publish","4":"has-post-thumbnail","6":"product_cat-pipe-connectors","8":"first","9":"instock","10":"taxable","11":"shipping-taxable","12":"purchasable","13":"product-type-simple"},"acf":[],"aioseo_notices":[],"jetpack_sharing_enabled":true,"_links":{"self":[{"href":"https:\/\/antcube.shop\/lv\/wp-json\/wp\/v2\/product\/4733","targetHints":{"allow":["GET"]}}],"collection":[{"href":"https:\/\/antcube.shop\/lv\/wp-json\/wp\/v2\/product"}],"about":[{"href":"https:\/\/antcube.shop\/lv\/wp-json\/wp\/v2\/types\/product"}],"replies":[{"embeddable":true,"href":"https:\/\/antcube.shop\/lv\/wp-json\/wp\/v2\/comments?post=4733"}],"wp:featuredmedia":[{"embeddable":true,"href":"https:\/\/antcube.shop\/lv\/wp-json\/wp\/v2\/media\/4899"}],"wp:attachment":[{"href":"https:\/\/antcube.shop\/lv\/wp-json\/wp\/v2\/media?parent=4733"}],"wp:term":[{"taxonomy":"product_brand","embeddable":true,"href":"https:\/\/antcube.shop\/lv\/wp-json\/wp\/v2\/product_brand?post=4733"},{"taxonomy":"product_cat","embeddable":true,"href":"https:\/\/antcube.shop\/lv\/wp-json\/wp\/v2\/product_cat?post=4733"},{"taxonomy":"product_tag","embeddable":true,"href":"https:\/\/antcube.shop\/lv\/wp-json\/wp\/v2\/product_tag?post=4733"}],"curies":[{"name":"wp","href":"https:\/\/api.w.org\/{rel}","templated":true}]}}