{"id":4730,"date":"2022-11-14T15:03:40","date_gmt":"2022-11-14T14:03:40","guid":{"rendered":"https:\/\/antcube.shop\/produkt\/acrylglas-xt-rohr-32-28mm-1m\/"},"modified":"2026-04-02T18:12:23","modified_gmt":"2026-04-02T16:12:23","slug":"acrylic-xt-tube-32-28mm-1m","status":"publish","type":"product","link":"https:\/\/antcube.shop\/lv\/products\/acrylic-xt-tube-32-28mm-1m\/","title":{"rendered":"Skudru caurule - krist\u0101ldzidra - 32 mm - 1 m"},"content":{"rendered":"<p><strong>Izm\u0113ri:<\/strong> \u0101r\u0113jais diametrs 32 mm x garums 1 m <span data-text-color=\"alert\"><strong>(2x50 cm)<\/strong><\/span><\/p>\n<p><strong>Materi\u0101ls:<\/strong> akrila stikls<\/p>\n<p><strong>Kr\u0101sa:<\/strong> caursp\u012bd\u012bgs, skaidrs<\/p>\n<p><strong>Apraksts:<\/strong> Var savienot ar formik\u0101riju, izmantojot adapterus, vai savienot vair\u0101kus formik\u0101rijus kop\u0101.<\/p>","protected":false},"excerpt":{"rendered":"<p>Izm\u0113ri: \u0101r\u0113jais diametrs 32 mm x 1 m gar\u0161 (2x50 cm) Materi\u0101ls: akrila stikls Kr\u0101sa: caursp\u012bd\u012bgs, skaidrs Apraksts: Var savienot ar formik\u0101riju, izmantojot adapterus, vai savienot vair\u0101kus formik\u0101rijus kop\u0101.<\/p>","protected":false},"featured_media":4763,"comment_status":"open","ping_status":"closed","template":"","meta":{"_acf_changed":false,"content-type":"","_monsterinsights_skip_tracking":false,"_monsterinsights_sitenote_active":false,"_monsterinsights_sitenote_note":"","_monsterinsights_sitenote_category":0},"product_brand":[],"product_cat":[120],"product_tag":[],"class_list":{"0":"post-4730","1":"product","2":"type-product","3":"status-publish","4":"has-post-thumbnail","6":"product_cat-hoses","8":"first","9":"outofstock","10":"taxable","11":"shipping-taxable","12":"purchasable","13":"product-type-simple"},"acf":[],"aioseo_notices":[],"jetpack_sharing_enabled":true,"_links":{"self":[{"href":"https:\/\/antcube.shop\/lv\/wp-json\/wp\/v2\/product\/4730","targetHints":{"allow":["GET"]}}],"collection":[{"href":"https:\/\/antcube.shop\/lv\/wp-json\/wp\/v2\/product"}],"about":[{"href":"https:\/\/antcube.shop\/lv\/wp-json\/wp\/v2\/types\/product"}],"replies":[{"embeddable":true,"href":"https:\/\/antcube.shop\/lv\/wp-json\/wp\/v2\/comments?post=4730"}],"wp:featuredmedia":[{"embeddable":true,"href":"https:\/\/antcube.shop\/lv\/wp-json\/wp\/v2\/media\/4763"}],"wp:attachment":[{"href":"https:\/\/antcube.shop\/lv\/wp-json\/wp\/v2\/media?parent=4730"}],"wp:term":[{"taxonomy":"product_brand","embeddable":true,"href":"https:\/\/antcube.shop\/lv\/wp-json\/wp\/v2\/product_brand?post=4730"},{"taxonomy":"product_cat","embeddable":true,"href":"https:\/\/antcube.shop\/lv\/wp-json\/wp\/v2\/product_cat?post=4730"},{"taxonomy":"product_tag","embeddable":true,"href":"https:\/\/antcube.shop\/lv\/wp-json\/wp\/v2\/product_tag?post=4730"}],"curies":[{"name":"wp","href":"https:\/\/api.w.org\/{rel}","templated":true}]}}