{"id":4728,"date":"2022-11-14T15:03:09","date_gmt":"2022-11-14T14:03:09","guid":{"rendered":"https:\/\/antcube.shop\/produkt\/klemmhalter-federstahl-fur-32mm\/"},"modified":"2026-03-30T10:29:19","modified_gmt":"2026-03-30T08:29:19","slug":"skavas-turetajs-atsperu-terauds-32mm","status":"publish","type":"product","link":"https:\/\/antcube.shop\/lv\/products\/skavas-turetajs-atsperu-terauds-32mm\/","title":{"rendered":"Skavas tur\u0113t\u0101js - atsperu t\u0113rauds 32 mm"},"content":{"rendered":"<p><strong>Izm\u0113ri:<\/strong> 3,2 \u00d7 1,1 \u00d7 3,8 cm<\/p>\n<p><strong>Materi\u0101ls:<\/strong> atsperu t\u0113rauds<\/p>\n<p><strong>Kr\u0101sa:<\/strong> t\u0113rauda pel\u0113ks<\/p>\n<p><strong>Saturs:<\/strong> 1 gab.<\/p>\n<p><strong>Apraksts:<\/strong><br \/>\nSkavas tur\u0113t\u0101js, ko pieskr\u016bv\u0113 caurul\u0113m un \u0161\u013c\u016bten\u0113m. Piem\u0113rots 32 mm caurul\u0113m\/ \u0161\u013c\u016bten\u0113m. Skr\u016bves caurums 3,5 mm diametr\u0101.<br \/>\n(Skr\u016bves nav iek\u013cautas komplekt\u0101)<\/p>","protected":false},"excerpt":{"rendered":"<p><span style=\"color: #000000;\">\u00d8 32 mm<\/span><\/p>","protected":false},"featured_media":4908,"comment_status":"open","ping_status":"closed","template":"","meta":{"_acf_changed":false,"content-type":"","_monsterinsights_skip_tracking":false,"_monsterinsights_sitenote_active":false,"_monsterinsights_sitenote_note":"","_monsterinsights_sitenote_category":0},"product_brand":[],"product_cat":[120],"product_tag":[],"class_list":{"0":"post-4728","1":"product","2":"type-product","3":"status-publish","4":"has-post-thumbnail","6":"product_cat-hoses","8":"first","9":"instock","10":"taxable","11":"shipping-taxable","12":"purchasable","13":"product-type-simple"},"acf":[],"aioseo_notices":[],"jetpack_sharing_enabled":true,"_links":{"self":[{"href":"https:\/\/antcube.shop\/lv\/wp-json\/wp\/v2\/product\/4728","targetHints":{"allow":["GET"]}}],"collection":[{"href":"https:\/\/antcube.shop\/lv\/wp-json\/wp\/v2\/product"}],"about":[{"href":"https:\/\/antcube.shop\/lv\/wp-json\/wp\/v2\/types\/product"}],"replies":[{"embeddable":true,"href":"https:\/\/antcube.shop\/lv\/wp-json\/wp\/v2\/comments?post=4728"}],"wp:featuredmedia":[{"embeddable":true,"href":"https:\/\/antcube.shop\/lv\/wp-json\/wp\/v2\/media\/4908"}],"wp:attachment":[{"href":"https:\/\/antcube.shop\/lv\/wp-json\/wp\/v2\/media?parent=4728"}],"wp:term":[{"taxonomy":"product_brand","embeddable":true,"href":"https:\/\/antcube.shop\/lv\/wp-json\/wp\/v2\/product_brand?post=4728"},{"taxonomy":"product_cat","embeddable":true,"href":"https:\/\/antcube.shop\/lv\/wp-json\/wp\/v2\/product_cat?post=4728"},{"taxonomy":"product_tag","embeddable":true,"href":"https:\/\/antcube.shop\/lv\/wp-json\/wp\/v2\/product_tag?post=4728"}],"curies":[{"name":"wp","href":"https:\/\/api.w.org\/{rel}","templated":true}]}}