{"id":4726,"date":"2022-11-14T15:02:37","date_gmt":"2022-11-14T14:02:37","guid":{"rendered":"https:\/\/antcube.shop\/produkt\/rohrverbindungsring-fur-50mm-rohr\/"},"modified":"2026-03-20T10:38:38","modified_gmt":"2026-03-20T09:38:38","slug":"caurulu-savienojuma-gredzens-50-mm-caurulei","status":"publish","type":"product","link":"https:\/\/antcube.shop\/lv\/products\/caurulu-savienojuma-gredzens-50-mm-caurulei\/","title":{"rendered":"Cauru\u013cu savienojuma gredzens 50 mm caurulei"},"content":{"rendered":"<p><strong>Daudzums:<\/strong> 1 gab.<\/p>\n<p><strong>Izm\u0113ri:<\/strong> 50 mm (iek\u0161\u0113jais diametrs), 60x10 mm (\u0101r\u0113jie izm\u0113ri)<\/p>\n<p><strong>Kr\u0101sa:<\/strong> caursp\u012bd\u012bgs<\/p>\n<p><strong>Materi\u0101ls:<\/strong> akrils<\/p>\n<p><strong>Apraksts:<\/strong><br \/>\nCauru\u013cu savienojuma gredzens no caursp\u012bd\u012bga akrila akrila cauru\u013cu savieno\u0161anai.<\/p>\n<p><strong>Pieteikums:<\/strong><br \/>\nAkrila cauru\u013cu savieno\u0161anai ar diametru 50 mm.<\/p>\n<p><strong>Pazi\u0146ojums:<\/strong><br \/>\nSaliekot caurules, \u0146emiet v\u0113r\u0101 turpm\u0101k nor\u0101d\u012bto:<br \/>\nJa cauruli ir \u013coti gr\u016bti ievietot savienojuma ligzd\u0101, bl\u012bv\u0113juma gredzenu viegli ieberiet ar pilienu m\u016bsu e\u013c\u013cas vai pulvera, kas aizsarg\u0101 pret izlau\u0161anos. P\u0113c tam caurule j\u0101uzspie\u017e uz uzmavas, veicot pagrie\u017eamas vai skr\u016bv\u0113jamas kust\u012bbas, neapgr\u016btinot uzmavu ar kust\u012bb\u0101m uz aug\u0161u un uz leju. \u0145emot v\u0113r\u0101 akrila materi\u0101la \u012bpa\u0161\u012bbas, jebkur\u0101 gad\u012bjum\u0101 j\u0101izvair\u0101s no spiediena un sviras iedarb\u012bbas.<\/p>\n<p>&nbsp;<\/p>","protected":false},"excerpt":{"rendered":"<p>Quantity: 1 piece Dimensions: 50mm (inner diameter), 60x10mm (outer dimensions) Color: transparent Material: acrylic Description: Pipe connecting ring made of transparent acrylic for connecting acrylic pipes. Application: For connecting acrylic pipes with diameter 50mm. Notice: When assembling the pipes, please note the following: If the pipe is very difficult to fit onto the connecting socket, [&#8230;]","protected":false},"featured_media":4921,"comment_status":"open","ping_status":"closed","template":"","meta":{"_acf_changed":false,"content-type":"","_monsterinsights_skip_tracking":false,"_monsterinsights_sitenote_active":false,"_monsterinsights_sitenote_note":"","_monsterinsights_sitenote_category":0},"product_brand":[],"product_cat":[345],"product_tag":[],"class_list":{"0":"post-4726","1":"product","2":"type-product","3":"status-publish","4":"has-post-thumbnail","6":"product_cat-pipe-connectors","8":"first","9":"instock","10":"taxable","11":"shipping-taxable","12":"purchasable","13":"product-type-simple"},"acf":[],"aioseo_notices":[],"jetpack_sharing_enabled":true,"_links":{"self":[{"href":"https:\/\/antcube.shop\/lv\/wp-json\/wp\/v2\/product\/4726","targetHints":{"allow":["GET"]}}],"collection":[{"href":"https:\/\/antcube.shop\/lv\/wp-json\/wp\/v2\/product"}],"about":[{"href":"https:\/\/antcube.shop\/lv\/wp-json\/wp\/v2\/types\/product"}],"replies":[{"embeddable":true,"href":"https:\/\/antcube.shop\/lv\/wp-json\/wp\/v2\/comments?post=4726"}],"wp:featuredmedia":[{"embeddable":true,"href":"https:\/\/antcube.shop\/lv\/wp-json\/wp\/v2\/media\/4921"}],"wp:attachment":[{"href":"https:\/\/antcube.shop\/lv\/wp-json\/wp\/v2\/media?parent=4726"}],"wp:term":[{"taxonomy":"product_brand","embeddable":true,"href":"https:\/\/antcube.shop\/lv\/wp-json\/wp\/v2\/product_brand?post=4726"},{"taxonomy":"product_cat","embeddable":true,"href":"https:\/\/antcube.shop\/lv\/wp-json\/wp\/v2\/product_cat?post=4726"},{"taxonomy":"product_tag","embeddable":true,"href":"https:\/\/antcube.shop\/lv\/wp-json\/wp\/v2\/product_tag?post=4726"}],"curies":[{"name":"wp","href":"https:\/\/api.w.org\/{rel}","templated":true}]}}