{"id":4724,"date":"2022-11-14T15:02:06","date_gmt":"2022-11-14T14:02:06","guid":{"rendered":"https:\/\/antcube.shop\/produkt\/rohrverbinder-glasklar-fur-50mm-l\/"},"modified":"2026-03-26T18:04:52","modified_gmt":"2026-03-26T17:04:52","slug":"caurulites-savienotajs-kristaldzidrs-50-mm-l","status":"publish","type":"product","link":"https:\/\/antcube.shop\/lv\/products\/caurulites-savienotajs-kristaldzidrs-50-mm-l\/","title":{"rendered":"Cauru\u013cu savienot\u0101js krist\u0101ldzidrs 50 mm - L"},"content":{"rendered":"<p><strong>Izm\u0113ri (LxWxH):<\/strong> 8,5\u00d76,0x8,5 cm<br \/>\n<strong>Iek\u0161\u0113jais diametrs:<\/strong> 50 mm<\/p>\n<p><strong>Materi\u0101ls:<\/strong> Akrila<\/p>\n<p><strong>Kr\u0101sa:<\/strong> Bezkr\u0101sains\/caursp\u012bd\u012bgs\/caursp\u012bd\u012bgs<\/p>\n<p><strong>Saturs:<\/strong> 1 gab.<\/p>\n<p><strong>Tehnisk\u0101s specifik\u0101cijas:<\/strong><br \/>\nCauru\u013cu savienot\u0101ja forma L akrila diametrs 60 mm 50 mm caurulei.<\/p>\n<p><strong>Apraksts:<\/strong><br \/>\nCauru\u013cu savienot\u0101js no caursp\u012bd\u012bga akrila akrila cauru\u013cu savieno\u0161anai.<\/p>\n<p><strong>Pazi\u0146ojums:<\/strong><br \/>\nSaliekot caurules, \u0146emiet v\u0113r\u0101 turpm\u0101k nor\u0101d\u012bto:<br \/>\n\u0145emot v\u0113r\u0101 akrila materi\u0101la \u012bpa\u0161\u012bbas, jebkur\u0101 gad\u012bjum\u0101 j\u0101izvair\u0101s no spiediena un sviras iedarb\u012bbas. Ja savieno\u0161ana ir apgr\u016btin\u0101ta, l\u016bdzu, savienojiet, veicot uzman\u012bgas pagrie\u017eamas kust\u012bbas, un, ja nepiecie\u0161ams, ieberz\u0113jiet nedaudz e\u013c\u013cas pret l\u016b\u0161anu.<\/p>","protected":false},"excerpt":{"rendered":"<p>Izm\u0113ri (LxWxH): Iek\u0161\u0113jais diametrs: 50 mm Materi\u0101ls: Materi\u0101ls: akrils Kr\u0101sa: bezkr\u0101sains\/caursp\u012bd\u012bgs\/caursp\u012bd\u012bgs Sast\u0101vs: Sast\u0101vs: 1 gab. Tehnisk\u0101s specifik\u0101cijas: Caurules savienot\u0101ja forma T akrila diametrs 60mm 50mm caurulei. Apraksts: Cauru\u013cu savienot\u0101js no caursp\u012bd\u012bga akrila akrila cauru\u013cu savieno\u0161anai. Pazi\u0146ojums: Mont\u0113jot caurules, l\u016bdzu, \u0146emiet v\u0113r\u0101: Akrila materi\u0101la \u012bpa\u0161\u012bbu d\u0113\u013c spiedienam un sviras sp\u0113kam j\u0101b\u016bt [...]","protected":false},"featured_media":4949,"comment_status":"open","ping_status":"closed","template":"","meta":{"_acf_changed":false,"content-type":"","_monsterinsights_skip_tracking":false,"_monsterinsights_sitenote_active":false,"_monsterinsights_sitenote_note":"","_monsterinsights_sitenote_category":0},"product_brand":[],"product_cat":[345],"product_tag":[],"class_list":{"0":"post-4724","1":"product","2":"type-product","3":"status-publish","4":"has-post-thumbnail","6":"product_cat-pipe-connectors","8":"first","9":"instock","10":"taxable","11":"shipping-taxable","12":"purchasable","13":"product-type-simple"},"acf":[],"aioseo_notices":[],"jetpack_sharing_enabled":true,"_links":{"self":[{"href":"https:\/\/antcube.shop\/lv\/wp-json\/wp\/v2\/product\/4724","targetHints":{"allow":["GET"]}}],"collection":[{"href":"https:\/\/antcube.shop\/lv\/wp-json\/wp\/v2\/product"}],"about":[{"href":"https:\/\/antcube.shop\/lv\/wp-json\/wp\/v2\/types\/product"}],"replies":[{"embeddable":true,"href":"https:\/\/antcube.shop\/lv\/wp-json\/wp\/v2\/comments?post=4724"}],"wp:featuredmedia":[{"embeddable":true,"href":"https:\/\/antcube.shop\/lv\/wp-json\/wp\/v2\/media\/4949"}],"wp:attachment":[{"href":"https:\/\/antcube.shop\/lv\/wp-json\/wp\/v2\/media?parent=4724"}],"wp:term":[{"taxonomy":"product_brand","embeddable":true,"href":"https:\/\/antcube.shop\/lv\/wp-json\/wp\/v2\/product_brand?post=4724"},{"taxonomy":"product_cat","embeddable":true,"href":"https:\/\/antcube.shop\/lv\/wp-json\/wp\/v2\/product_cat?post=4724"},{"taxonomy":"product_tag","embeddable":true,"href":"https:\/\/antcube.shop\/lv\/wp-json\/wp\/v2\/product_tag?post=4724"}],"curies":[{"name":"wp","href":"https:\/\/api.w.org\/{rel}","templated":true}]}}