{"id":4722,"date":"2022-11-14T15:01:32","date_gmt":"2022-11-14T14:01:32","guid":{"rendered":"https:\/\/antcube.shop\/produkt\/becken-rohrverbinder-3-4-zu-50mm-gerade-transparent\/"},"modified":"2026-04-09T13:59:22","modified_gmt":"2026-04-09T11:59:22","slug":"izlietnes-caurules-savienotajs-3-4-lidz-50-mm-taisns-caurspidigs","status":"publish","type":"product","link":"https:\/\/antcube.shop\/lv\/products\/izlietnes-caurules-savienotajs-3-4-lidz-50-mm-taisns-caurspidigs\/","title":{"rendered":"Izlietnes caurules savienot\u0101js no 3\/4\u2033 l\u012bdz 50 mm - taisns - caursp\u012bd\u012bgs"},"content":{"rendered":"<p><strong>Izm\u0113ri:<\/strong> 75x60x60 mm<\/p>\n<p><strong>Daudzums:<\/strong> 1 gab.<\/p>\n<p><strong>Kr\u0101sa:<\/strong> caursp\u012bd\u012bgs<\/p>\n<p><strong>Materi\u0101ls:<\/strong> plastmasa<\/p>\n<p><strong>Apraksts:<\/strong> \u0160is 3\/4\u2033 baseina caurules savienot\u0101js ir piem\u0113rots 27 mm caurumam, k\u0101 ar\u012b 32 mm caurules \u0101r\u0113jam diametram.<\/p>","protected":false},"excerpt":{"rendered":"<p>Izm\u0113ri: Izm\u0113ri: 75x60x60mm Daudzums: Materi\u0101ls: plastmasa Apraksts: 1 gab: \u0160\u012b 3\/4\u2033 baseina caurules savienot\u0101ja ir piem\u0113rota 27 mm caurumam, k\u0101 ar\u012b 50 mm caurules \u0101r\u0113jam diametram.<\/p>","protected":false},"featured_media":4915,"comment_status":"open","ping_status":"closed","template":"","meta":{"_acf_changed":false,"content-type":"","_monsterinsights_skip_tracking":false,"_monsterinsights_sitenote_active":false,"_monsterinsights_sitenote_note":"","_monsterinsights_sitenote_category":0},"product_brand":[],"product_cat":[345],"product_tag":[],"class_list":{"0":"post-4722","1":"product","2":"type-product","3":"status-publish","4":"has-post-thumbnail","6":"product_cat-pipe-connectors","8":"first","9":"instock","10":"taxable","11":"shipping-taxable","12":"purchasable","13":"product-type-simple"},"acf":[],"aioseo_notices":[],"jetpack_sharing_enabled":true,"_links":{"self":[{"href":"https:\/\/antcube.shop\/lv\/wp-json\/wp\/v2\/product\/4722","targetHints":{"allow":["GET"]}}],"collection":[{"href":"https:\/\/antcube.shop\/lv\/wp-json\/wp\/v2\/product"}],"about":[{"href":"https:\/\/antcube.shop\/lv\/wp-json\/wp\/v2\/types\/product"}],"replies":[{"embeddable":true,"href":"https:\/\/antcube.shop\/lv\/wp-json\/wp\/v2\/comments?post=4722"}],"wp:featuredmedia":[{"embeddable":true,"href":"https:\/\/antcube.shop\/lv\/wp-json\/wp\/v2\/media\/4915"}],"wp:attachment":[{"href":"https:\/\/antcube.shop\/lv\/wp-json\/wp\/v2\/media?parent=4722"}],"wp:term":[{"taxonomy":"product_brand","embeddable":true,"href":"https:\/\/antcube.shop\/lv\/wp-json\/wp\/v2\/product_brand?post=4722"},{"taxonomy":"product_cat","embeddable":true,"href":"https:\/\/antcube.shop\/lv\/wp-json\/wp\/v2\/product_cat?post=4722"},{"taxonomy":"product_tag","embeddable":true,"href":"https:\/\/antcube.shop\/lv\/wp-json\/wp\/v2\/product_tag?post=4722"}],"curies":[{"name":"wp","href":"https:\/\/api.w.org\/{rel}","templated":true}]}}