{"id":4720,"date":"2022-11-14T15:01:00","date_gmt":"2022-11-14T14:01:00","guid":{"rendered":"https:\/\/antcube.shop\/produkt\/formicarium-schraubbuchse-fur-50mm-bohrung-transparent\/"},"modified":"2025-10-19T12:40:25","modified_gmt":"2025-10-19T10:40:25","slug":"formicarium-schraubbuchse-fur-50mm-bohrung-transparent","status":"publish","type":"product","link":"https:\/\/antcube.shop\/lv\/products\/formicarium-schraubbuchse-fur-50mm-bohrung-transparent\/","title":{"rendered":"Formicarium skr\u016bvju bukses 50 mm caurumam - caursp\u012bd\u012bgas"},"content":{"rendered":"<p><strong>Saturs:<\/strong> 1 gab.<\/p>\n<p><strong>Izm\u0113ri:<\/strong> 68 x 68 x 46 mm (49 mm ligzda)<\/p>\n<p><strong>Materi\u0101ls:<\/strong> Plastmasa<\/p>\n<p><strong>Kr\u0101sa:<\/strong> Caursp\u012bd\u012bgs<\/p>\n<p><strong>Apraksts:<\/strong><br \/>\n\u0160\u012b prece ir iegur\u0146a caurules savienot\u0101js.<br \/>\nPar atbilsto\u0161iem 50 mm cauru\u013cu savienot\u0101jiem, ar \u0161o iegur\u0146a cauru\u013cu savienot\u0101ju j\u016bs varat savienot vair\u0101k 50 mm caurules vai vair\u0101k Formicarien.<br \/>\nP\u0113c izv\u0113les ir iesp\u0113jams pievienot ar\u012b 60 mm cauruli (60\/56 mm), izmantojot 50 mm bl\u012bvgredzenu.<br \/>\nVai ar\u012b v\u0101ka gad\u012bjum\u0101 var izmantot piem\u0113rotas porcel\u0101na rozetes apgaismes \u0137erme\u0146iem.<\/p>\n<p><strong>Pazi\u0146ojums:<\/strong><br \/>\nT\u0101 k\u0101 \u0161\u012bs kontaktligzdas diametrs ir tikai 49 mm, nevis 50 mm, jums ir nepiecie\u0161ami bl\u012bv\u0113juma gredzeni vai krist\u0101ldzidra l\u012bmpl\u0113ves krist\u0101ldzidra pl\u0113ve, lai pan\u0101ktu 50 mm diametru, kas nodro\u0161ina cie\u0161u savienojumu.<\/p>","protected":false},"excerpt":{"rendered":"<p>Saturs: Sast\u0101vs: 1 gab. Izm\u0113ri: 1 gab: 68 x 68 x 46 mm (49 mm ligzda) Materi\u0101ls: Plastmasa Kr\u0101sa: caursp\u012bd\u012bga Apraksts: \u0160\u012b prece ir iegur\u0146a caurules savienot\u0101js. Par atbilsto\u0161iem 50 mm cauru\u013cu savienot\u0101jiem, ar \u0161o iegur\u0146a cauru\u013cu savienot\u0101ju var savienot vair\u0101k 50 mm caurules vai vair\u0101k Formicarien. P\u0113c izv\u0113les ir iesp\u0113jams pievienot ar\u012b 60 mm caurul\u012bti (60\/56 mm), izmantojot...","protected":false},"featured_media":4924,"comment_status":"open","ping_status":"closed","template":"","meta":{"_acf_changed":false,"content-type":"","_monsterinsights_skip_tracking":false,"_monsterinsights_sitenote_active":false,"_monsterinsights_sitenote_note":"","_monsterinsights_sitenote_category":0},"product_brand":[],"product_cat":[345],"product_tag":[],"class_list":{"0":"post-4720","1":"product","2":"type-product","3":"status-publish","4":"has-post-thumbnail","6":"product_cat-pipe-connectors","8":"first","9":"outofstock","10":"taxable","11":"shipping-taxable","12":"purchasable","13":"product-type-simple"},"acf":[],"aioseo_notices":[],"jetpack_sharing_enabled":true,"_links":{"self":[{"href":"https:\/\/antcube.shop\/lv\/wp-json\/wp\/v2\/product\/4720","targetHints":{"allow":["GET"]}}],"collection":[{"href":"https:\/\/antcube.shop\/lv\/wp-json\/wp\/v2\/product"}],"about":[{"href":"https:\/\/antcube.shop\/lv\/wp-json\/wp\/v2\/types\/product"}],"replies":[{"embeddable":true,"href":"https:\/\/antcube.shop\/lv\/wp-json\/wp\/v2\/comments?post=4720"}],"wp:featuredmedia":[{"embeddable":true,"href":"https:\/\/antcube.shop\/lv\/wp-json\/wp\/v2\/media\/4924"}],"wp:attachment":[{"href":"https:\/\/antcube.shop\/lv\/wp-json\/wp\/v2\/media?parent=4720"}],"wp:term":[{"taxonomy":"product_brand","embeddable":true,"href":"https:\/\/antcube.shop\/lv\/wp-json\/wp\/v2\/product_brand?post=4720"},{"taxonomy":"product_cat","embeddable":true,"href":"https:\/\/antcube.shop\/lv\/wp-json\/wp\/v2\/product_cat?post=4720"},{"taxonomy":"product_tag","embeddable":true,"href":"https:\/\/antcube.shop\/lv\/wp-json\/wp\/v2\/product_tag?post=4720"}],"curies":[{"name":"wp","href":"https:\/\/api.w.org\/{rel}","templated":true}]}}