{"id":4718,"date":"2022-11-14T15:00:29","date_gmt":"2022-11-14T14:00:29","guid":{"rendered":"https:\/\/antcube.shop\/produkt\/dschungelliane-o-10-mm\/"},"modified":"2026-03-23T09:46:08","modified_gmt":"2026-03-23T08:46:08","slug":"dzunglu-augu-10-mm","status":"publish","type":"product","link":"https:\/\/antcube.shop\/lv\/products\/dzunglu-augu-10-mm\/","title":{"rendered":"D\u017eung\u013cu li\u0101nas - \u00d8 10 mm"},"content":{"rendered":"<p><strong>Apraksts:<\/strong><br \/>\n\u0160\u012b dabiska izskata li\u0101na nodro\u0161ina lielisku atbalstu, turkl\u0101t t\u0101 ir \u013coti elast\u012bga un rot\u0113jo\u0161a. T\u0101p\u0113c t\u0101 ir ide\u0101li piem\u0113rota koku skudru sug\u0101m un k\u0101 k\u0101p\u0161anas pal\u012bgl\u012bdzeklis akrila caurul\u0113s un formik\u0101ros. Lietojot li\u0101nu, tiek rad\u012bta tr\u012bsdimensiju dz\u012bvotne, kas nodro\u0161ina liel\u0101ku p\u0101rvieto\u0161an\u0101s br\u012bv\u012bbu. Turkl\u0101t li\u0101nas ir viegli t\u012br\u0101mas, jo to \u016bdensnecaurlaid\u012bgais materi\u0101ls ir viegls.<\/p>\n<p><strong>Izm\u0113ri:<\/strong><br \/>\n200 x 1 x 1 x 1 cm<\/p>\n<p>&nbsp;<\/p>\n<p>&nbsp;<\/p>","protected":false},"excerpt":{"rendered":"<p>Izm\u0113rs: 200 x 1 x 1 cm<\/p>","protected":false},"featured_media":4937,"comment_status":"open","ping_status":"closed","template":"","meta":{"_acf_changed":false,"content-type":"","_monsterinsights_skip_tracking":false,"_monsterinsights_sitenote_active":false,"_monsterinsights_sitenote_note":"","_monsterinsights_sitenote_category":0},"product_brand":[],"product_cat":[95,98,100],"product_tag":[],"class_list":{"0":"post-4718","1":"product","2":"type-product","3":"status-publish","4":"has-post-thumbnail","6":"product_cat-accessories-for-ants","7":"product_cat-decoration","8":"product_cat-rainforest","10":"first","11":"instock","12":"taxable","13":"shipping-taxable","14":"purchasable","15":"product-type-simple"},"acf":[],"aioseo_notices":[],"jetpack_sharing_enabled":true,"_links":{"self":[{"href":"https:\/\/antcube.shop\/lv\/wp-json\/wp\/v2\/product\/4718","targetHints":{"allow":["GET"]}}],"collection":[{"href":"https:\/\/antcube.shop\/lv\/wp-json\/wp\/v2\/product"}],"about":[{"href":"https:\/\/antcube.shop\/lv\/wp-json\/wp\/v2\/types\/product"}],"replies":[{"embeddable":true,"href":"https:\/\/antcube.shop\/lv\/wp-json\/wp\/v2\/comments?post=4718"}],"wp:featuredmedia":[{"embeddable":true,"href":"https:\/\/antcube.shop\/lv\/wp-json\/wp\/v2\/media\/4937"}],"wp:attachment":[{"href":"https:\/\/antcube.shop\/lv\/wp-json\/wp\/v2\/media?parent=4718"}],"wp:term":[{"taxonomy":"product_brand","embeddable":true,"href":"https:\/\/antcube.shop\/lv\/wp-json\/wp\/v2\/product_brand?post=4718"},{"taxonomy":"product_cat","embeddable":true,"href":"https:\/\/antcube.shop\/lv\/wp-json\/wp\/v2\/product_cat?post=4718"},{"taxonomy":"product_tag","embeddable":true,"href":"https:\/\/antcube.shop\/lv\/wp-json\/wp\/v2\/product_tag?post=4718"}],"curies":[{"name":"wp","href":"https:\/\/api.w.org\/{rel}","templated":true}]}}