{"id":4716,"date":"2022-11-14T14:59:57","date_gmt":"2022-11-14T13:59:57","guid":{"rendered":"https:\/\/antcube.shop\/produkt\/gittereinsatz-acryl-50-mm-klar-fein\/"},"modified":"2026-04-13T10:49:01","modified_gmt":"2026-04-13T08:49:01","slug":"rezga-ieliktnis-akrils-50-mm-dzidrs-smalks","status":"publish","type":"product","link":"https:\/\/antcube.shop\/lv\/products\/rezga-ieliktnis-akrils-50-mm-dzidrs-smalks\/","title":{"rendered":"Akrila re\u017e\u0123a ieliktnis 50 mm - caursp\u012bd\u012bgs - smalks"},"content":{"rendered":"<p><strong>Daudzums:<\/strong> 1 gab.<\/p>\n<p><strong>Izm\u0113ri:<\/strong> 60x10 mm<\/p>\n<p><strong>Kr\u0101sa:<\/strong> skaidri<\/p>\n<p><strong>Materi\u0101ls:<\/strong> plastmasa, ner\u016bs\u0113jo\u0161ais t\u0113rauds<\/p>\n<p><strong>Apraksts:<\/strong> ventil\u0101cijas re\u017e\u0123i ar 50 mm diametru, lai aizv\u0113rtu atveres ar 50 mm diametru. Satur izstr\u0101d\u0101jumu: \"Re\u017e\u0123a ieliktnis akrila 50 mm - caursp\u012bd\u012bgs\" apvienojum\u0101 ar \u013coti smalku, \u013coti iztur\u012bgu ner\u016bs\u0113jo\u0161\u0101 t\u0113rauda re\u017e\u0123i (0,2-0,3 mm), kas ne\u013cauj pat maz\u0101m skudr\u0101m izlauzties cauri re\u017e\u0123a ielikt\u0146a pla\u0161aj\u0101m ventil\u0101cijas atver\u0113m. Piem\u0113rots ar\u012b \u013coti sp\u0113c\u012bg\u0101m kod\u0113ju sug\u0101m, piem\u0113ram, lapkoku skudr\u0101m!<\/p>","protected":false},"excerpt":{"rendered":"<p>Caurumiem\/atver\u0113m ar 50 mm diametru.<\/p>","protected":false},"featured_media":4809,"comment_status":"open","ping_status":"closed","template":"","meta":{"_acf_changed":false,"content-type":"","_monsterinsights_skip_tracking":false,"_monsterinsights_sitenote_active":false,"_monsterinsights_sitenote_note":"","_monsterinsights_sitenote_category":0},"product_brand":[],"product_cat":[238],"product_tag":[],"class_list":{"0":"post-4716","1":"product","2":"type-product","3":"status-publish","4":"has-post-thumbnail","6":"product_cat-grid-caps-plugs-and-inserts","8":"first","9":"instock","10":"taxable","11":"shipping-taxable","12":"purchasable","13":"product-type-simple"},"acf":[],"aioseo_notices":[],"jetpack_sharing_enabled":true,"_links":{"self":[{"href":"https:\/\/antcube.shop\/lv\/wp-json\/wp\/v2\/product\/4716","targetHints":{"allow":["GET"]}}],"collection":[{"href":"https:\/\/antcube.shop\/lv\/wp-json\/wp\/v2\/product"}],"about":[{"href":"https:\/\/antcube.shop\/lv\/wp-json\/wp\/v2\/types\/product"}],"replies":[{"embeddable":true,"href":"https:\/\/antcube.shop\/lv\/wp-json\/wp\/v2\/comments?post=4716"}],"wp:featuredmedia":[{"embeddable":true,"href":"https:\/\/antcube.shop\/lv\/wp-json\/wp\/v2\/media\/4809"}],"wp:attachment":[{"href":"https:\/\/antcube.shop\/lv\/wp-json\/wp\/v2\/media?parent=4716"}],"wp:term":[{"taxonomy":"product_brand","embeddable":true,"href":"https:\/\/antcube.shop\/lv\/wp-json\/wp\/v2\/product_brand?post=4716"},{"taxonomy":"product_cat","embeddable":true,"href":"https:\/\/antcube.shop\/lv\/wp-json\/wp\/v2\/product_cat?post=4716"},{"taxonomy":"product_tag","embeddable":true,"href":"https:\/\/antcube.shop\/lv\/wp-json\/wp\/v2\/product_tag?post=4716"}],"curies":[{"name":"wp","href":"https:\/\/api.w.org\/{rel}","templated":true}]}}