{"id":4714,"date":"2022-11-14T14:59:26","date_gmt":"2022-11-14T13:59:26","guid":{"rendered":"https:\/\/antcube.shop\/produkt\/fichtennadeln-100g\/"},"modified":"2026-04-22T11:12:35","modified_gmt":"2026-04-22T09:12:35","slug":"fichtennadeln-100g","status":"publish","type":"product","link":"https:\/\/antcube.shop\/lv\/products\/fichtennadeln-100g\/","title":{"rendered":"Eg\u013cu skujas 100g"},"content":{"rendered":"<p><strong>Garums:<\/strong> 2 cm<\/p>\n<p><strong>Apraksts:<\/strong> adatas ir not\u012br\u012btas un taj\u0101s nav kait\u012bgu vielu, t\u0101p\u0113c t\u0101s uzreiz var izmantot dekor\u0113\u0161anai.<\/p>\n<p><strong>Piez\u012bme:<\/strong> atkar\u012bb\u0101 no adatu iz\u017e\u016b\u0161anas pak\u0101pes var b\u016bt za\u013c\u0101, b\u0113\u0161\u0101 vai br\u016bn\u0101, tum\u0161i br\u016bn\u0101 kr\u0101s\u0101. Laika gait\u0101 skujas turpina \u017e\u016bt un zaud\u0113 kr\u0101su, un v\u0113l\u0101kais t\u0101s ieg\u016bst br\u016bnu toni.<\/p>","protected":false},"excerpt":{"rendered":"<p>garums: 2 cm<\/p>","protected":false},"featured_media":4947,"comment_status":"open","ping_status":"closed","template":"","meta":{"_acf_changed":false,"content-type":"","_monsterinsights_skip_tracking":false,"_monsterinsights_sitenote_active":false,"_monsterinsights_sitenote_note":"","_monsterinsights_sitenote_category":0},"product_brand":[],"product_cat":[95,98,101],"product_tag":[],"class_list":{"0":"post-4714","1":"product","2":"type-product","3":"status-publish","4":"has-post-thumbnail","6":"product_cat-accessories-for-ants","7":"product_cat-decoration","8":"product_cat-forest","10":"first","11":"instock","12":"taxable","13":"shipping-taxable","14":"purchasable","15":"product-type-simple"},"acf":[],"aioseo_notices":[],"jetpack_sharing_enabled":true,"_links":{"self":[{"href":"https:\/\/antcube.shop\/lv\/wp-json\/wp\/v2\/product\/4714","targetHints":{"allow":["GET"]}}],"collection":[{"href":"https:\/\/antcube.shop\/lv\/wp-json\/wp\/v2\/product"}],"about":[{"href":"https:\/\/antcube.shop\/lv\/wp-json\/wp\/v2\/types\/product"}],"replies":[{"embeddable":true,"href":"https:\/\/antcube.shop\/lv\/wp-json\/wp\/v2\/comments?post=4714"}],"wp:featuredmedia":[{"embeddable":true,"href":"https:\/\/antcube.shop\/lv\/wp-json\/wp\/v2\/media\/4947"}],"wp:attachment":[{"href":"https:\/\/antcube.shop\/lv\/wp-json\/wp\/v2\/media?parent=4714"}],"wp:term":[{"taxonomy":"product_brand","embeddable":true,"href":"https:\/\/antcube.shop\/lv\/wp-json\/wp\/v2\/product_brand?post=4714"},{"taxonomy":"product_cat","embeddable":true,"href":"https:\/\/antcube.shop\/lv\/wp-json\/wp\/v2\/product_cat?post=4714"},{"taxonomy":"product_tag","embeddable":true,"href":"https:\/\/antcube.shop\/lv\/wp-json\/wp\/v2\/product_tag?post=4714"}],"curies":[{"name":"wp","href":"https:\/\/api.w.org\/{rel}","templated":true}]}}