{"id":4713,"date":"2022-11-14T14:59:11","date_gmt":"2022-11-14T13:59:11","guid":{"rendered":"https:\/\/antcube.shop\/produkt\/nestkugel-natur-10-cm-grob\/"},"modified":"2026-03-12T09:34:17","modified_gmt":"2026-03-12T08:34:17","slug":"ligzdas-bumba-dabiska-10-cm-neapstradata","status":"publish","type":"product","link":"https:\/\/antcube.shop\/lv\/products\/ligzdas-bumba-dabiska-10-cm-neapstradata\/","title":{"rendered":"Ligzdu bumba dabiska 10 cm - raupja"},"content":{"rendered":"<p><strong>Izm\u0113ri:<\/strong> 10 cm diametrs<\/p>\n<p><strong>Kr\u0101sa:<\/strong> br\u016bns \/ b\u0113\u0161s<\/p>\n<p><strong>Materi\u0101ls:<\/strong> v\u012bnogul\u0101ju<\/p>\n<p><strong>Apraksts:<\/strong> Dobums pied\u0101v\u0101 skudrul\u0113m ide\u0101las sl\u0113p\u0161an\u0101s un ligzdo\u0161anas iesp\u0113jas.<\/p>\n<p><strong>Piez\u012bme:<\/strong> T\u0101 k\u0101 \u0161is ir dab\u012bgs produkts, att\u0113ls var at\u0161\u0137irties no pieg\u0101d\u0101t\u0101s preces.<\/p>\n<p>&nbsp;<\/p>\n<p>&nbsp;<\/p>","protected":false},"excerpt":{"rendered":"<p>Izm\u0113rs: 10 x 10 x 10 cm<\/p>","protected":false},"featured_media":4952,"comment_status":"open","ping_status":"closed","template":"","meta":{"_acf_changed":false,"content-type":"","_monsterinsights_skip_tracking":false,"_monsterinsights_sitenote_active":false,"_monsterinsights_sitenote_note":"","_monsterinsights_sitenote_category":0},"product_brand":[],"product_cat":[95,98,99],"product_tag":[],"class_list":{"0":"post-4713","1":"product","2":"type-product","3":"status-publish","4":"has-post-thumbnail","6":"product_cat-accessories-for-ants","7":"product_cat-decoration","8":"product_cat-desert","10":"first","11":"instock","12":"taxable","13":"shipping-taxable","14":"purchasable","15":"product-type-simple"},"acf":[],"aioseo_notices":[],"jetpack_sharing_enabled":true,"_links":{"self":[{"href":"https:\/\/antcube.shop\/lv\/wp-json\/wp\/v2\/product\/4713","targetHints":{"allow":["GET"]}}],"collection":[{"href":"https:\/\/antcube.shop\/lv\/wp-json\/wp\/v2\/product"}],"about":[{"href":"https:\/\/antcube.shop\/lv\/wp-json\/wp\/v2\/types\/product"}],"replies":[{"embeddable":true,"href":"https:\/\/antcube.shop\/lv\/wp-json\/wp\/v2\/comments?post=4713"}],"wp:featuredmedia":[{"embeddable":true,"href":"https:\/\/antcube.shop\/lv\/wp-json\/wp\/v2\/media\/4952"}],"wp:attachment":[{"href":"https:\/\/antcube.shop\/lv\/wp-json\/wp\/v2\/media?parent=4713"}],"wp:term":[{"taxonomy":"product_brand","embeddable":true,"href":"https:\/\/antcube.shop\/lv\/wp-json\/wp\/v2\/product_brand?post=4713"},{"taxonomy":"product_cat","embeddable":true,"href":"https:\/\/antcube.shop\/lv\/wp-json\/wp\/v2\/product_cat?post=4713"},{"taxonomy":"product_tag","embeddable":true,"href":"https:\/\/antcube.shop\/lv\/wp-json\/wp\/v2\/product_tag?post=4713"}],"curies":[{"name":"wp","href":"https:\/\/api.w.org\/{rel}","templated":true}]}}