{"id":4712,"date":"2022-11-14T14:58:33","date_gmt":"2022-11-14T13:58:33","guid":{"rendered":"https:\/\/antcube.shop\/produkt\/humus-ziegel-brick-650g-ergibt-8-9l\/"},"modified":"2026-04-03T21:16:09","modified_gmt":"2026-04-03T19:16:09","slug":"humus-brick-650g-resulting-in-8-9l","status":"publish","type":"product","link":"https:\/\/antcube.shop\/lv\/products\/humus-brick-650g-resulting-in-8-9l\/","title":{"rendered":"Humusa \u0137ie\u0123elis 650g - rezult\u0101t\u0101 8-9l"},"content":{"rendered":"<p><strong>Saturs \/ apjoms:<\/strong> 650 g veido 8-10 litrus.<\/p>\n<p><strong>Apraksts:<\/strong> Formicarium humusu veido dab\u012bgs kokos\u0161\u0137iedras humuss, kas ir sapres\u0113ts \u0137ie\u0123el\u012b. Savienojum\u0101 ar \u016bdeni humusa \u0137ie\u0123elis uzbriest aptuveni 8-10 reizes vair\u0101k par savu tilpumu. Formikarija humuss, kas ir piem\u0113rots skudr\u0101m no tropu re\u0123ioniem, un to var izmantot gan saus\u0101, gan mitr\u0101 veid\u0101. Formik\u0101rija humuss ir t\u012brs dabisks produkts, kas garant\u0113ti nesatur nek\u0101das \u0137\u012bmisk\u0101s vielas, pestic\u012bdus un m\u0113slo\u0161anas l\u012bdzek\u013cus un ir kompost\u0113jams 100%.<\/p>\n<p>- 100% izgatavots no augu izcelsmes atjaunojam\u0101m izejviel\u0101m<br \/>\n- augsta absorbcijas sp\u0113ja<br \/>\n- liela \u016bdens uzglab\u0101\u0161anas jauda<\/p>\n<p><strong>Instrukcijas:<\/strong> iem\u0113rciet \u0137ie\u0123eli 4-5 litros silta \u016bdens trauk\u0101 apm\u0113ram uz 20-30 min. Ja \u0137ie\u0123elis v\u0113l nav piln\u012bb\u0101 iz\u0161\u0137\u012bdis, atliku\u0161o da\u013cu sasmalciniet ar rok\u0101m. Ja nepiecie\u0161ams, izspiediet no humusa lieko \u016bdeni.<\/p>","protected":false},"excerpt":{"rendered":"<p>Saturs \/ tilpums: 650 g veido 8-10 litrus. Apraksts: Formicarium humuss sast\u0101v no dab\u012bga kokos\u0161\u0137iedras humusa, kas sapres\u0113ts \u0137ie\u0123el\u012b. Kombin\u0113jot ar \u016bdeni, humusa \u0137ie\u0123elis uzbriest aptuveni 8-10 reizes vair\u0101k par t\u0101 tilpumu. Formikarija humuss ir lieliski piem\u0113rots tropisko re\u0123ionu skudr\u0101m, un to var izmantot gan saus\u0101 veid\u0101, gan ar\u012b k\u0101","protected":false},"featured_media":4811,"comment_status":"open","ping_status":"closed","template":"","meta":{"_acf_changed":false,"content-type":"","_monsterinsights_skip_tracking":false,"_monsterinsights_sitenote_active":false,"_monsterinsights_sitenote_note":"","_monsterinsights_sitenote_category":0},"product_brand":[],"product_cat":[96],"product_tag":[],"class_list":{"0":"post-4712","1":"product","2":"type-product","3":"status-publish","4":"has-post-thumbnail","6":"product_cat-soil","8":"first","9":"instock","10":"taxable","11":"shipping-taxable","12":"purchasable","13":"product-type-simple"},"acf":[],"aioseo_notices":[],"jetpack_sharing_enabled":true,"_links":{"self":[{"href":"https:\/\/antcube.shop\/lv\/wp-json\/wp\/v2\/product\/4712","targetHints":{"allow":["GET"]}}],"collection":[{"href":"https:\/\/antcube.shop\/lv\/wp-json\/wp\/v2\/product"}],"about":[{"href":"https:\/\/antcube.shop\/lv\/wp-json\/wp\/v2\/types\/product"}],"replies":[{"embeddable":true,"href":"https:\/\/antcube.shop\/lv\/wp-json\/wp\/v2\/comments?post=4712"}],"wp:featuredmedia":[{"embeddable":true,"href":"https:\/\/antcube.shop\/lv\/wp-json\/wp\/v2\/media\/4811"}],"wp:attachment":[{"href":"https:\/\/antcube.shop\/lv\/wp-json\/wp\/v2\/media?parent=4712"}],"wp:term":[{"taxonomy":"product_brand","embeddable":true,"href":"https:\/\/antcube.shop\/lv\/wp-json\/wp\/v2\/product_brand?post=4712"},{"taxonomy":"product_cat","embeddable":true,"href":"https:\/\/antcube.shop\/lv\/wp-json\/wp\/v2\/product_cat?post=4712"},{"taxonomy":"product_tag","embeddable":true,"href":"https:\/\/antcube.shop\/lv\/wp-json\/wp\/v2\/product_tag?post=4712"}],"curies":[{"name":"wp","href":"https:\/\/api.w.org\/{rel}","templated":true}]}}