{"id":4704,"date":"2022-11-14T14:56:08","date_gmt":"2022-11-14T13:56:08","guid":{"rendered":"https:\/\/antcube.shop\/produkt\/antcube-ameisenarenaeinsatz-l-20x20\/"},"modified":"2026-03-09T18:09:40","modified_gmt":"2026-03-09T17:09:40","slug":"antcube-ant-arena-insert-l-20x20","status":"publish","type":"product","link":"https:\/\/antcube.shop\/lv\/products\/antcube-ant-arena-insert-l-20x20\/","title":{"rendered":"ANTCUBE skudru ar\u0113nas ieliktnis - L - 20\u00d720"},"content":{"rendered":"<p><strong>Izm\u0113ri:<\/strong><br \/>\n<strong>\u0101r\u0101:<\/strong> 190 x 28 x 176 mm<br \/>\n<strong>iek\u0161pus\u0113:<\/strong> 184 x 20 x 169 mm<\/p>\n<p><strong>Materi\u0101ls:<\/strong> float stikls<\/p>\n<p><strong>Kr\u0101sa:<\/strong> caursp\u012bd\u012bgs<\/p>\n<p><strong>Saturs:<\/strong><br \/>\n1x skudru ar\u0113nas ieliktnis<br \/>\n1x v\u0101ks<br \/>\n1x fiks\u0101cijas punkti 2 gab.<\/p>\n<p><strong>Apraksts:<\/strong><br \/>\n\u0160o ligzdas ieliktni var ievietot ANTCUBE skudru ar\u0113n\u0101 un piepild\u012bt ar rak\u0161anai piem\u0113rotu materi\u0101lu (piem\u0113ram, smil\u0161u un m\u0101la mais\u012bjumu vai Digfix). \u012apa\u0161\u0101 iez\u012bme ir t\u0101, ka to var \u0113rti iz\u0146emt no ar\u0113nas, piem\u0113ram, lai p\u0101rziemotu kop\u0101 ar skudr\u0101m. K\u0101 ieeja un izeja, k\u0101 ar\u012b ventil\u0101cijai apak\u0161\u0113j\u0101 da\u013c\u0101 ir divi 10 mm caurumi. P\u0101rziemo\u0161anai tos var aizb\u0113rt ar 10 mm aizb\u0101\u017e\u0146iem. <strong>(tie nav iek\u013cauti).<\/strong><\/p>\n<p><strong>Piez\u012bme:<\/strong> Stikls tiek griezts saska\u0146\u0101 ar DIN 1249 ar pielaidi +\/- 1 mm. \u012apa\u0161i maz\u0101m skudru sug\u0101m ir nepiecie\u0161ama papildu aizsardz\u012bba pret izlau\u0161anos.<\/p>","protected":false},"excerpt":{"rendered":"<p>Izm\u0113rs: <span style=\"color: #0000ff;\"><strong>L<\/strong><\/span><\/p>","protected":false},"featured_media":4985,"comment_status":"open","ping_status":"closed","template":"","meta":{"_acf_changed":false,"content-type":"","_monsterinsights_skip_tracking":false,"_monsterinsights_sitenote_active":false,"_monsterinsights_sitenote_note":"","_monsterinsights_sitenote_category":0},"product_brand":[],"product_cat":[91,94],"product_tag":[],"class_list":{"0":"post-4704","1":"product","2":"type-product","3":"status-publish","4":"has-post-thumbnail","6":"product_cat-formicarium-modules","7":"product_cat-arena-inset","9":"first","10":"instock","11":"taxable","12":"shipping-taxable","13":"purchasable","14":"product-type-simple"},"acf":[],"aioseo_notices":[],"jetpack_sharing_enabled":true,"_links":{"self":[{"href":"https:\/\/antcube.shop\/lv\/wp-json\/wp\/v2\/product\/4704","targetHints":{"allow":["GET"]}}],"collection":[{"href":"https:\/\/antcube.shop\/lv\/wp-json\/wp\/v2\/product"}],"about":[{"href":"https:\/\/antcube.shop\/lv\/wp-json\/wp\/v2\/types\/product"}],"replies":[{"embeddable":true,"href":"https:\/\/antcube.shop\/lv\/wp-json\/wp\/v2\/comments?post=4704"}],"wp:featuredmedia":[{"embeddable":true,"href":"https:\/\/antcube.shop\/lv\/wp-json\/wp\/v2\/media\/4985"}],"wp:attachment":[{"href":"https:\/\/antcube.shop\/lv\/wp-json\/wp\/v2\/media?parent=4704"}],"wp:term":[{"taxonomy":"product_brand","embeddable":true,"href":"https:\/\/antcube.shop\/lv\/wp-json\/wp\/v2\/product_brand?post=4704"},{"taxonomy":"product_cat","embeddable":true,"href":"https:\/\/antcube.shop\/lv\/wp-json\/wp\/v2\/product_cat?post=4704"},{"taxonomy":"product_tag","embeddable":true,"href":"https:\/\/antcube.shop\/lv\/wp-json\/wp\/v2\/product_tag?post=4704"}],"curies":[{"name":"wp","href":"https:\/\/api.w.org\/{rel}","templated":true}]}}