{"id":4700,"date":"2022-11-14T14:55:03","date_gmt":"2022-11-14T13:55:03","guid":{"rendered":"https:\/\/antcube.shop\/produkt\/antcube-korknest-40x20-stehend\/"},"modified":"2026-04-01T12:30:02","modified_gmt":"2026-04-01T10:30:02","slug":"antcube-korknest-40x20-stehend","status":"publish","type":"product","link":"https:\/\/antcube.shop\/lv\/products\/antcube-korknest-40x20-stehend\/","title":{"rendered":"ANTCUBE - Kor\u0137a ligzda 20\u00d720 - st\u0101vo\u0161a"},"content":{"rendered":"<p><strong>Izm\u0113ri:<\/strong> 383 x 160 x 20 mm<\/p>\n<p><strong>Materi\u0101ls:<\/strong> Kor\u0137is (smalks)<\/p>\n<p>Piem\u0113rots tikai m\u016bsu skudru ferm\u0101s L izm\u0113rs<\/p>\n<p><strong>Apraksts:<\/strong> \u0160\u012b kor\u0137a ligzda ar saliekam\u0101m ej\u0101m un kamer\u0101m ir piem\u0113rota da\u017e\u0101d\u0101m skudru sug\u0101m, \u012bpa\u0161i t\u0101m, kas ligzdo (miru\u0161\u0101) kok\u0101. Tai ir caurums piek\u013cuvei ligzdai.<br \/>\nKor\u0137is ir \u0137\u012bmiski neitr\u0101ls. T\u0101 strukt\u016bra ir ne tikai necaurlaid\u012bga \u0161\u0137idrumiem, bet ar\u012b neizraisa \u0137\u012bmiskas reakcijas un t\u0101p\u0113c netiek boj\u0101ta. Tom\u0113r p\u0101r\u0101k liels mitruma daudzums ilgtermi\u0146\u0101 var izrais\u012bt p\u016b\u0161anu un samazin\u0101t ligzdas ilgm\u016b\u017e\u012bbu. Tom\u0113r kor\u0137is ir \u013coti iztur\u012bgs pret puvi, s\u0113n\u012b\u0161u un pel\u0113juma iedarb\u012bbu. Tas ir pateicoties t\u0101 virsmai un strukt\u016brai, kas nesniedz labu augsni s\u0113n\u012b\u0161u koloniz\u0101cijai. Tom\u0113r dz\u012bvnieku bar\u012bbas atliekas un ekskrementi, k\u0101 ar\u012b citas organiskas vielas var veicin\u0101t pel\u0113juma aug\u0161anu.<\/p>\n<p>T\u0101p\u0113c m\u0113s iesak\u0101m kor\u0137\u012b glab\u0101t galvenok\u0101rt sugas no sausiem re\u0123ioniem. Tom\u0113r \u0161aj\u0101 komplekt\u0101 var tur\u0113t ar\u012b sugas no mitriem biotopiem, jo liel\u0101kajai da\u013cai sugu puve nerada probl\u0113mas. Ar\u012b daudzas Zieme\u013ceiropas skudras, piem\u0113ram, Camponotus herculeanus vai Formica fusca, dz\u012bvo sapuvu\u0161\u0101 koksn\u0113.<\/p>","protected":false},"excerpt":{"rendered":"<p><strong>Izm\u0113rs:<\/strong> 383 x 160 x 20 mm<\/p>","protected":false},"featured_media":5020,"comment_status":"open","ping_status":"closed","template":"","meta":{"_acf_changed":false,"content-type":"","_monsterinsights_skip_tracking":false,"_monsterinsights_sitenote_active":false,"_monsterinsights_sitenote_note":"","_monsterinsights_sitenote_category":0},"product_brand":[],"product_cat":[87,89],"product_tag":[],"class_list":{"0":"post-4700","1":"product","2":"type-product","3":"status-publish","4":"has-post-thumbnail","6":"product_cat-nest-insets","7":"product_cat-cork","9":"first","10":"instock","11":"taxable","12":"shipping-taxable","13":"purchasable","14":"product-type-simple"},"acf":[],"aioseo_notices":[],"jetpack_sharing_enabled":true,"_links":{"self":[{"href":"https:\/\/antcube.shop\/lv\/wp-json\/wp\/v2\/product\/4700","targetHints":{"allow":["GET"]}}],"collection":[{"href":"https:\/\/antcube.shop\/lv\/wp-json\/wp\/v2\/product"}],"about":[{"href":"https:\/\/antcube.shop\/lv\/wp-json\/wp\/v2\/types\/product"}],"replies":[{"embeddable":true,"href":"https:\/\/antcube.shop\/lv\/wp-json\/wp\/v2\/comments?post=4700"}],"wp:featuredmedia":[{"embeddable":true,"href":"https:\/\/antcube.shop\/lv\/wp-json\/wp\/v2\/media\/5020"}],"wp:attachment":[{"href":"https:\/\/antcube.shop\/lv\/wp-json\/wp\/v2\/media?parent=4700"}],"wp:term":[{"taxonomy":"product_brand","embeddable":true,"href":"https:\/\/antcube.shop\/lv\/wp-json\/wp\/v2\/product_brand?post=4700"},{"taxonomy":"product_cat","embeddable":true,"href":"https:\/\/antcube.shop\/lv\/wp-json\/wp\/v2\/product_cat?post=4700"},{"taxonomy":"product_tag","embeddable":true,"href":"https:\/\/antcube.shop\/lv\/wp-json\/wp\/v2\/product_tag?post=4700"}],"curies":[{"name":"wp","href":"https:\/\/api.w.org\/{rel}","templated":true}]}}