{"id":4699,"date":"2022-11-14T14:54:48","date_gmt":"2022-11-14T13:54:48","guid":{"rendered":"https:\/\/antcube.shop\/produkt\/antcube-gipsnest-40x20-stehend\/"},"modified":"2026-03-20T13:42:44","modified_gmt":"2026-03-20T12:42:44","slug":"antcube-gipsnest-40x20-stehend","status":"publish","type":"product","link":"https:\/\/antcube.shop\/lv\/products\/antcube-gipsnest-40x20-stehend\/","title":{"rendered":"ANTCUBE - \u0123ip\u0161a ligzda 40\u00d720 - st\u0101vo\u0161a"},"content":{"rendered":"<p><strong>Izm\u0113ri:<\/strong> 382 x 159 x 19,5 mm<\/p>\n<p><strong>Materi\u0101ls:<\/strong> \u0123ip\u0161a<\/p>\n<p>Piem\u0113rots tikai m\u016bsu skudru ferm\u0101s L izm\u0113rs<\/p>\n<p><strong>Apraksts:<\/strong> M\u016bsu \u0123ip\u0161a ligzda ar saliekam\u0101m ej\u0101m un kamer\u0101m ir piem\u0113rota daudz\u0101m skudru sug\u0101m, jo \u012bpa\u0161i t\u0101m, kas b\u016bv\u0113 ligzdas \u013coti smil\u0161ain\u0101s vai akme\u0146ain\u0101s augsn\u0113s. Tai ir divas savienojuma ligzdas k\u0101 piek\u013cuve ligzdai. \u0122ip\u0161am piem\u012bt \u012bpa\u0161\u012bba uzs\u016bkt \u016bdeni, t\u0101p\u0113c taj\u0101 saglab\u0101jas zin\u0101ms mitruma daudzums. Tom\u0113r \u0123ip\u0161a ligzdu nevajadz\u0113tu izmantot past\u0101v\u012bgi mitru, jo pret\u0113j\u0101 gad\u012bjum\u0101 taj\u0101 var rasties pel\u0113jums (ar p\u0101rtikas atliek\u0101m vai skudru ekskrementiem). T\u0101p\u0113c, ja iesp\u0113jams, \u0161eit vajadz\u0113tu tur\u0113t sugas no diezgan sausiem re\u0123ioniem. Piem\u0113ram, sugas no Vidusj\u016bras vai tuksne\u0161a re\u0123ioniem.<\/p>","protected":false},"excerpt":{"rendered":"<p>Izm\u0113ri: 182 x 159 x 19,5 mm Materi\u0101ls: Piem\u0113rots tikai m\u016bsu skudru audz\u0113tav\u0101m L izm\u0113rs Apraksts: Gipss\/\u0123ipsis Piem\u0113rots tikai m\u016bsu skudru audz\u0113tav\u0101m L izm\u0113rs: M\u016bsu \u0123ip\u0161a ligzda ar saliekam\u0101m ej\u0101m un kamer\u0101m ir piem\u0113rota daudz\u0101m skudru sug\u0101m, jo \u012bpa\u0161i t\u0101m, kas b\u016bv\u0113 ligzdas \u013coti smil\u0161ain\u0101s vai akme\u0146ain\u0101s augsn\u0113s. Tai ir caurums piek\u013cuvei ligzdai. \u0122ip\u0161am ir","protected":false},"featured_media":5031,"comment_status":"open","ping_status":"closed","template":"","meta":{"_acf_changed":false,"content-type":"","_monsterinsights_skip_tracking":false,"_monsterinsights_sitenote_active":false,"_monsterinsights_sitenote_note":"","_monsterinsights_sitenote_category":0},"product_brand":[],"product_cat":[87,90],"product_tag":[],"class_list":{"0":"post-4699","1":"product","2":"type-product","3":"status-publish","4":"has-post-thumbnail","6":"product_cat-nest-insets","7":"product_cat-gypsum","9":"first","10":"instock","11":"taxable","12":"shipping-taxable","13":"purchasable","14":"product-type-simple"},"acf":[],"aioseo_notices":[],"jetpack_sharing_enabled":true,"_links":{"self":[{"href":"https:\/\/antcube.shop\/lv\/wp-json\/wp\/v2\/product\/4699","targetHints":{"allow":["GET"]}}],"collection":[{"href":"https:\/\/antcube.shop\/lv\/wp-json\/wp\/v2\/product"}],"about":[{"href":"https:\/\/antcube.shop\/lv\/wp-json\/wp\/v2\/types\/product"}],"replies":[{"embeddable":true,"href":"https:\/\/antcube.shop\/lv\/wp-json\/wp\/v2\/comments?post=4699"}],"wp:featuredmedia":[{"embeddable":true,"href":"https:\/\/antcube.shop\/lv\/wp-json\/wp\/v2\/media\/5031"}],"wp:attachment":[{"href":"https:\/\/antcube.shop\/lv\/wp-json\/wp\/v2\/media?parent=4699"}],"wp:term":[{"taxonomy":"product_brand","embeddable":true,"href":"https:\/\/antcube.shop\/lv\/wp-json\/wp\/v2\/product_brand?post=4699"},{"taxonomy":"product_cat","embeddable":true,"href":"https:\/\/antcube.shop\/lv\/wp-json\/wp\/v2\/product_cat?post=4699"},{"taxonomy":"product_tag","embeddable":true,"href":"https:\/\/antcube.shop\/lv\/wp-json\/wp\/v2\/product_tag?post=4699"}],"curies":[{"name":"wp","href":"https:\/\/api.w.org\/{rel}","templated":true}]}}