{"id":4694,"date":"2022-11-14T14:53:29","date_gmt":"2022-11-14T13:53:29","guid":{"rendered":"https:\/\/antcube.shop\/produkt\/antcube-einbauarena-30x30x20\/"},"modified":"2026-04-16T13:04:27","modified_gmt":"2026-04-16T11:04:27","slug":"antcube-fitted-arena-30x30x20","status":"publish","type":"product","link":"https:\/\/antcube.shop\/lv\/products\/antcube-fitted-arena-30x30x20\/","title":{"rendered":"ANTCUBE apr\u012bkota ar\u0113na 30x30x20"},"content":{"rendered":"<p>ANTCUBE apr\u012bkota ar\u0113na 30x30x20 cm ar 2x 27 mm caurumu.<\/p>\n<p><strong>Izm\u0113ri:<\/strong> 300 x 300 x 200 mm; 4 mm stikla biezums.<br \/>\n<strong>Materi\u0101ls:<\/strong> float stikls<\/p>\n<p><strong>Savienojums:<\/strong> 2x caurums 27 mm<\/p>\n<p><strong>Apraksts:<\/strong> ANTCUBE apr\u012bkota ar\u0113na tika izstr\u0101d\u0101ta t\u0101, lai to var\u0113tu \u0113rti novietot ar\u012b maz\u0101kos plauktu nodal\u012bjumos. Piem\u0113ram, t\u0101 lieliski iek\u013caujas Kallax plaukt\u0101. Caurumi (centra punkts) atrodas priek\u0161pus\u0113 (kreisaj\u0101 un labaj\u0101 pus\u0113) 3 cm augstum\u0101 un 3 cm att\u0101lum\u0101 no \u0101r\u0113j\u0101s malas. Pateicoties 27 mm caurumu novietojumam priek\u0161pus\u0113 (nevis uz s\u0101nu logiem, k\u0101 parasti), j\u016bs varat viegli pievienot vair\u0101k ar\u0113nu un skudru fermu, nezaud\u0113jot vietu s\u0101nos un neaiz\u0161\u0137\u0113rsojot piek\u013cuvi ost\u0101m. Ar\u0113nas p\u0101rsegs, izlau\u0161an\u0101s aizsardz\u012bbas r\u0101mis, savienojuma elementi, piem\u0113ram, caurules vai \u0161\u013c\u016btenes savienot\u0101ji, ir pieejami atsevi\u0161\u0137i.<\/p>\n<p><strong>Piez\u012bme:<\/strong> Stikls tiek griezts saska\u0146\u0101 ar DIN 1249 ar pielaidi +\/- 1 mm. \u012apa\u0161i maz\u0101m skudru sug\u0101m ir nepiecie\u0161ama papildu aizsardz\u012bba pret izlau\u0161anos.<\/p>","protected":false},"excerpt":{"rendered":"<p>Savienojums: 2x caurums 27 mm<\/p>","protected":false},"featured_media":5042,"comment_status":"open","ping_status":"closed","template":"","meta":{"_acf_changed":false,"content-type":"","_monsterinsights_skip_tracking":false,"_monsterinsights_sitenote_active":false,"_monsterinsights_sitenote_note":"","_monsterinsights_sitenote_category":0},"product_brand":[],"product_cat":[85,86],"product_tag":[],"class_list":{"0":"post-4694","1":"product","2":"type-product","3":"status-publish","4":"has-post-thumbnail","6":"product_cat-ant-arenas","7":"product_cat-formicariums","9":"first","10":"instock","11":"taxable","12":"shipping-taxable","13":"purchasable","14":"product-type-simple"},"acf":[],"aioseo_notices":[],"jetpack_sharing_enabled":true,"_links":{"self":[{"href":"https:\/\/antcube.shop\/lv\/wp-json\/wp\/v2\/product\/4694","targetHints":{"allow":["GET"]}}],"collection":[{"href":"https:\/\/antcube.shop\/lv\/wp-json\/wp\/v2\/product"}],"about":[{"href":"https:\/\/antcube.shop\/lv\/wp-json\/wp\/v2\/types\/product"}],"replies":[{"embeddable":true,"href":"https:\/\/antcube.shop\/lv\/wp-json\/wp\/v2\/comments?post=4694"}],"wp:featuredmedia":[{"embeddable":true,"href":"https:\/\/antcube.shop\/lv\/wp-json\/wp\/v2\/media\/5042"}],"wp:attachment":[{"href":"https:\/\/antcube.shop\/lv\/wp-json\/wp\/v2\/media?parent=4694"}],"wp:term":[{"taxonomy":"product_brand","embeddable":true,"href":"https:\/\/antcube.shop\/lv\/wp-json\/wp\/v2\/product_brand?post=4694"},{"taxonomy":"product_cat","embeddable":true,"href":"https:\/\/antcube.shop\/lv\/wp-json\/wp\/v2\/product_cat?post=4694"},{"taxonomy":"product_tag","embeddable":true,"href":"https:\/\/antcube.shop\/lv\/wp-json\/wp\/v2\/product_tag?post=4694"}],"curies":[{"name":"wp","href":"https:\/\/api.w.org\/{rel}","templated":true}]}}