{"id":4690,"date":"2022-11-14T14:52:26","date_gmt":"2022-11-14T13:52:26","guid":{"rendered":"https:\/\/antcube.shop\/produkt\/antcube-arena-20x20x40-hoch\/"},"modified":"2026-04-20T09:57:13","modified_gmt":"2026-04-20T07:57:13","slug":"antcube-arena-20x20x40-high","status":"publish","type":"product","link":"https:\/\/antcube.shop\/lv\/products\/antcube-arena-20x20x40-high\/","title":{"rendered":"ANTCUBE - Ar\u0113na 20x20x40 - augsta"},"content":{"rendered":"<p><strong>Izm\u0113ri:<\/strong> 200 x 200 x 400 mm; 4 mm stikla biezums<\/p>\n<p><strong>Materi\u0101ls:<\/strong> float stikls<\/p>\n<p><strong>Savienojums:<\/strong> 2x caurums 27 mm<\/p>\n<p><strong>Apraksts:<\/strong><br \/>\nStikla augstais baseins 20x20x40 cm + 2x caurums 27 mm.<br \/>\nUrbis (centra punkts) atrodas 3 cm augstum\u0101.<\/p>\n<p><strong>Piez\u012bme:<\/strong> Stikls tiek griezts saska\u0146\u0101 ar DIN 1249 ar pielaidi +\/- 1 mm. \u012apa\u0161i maz\u0101m skudru sug\u0101m ir nepiecie\u0161ama papildu aizsardz\u012bba pret izlau\u0161anos.<\/p>","protected":false},"excerpt":{"rendered":"<p><strong>Savienojums:<\/strong> 2x caurums 27 mm<br \/>\n<strong>Izm\u0113rs:<\/strong> S, M, L, XL<\/p>","protected":false},"featured_media":4992,"comment_status":"open","ping_status":"closed","template":"","meta":{"_acf_changed":false,"content-type":"","_monsterinsights_skip_tracking":false,"_monsterinsights_sitenote_active":false,"_monsterinsights_sitenote_note":"","_monsterinsights_sitenote_category":0},"product_brand":[],"product_cat":[85,86],"product_tag":[],"class_list":{"0":"post-4690","1":"product","2":"type-product","3":"status-publish","4":"has-post-thumbnail","6":"product_cat-ant-arenas","7":"product_cat-formicariums","9":"first","10":"instock","11":"taxable","12":"shipping-taxable","13":"purchasable","14":"product-type-simple"},"acf":[],"aioseo_notices":[],"jetpack_sharing_enabled":true,"_links":{"self":[{"href":"https:\/\/antcube.shop\/lv\/wp-json\/wp\/v2\/product\/4690","targetHints":{"allow":["GET"]}}],"collection":[{"href":"https:\/\/antcube.shop\/lv\/wp-json\/wp\/v2\/product"}],"about":[{"href":"https:\/\/antcube.shop\/lv\/wp-json\/wp\/v2\/types\/product"}],"replies":[{"embeddable":true,"href":"https:\/\/antcube.shop\/lv\/wp-json\/wp\/v2\/comments?post=4690"}],"wp:featuredmedia":[{"embeddable":true,"href":"https:\/\/antcube.shop\/lv\/wp-json\/wp\/v2\/media\/4992"}],"wp:attachment":[{"href":"https:\/\/antcube.shop\/lv\/wp-json\/wp\/v2\/media?parent=4690"}],"wp:term":[{"taxonomy":"product_brand","embeddable":true,"href":"https:\/\/antcube.shop\/lv\/wp-json\/wp\/v2\/product_brand?post=4690"},{"taxonomy":"product_cat","embeddable":true,"href":"https:\/\/antcube.shop\/lv\/wp-json\/wp\/v2\/product_cat?post=4690"},{"taxonomy":"product_tag","embeddable":true,"href":"https:\/\/antcube.shop\/lv\/wp-json\/wp\/v2\/product_tag?post=4690"}],"curies":[{"name":"wp","href":"https:\/\/api.w.org\/{rel}","templated":true}]}}