{"id":4687,"date":"2022-11-14T14:51:39","date_gmt":"2022-11-14T13:51:39","guid":{"rendered":"https:\/\/antcube.shop\/produkt\/durchgangsregler-50mm\/"},"modified":"2026-01-12T12:36:29","modified_gmt":"2026-01-12T11:36:29","slug":"durchgangsregler-50mm","status":"publish","type":"product","link":"https:\/\/antcube.shop\/lv\/products\/durchgangsregler-50mm\/","title":{"rendered":"Caurlaides regulators - 50 mm"},"content":{"rendered":"<p><strong>Izm\u0113ri (LxWxH):<\/strong> 95x 76 x 20 mm<\/p>\n<p><strong>Materi\u0101ls:<\/strong> Akrila<\/p>\n<p><strong>Kr\u0101sa:<\/strong> Bezkr\u0101sains \/ caursp\u012bd\u012bgs \/ skaidrs<\/p>\n<p><strong>Saturs:<\/strong> 1 gab (sast\u0101v no 10 atsevi\u0161\u0137\u0101m da\u013c\u0101m)<\/p>\n<p><strong>Apraksts:<\/strong><br \/>\nCaurpl\u016bdes regulators ir piesl\u0113gts pie caurules.<br \/>\nCaurlaidi var atv\u0113rt vai aizv\u0113rt ar roku.<\/p>\n<p><strong>Pieteikums:<\/strong><br \/>\n50 mm diametra akrila cauru\u013cu savieno\u0161anai<\/p>\n<p><strong>Padoms:<\/strong><br \/>\nCaurpl\u016bdes regulators ir stingri j\u0101piestiprina pie atbilsto\u0161\u0101s caurules. Ja tas ir p\u0101r\u0101k va\u013c\u012bgs, caurul\u012bti var papla\u0161in\u0101t ar caursp\u012bd\u012bgu lentu, lai nodro\u0161in\u0101tu cie\u0161u piegu\u013c\u0161anu.<\/p>","protected":false},"excerpt":{"rendered":"<p>Izm\u0113ri (LxWxH): 73 x 58 x 19 mm Materi\u0101ls: Materi\u0101ls: akrils Kr\u0101sa: bezkr\u0101sains \/ caursp\u012bd\u012bgs \/ caursp\u012bd\u012bgs Saturs: Sast\u0101vs: 1 gab (sast\u0101v no 10 atsevi\u0161\u0137\u0101m da\u013c\u0101m) Apraksts: 1 gab: Caurpl\u016bdes regulators ir savienots ar cauruli. Caurlaidi var atv\u0113rt vai aizv\u0113rt ar roku. Pielietojums: Padoms: Caurlaides regulatoram ir j\u0101b\u016bt","protected":false},"featured_media":5074,"comment_status":"open","ping_status":"closed","template":"","meta":{"_acf_changed":false,"content-type":"","_monsterinsights_skip_tracking":false,"_monsterinsights_sitenote_active":false,"_monsterinsights_sitenote_note":"","_monsterinsights_sitenote_category":0},"product_brand":[],"product_cat":[345],"product_tag":[],"class_list":{"0":"post-4687","1":"product","2":"type-product","3":"status-publish","4":"has-post-thumbnail","6":"product_cat-pipe-connectors","8":"first","9":"instock","10":"taxable","11":"shipping-taxable","12":"purchasable","13":"product-type-simple"},"acf":[],"aioseo_notices":[],"jetpack_sharing_enabled":true,"_links":{"self":[{"href":"https:\/\/antcube.shop\/lv\/wp-json\/wp\/v2\/product\/4687","targetHints":{"allow":["GET"]}}],"collection":[{"href":"https:\/\/antcube.shop\/lv\/wp-json\/wp\/v2\/product"}],"about":[{"href":"https:\/\/antcube.shop\/lv\/wp-json\/wp\/v2\/types\/product"}],"replies":[{"embeddable":true,"href":"https:\/\/antcube.shop\/lv\/wp-json\/wp\/v2\/comments?post=4687"}],"wp:featuredmedia":[{"embeddable":true,"href":"https:\/\/antcube.shop\/lv\/wp-json\/wp\/v2\/media\/5074"}],"wp:attachment":[{"href":"https:\/\/antcube.shop\/lv\/wp-json\/wp\/v2\/media?parent=4687"}],"wp:term":[{"taxonomy":"product_brand","embeddable":true,"href":"https:\/\/antcube.shop\/lv\/wp-json\/wp\/v2\/product_brand?post=4687"},{"taxonomy":"product_cat","embeddable":true,"href":"https:\/\/antcube.shop\/lv\/wp-json\/wp\/v2\/product_cat?post=4687"},{"taxonomy":"product_tag","embeddable":true,"href":"https:\/\/antcube.shop\/lv\/wp-json\/wp\/v2\/product_tag?post=4687"}],"curies":[{"name":"wp","href":"https:\/\/api.w.org\/{rel}","templated":true}]}}