{"id":4683,"date":"2022-11-14T14:42:46","date_gmt":"2022-11-14T13:42:46","guid":{"rendered":"https:\/\/antcube.shop\/produkt\/antcube-rote-folie-40x20-filter\/"},"modified":"2026-04-05T19:14:12","modified_gmt":"2026-04-05T17:14:12","slug":"antcube-rote-folie-40x20-filtrs-2","status":"publish","type":"product","link":"https:\/\/antcube.shop\/lv\/products\/antcube-rote-folie-40x20-filtrs-2\/","title":{"rendered":"ANTCUBE - Sarkan\u0101 pl\u0113ve 40\u00d720 - Filtrs"},"content":{"rendered":"<p><strong>Izm\u0113ri:<\/strong> 39x16cm<\/p>\n<p><strong>Materi\u0101ls:<\/strong> PVC<\/p>\n<p><strong>Apraksts:<\/strong> Sarkan\u0101 caursp\u012bd\u012bg\u0101 pl\u0113ve tiek izmantota, lai rad\u012btu skudr\u0101m pazemes saj\u016btu. T\u0101p\u0113c m\u0113s iesak\u0101m \u0161o produktu vismaz da\u013c\u0113ji izmantot ligzdas zon\u0101. Tom\u0113r skudras var labi nov\u0113rot ar\u012b ligzd\u0101. Prec\u012bzi piegriezta ANTCUBE \"Skudru ferma 40x20cm S\/M\/L - st\u0101vo\u0161a\".<\/p>\n<p>\u0160ai filtra pl\u0113vei ir lab\u0101ks gaismas filtra efekts nek\u0101 parastajai p\u0101rkl\u0101juma pl\u0113vei. Iztur\u012bga pret temperat\u016bru l\u012bdz 180\u00b0C<\/p>\n<p>Filtrfolija turas ar gaismu, pat piespie\u017eot ar\u012b pati no sevis saimniec\u012bb\u0101 vai ligzdas zon\u0101. Alternat\u012bvi stiprin\u0101\u0161anai var izmantot caursp\u012bd\u012bgu l\u012bmlenti. Vienk\u0101r\u0161i piestipriniet ar div\u0101m neliel\u0101m sloksn\u0113m aug\u0161\u0113jos st\u016bros, lai v\u0113l\u0101k pl\u0113vi var\u0113tu pacelt un lab\u0101k p\u0101rredz\u0113t ligzdas zonu.<\/p>","protected":false},"excerpt":{"rendered":"<p>Izm\u0113ri: Izm\u0113ri: 39x19cm Materi\u0101ls: Materi\u0101ls: PVC Apraksts: Sarkan\u0101 caursp\u012bd\u012bg\u0101 pl\u0113ve tiek izmantota, lai skudr\u0101m rad\u012btu pazemes saj\u016btu. T\u0101p\u0113c m\u0113s iesak\u0101m izmantot \u0161o produktu vismaz da\u013c\u0113ji ligzdas zon\u0101. Neskatoties uz to, skudras var labi nov\u0113rot ligzd\u0101. Prec\u012bzi piegriezta ANTCUBE \"Skudru ferma 40x20cm S\/M\/L - st\u0101vo\u0161a\". \u0160\u012b filtra folija","protected":false},"featured_media":5105,"comment_status":"open","ping_status":"closed","template":"","meta":{"_acf_changed":false,"content-type":"","_monsterinsights_skip_tracking":false,"_monsterinsights_sitenote_active":false,"_monsterinsights_sitenote_note":"","_monsterinsights_sitenote_category":0},"product_brand":[],"product_cat":[239],"product_tag":[],"class_list":{"0":"post-4683","1":"product","2":"type-product","3":"status-publish","4":"has-post-thumbnail","6":"product_cat-useful-additions","8":"first","9":"instock","10":"taxable","11":"shipping-taxable","12":"purchasable","13":"product-type-simple"},"acf":[],"aioseo_notices":[],"jetpack_sharing_enabled":true,"_links":{"self":[{"href":"https:\/\/antcube.shop\/lv\/wp-json\/wp\/v2\/product\/4683","targetHints":{"allow":["GET"]}}],"collection":[{"href":"https:\/\/antcube.shop\/lv\/wp-json\/wp\/v2\/product"}],"about":[{"href":"https:\/\/antcube.shop\/lv\/wp-json\/wp\/v2\/types\/product"}],"replies":[{"embeddable":true,"href":"https:\/\/antcube.shop\/lv\/wp-json\/wp\/v2\/comments?post=4683"}],"wp:featuredmedia":[{"embeddable":true,"href":"https:\/\/antcube.shop\/lv\/wp-json\/wp\/v2\/media\/5105"}],"wp:attachment":[{"href":"https:\/\/antcube.shop\/lv\/wp-json\/wp\/v2\/media?parent=4683"}],"wp:term":[{"taxonomy":"product_brand","embeddable":true,"href":"https:\/\/antcube.shop\/lv\/wp-json\/wp\/v2\/product_brand?post=4683"},{"taxonomy":"product_cat","embeddable":true,"href":"https:\/\/antcube.shop\/lv\/wp-json\/wp\/v2\/product_cat?post=4683"},{"taxonomy":"product_tag","embeddable":true,"href":"https:\/\/antcube.shop\/lv\/wp-json\/wp\/v2\/product_tag?post=4683"}],"curies":[{"name":"wp","href":"https:\/\/api.w.org\/{rel}","templated":true}]}}