{"id":4679,"date":"2022-11-14T14:41:41","date_gmt":"2022-11-14T13:41:41","guid":{"rendered":"https:\/\/antcube.shop\/produkt\/lehmfarbe-beige-100ml\/"},"modified":"2026-04-13T10:48:42","modified_gmt":"2026-04-13T08:48:42","slug":"mala-krasa-bess-100ml","status":"publish","type":"product","link":"https:\/\/antcube.shop\/lv\/products\/mala-krasa-bess-100ml\/","title":{"rendered":"M\u0101la kr\u0101sa - b\u0113\u0161a - 100ml"},"content":{"rendered":"<p><strong>Daudzums:<\/strong> 100 ml<\/p>\n<p><strong>Apraksts:<\/strong> \u0160is mais\u012bjums nav toksisks un ir relat\u012bvi \u016bdensnecaurlaid\u012bgs uz \u0123ip\u0161a un betona, bet cit\u0101di \u0161\u0137\u012bst \u016bden\u012b.<\/p>\n<p><strong>Lieto\u0161anas instrukcija:\u00a0<\/strong><br \/>\n\u0160is mais\u012bjums ir gatavs lieto\u0161anai, un to var uzkl\u0101t uz apmetuma vai g\u0101zbetona ar otu uzreiz.<br \/>\n100 ml pietiek apm\u0113ram 1\/4m\u00b2 g\u0101zbetona vai 1\/2m\u00b2 apmetuma.<br \/>\nKad virsma ir mitra, to var apkais\u012bt, piem\u0113ram, ar smilt\u012bm, lai ieg\u016btu v\u0113l dabisk\u0101ku izskatu.<\/p>\n<p>&nbsp;<\/p>\n<p>&nbsp;<\/p>","protected":false},"excerpt":{"rendered":"<p>Daudzums: 100ml Apraksts: \u0160is mais\u012bjums nav toksisks un ir relat\u012bvi \u016bdensnecaurlaid\u012bgs uz \u0123ip\u0161a un betona, bet cit\u0101di \u0161\u0137\u012bst \u016bden\u012b. Lieto\u0161anas instrukcija: \u0160o mais\u012bjumu ir gatavs lieto\u0161anai, un to var uzkl\u0101t uz apmetuma vai g\u0101zbetona ar otu uzreiz. Ar 100 ml mais\u012bjuma pietiek apm\u0113ram 1\/4m\u00b2 g\u0101zbetona vai 1\/2m\u00b2 apmetuma. Kad","protected":false},"featured_media":5004,"comment_status":"open","ping_status":"closed","template":"","meta":{"_acf_changed":false,"content-type":"","_monsterinsights_skip_tracking":false,"_monsterinsights_sitenote_active":false,"_monsterinsights_sitenote_note":"","_monsterinsights_sitenote_category":0},"product_brand":[],"product_cat":[237],"product_tag":[],"class_list":{"0":"post-4679","1":"product","2":"type-product","3":"status-publish","4":"has-post-thumbnail","6":"product_cat-tools","8":"first","9":"instock","10":"taxable","11":"shipping-taxable","12":"purchasable","13":"product-type-simple"},"acf":[],"aioseo_notices":[],"jetpack_sharing_enabled":true,"_links":{"self":[{"href":"https:\/\/antcube.shop\/lv\/wp-json\/wp\/v2\/product\/4679","targetHints":{"allow":["GET"]}}],"collection":[{"href":"https:\/\/antcube.shop\/lv\/wp-json\/wp\/v2\/product"}],"about":[{"href":"https:\/\/antcube.shop\/lv\/wp-json\/wp\/v2\/types\/product"}],"replies":[{"embeddable":true,"href":"https:\/\/antcube.shop\/lv\/wp-json\/wp\/v2\/comments?post=4679"}],"wp:featuredmedia":[{"embeddable":true,"href":"https:\/\/antcube.shop\/lv\/wp-json\/wp\/v2\/media\/5004"}],"wp:attachment":[{"href":"https:\/\/antcube.shop\/lv\/wp-json\/wp\/v2\/media?parent=4679"}],"wp:term":[{"taxonomy":"product_brand","embeddable":true,"href":"https:\/\/antcube.shop\/lv\/wp-json\/wp\/v2\/product_brand?post=4679"},{"taxonomy":"product_cat","embeddable":true,"href":"https:\/\/antcube.shop\/lv\/wp-json\/wp\/v2\/product_cat?post=4679"},{"taxonomy":"product_tag","embeddable":true,"href":"https:\/\/antcube.shop\/lv\/wp-json\/wp\/v2\/product_tag?post=4679"}],"curies":[{"name":"wp","href":"https:\/\/api.w.org\/{rel}","templated":true}]}}