{"id":4678,"date":"2022-11-14T14:41:24","date_gmt":"2022-11-14T13:41:24","guid":{"rendered":"https:\/\/antcube.shop\/produkt\/klebefilm-glasklar\/"},"modified":"2026-04-13T09:29:49","modified_gmt":"2026-04-13T07:29:49","slug":"limpleve-kristaldzidra","status":"publish","type":"product","link":"https:\/\/antcube.shop\/lv\/products\/limpleve-kristaldzidra\/","title":{"rendered":"Krist\u0101ldzidra l\u012bmpl\u0113ve"},"content":{"rendered":"<p><strong>Izm\u0113ri (LxWxH):<\/strong> 10 m x19 mm<\/p>\n<p><strong>Materi\u0101ls:<\/strong> polipropil\u0113na<\/p>\n<p><strong>Kr\u0101sa:<\/strong> krist\u0101ldzidrs \/ caursp\u012bd\u012bgs<\/p>\n<p><strong>Saturs:<\/strong><br \/>\n1x l\u012bmpl\u0113ve uz ru\u013c\u013ca<\/p>\n<p><strong>Apraksts:<\/strong><br \/>\nIde\u0101li piem\u0113rots sarkan\u0101s p\u0101rkl\u0101juma pl\u0113ves vai foto aizmugures sienas piestiprin\u0101\u0161anai pie formik\u0101rija.<br \/>\nTai ir augsta iztur\u012bba pret noveco\u0161anu, t\u0101 ir \u013coti iztur\u012bga pret pl\u012bsumiem un tai piem\u012bt sp\u0113c\u012bgs lip\u012bbas sp\u0113ks.<br \/>\nPiem\u0113rots ar\u012b stikla pake\u0161u l\u012bm\u0113\u0161anai.<\/p>\n<p><strong>Pieteikums:<\/strong><br \/>\nL\u012bmlenti var griezt ar \u0161\u0137\u0113r\u0113m vai griez\u0113jnazi.<br \/>\nPiestipriniet p\u0101rsega pl\u0113vi vai fotoatt\u0113lu atpaka\u013c pie formik\u0101rija stikla un p\u0113c tam nostipriniet to ar l\u012bmlenti.<\/p>","protected":false},"excerpt":{"rendered":"<p>Izm\u0113ri (LxWxH): 10m x19 mm Materi\u0101ls: polipropil\u0113ns Kr\u0101sa: krist\u0101ldzidra \/ caursp\u012bd\u012bga Saturs: Sast\u0101vs: 1x rullis l\u012bmpl\u0113ve Apraksts: Ide\u0101li piem\u0113rots sarkan\u0101s p\u0101rsega pl\u0113ves vai foto aizmugures sienas piestiprin\u0101\u0161anai pie formik\u0101rija. Tai ir augsta iztur\u012bba pret noveco\u0161anu, t\u0101 ir \u013coti iztur\u012bga pret pl\u012bsumiem un tai ir sp\u0113c\u012bgs lip\u012bbas sp\u0113ks. Piem\u0113rota ar\u012b stikla pake\u0161u l\u012bm\u0113\u0161anai. Pielietojums:","protected":false},"featured_media":5007,"comment_status":"open","ping_status":"closed","template":"","meta":{"_acf_changed":false,"content-type":"","_monsterinsights_skip_tracking":false,"_monsterinsights_sitenote_active":false,"_monsterinsights_sitenote_note":"","_monsterinsights_sitenote_category":0},"product_brand":[],"product_cat":[237],"product_tag":[],"class_list":{"0":"post-4678","1":"product","2":"type-product","3":"status-publish","4":"has-post-thumbnail","6":"product_cat-tools","8":"first","9":"instock","10":"taxable","11":"shipping-taxable","12":"purchasable","13":"product-type-simple"},"acf":[],"aioseo_notices":[],"jetpack_sharing_enabled":true,"_links":{"self":[{"href":"https:\/\/antcube.shop\/lv\/wp-json\/wp\/v2\/product\/4678","targetHints":{"allow":["GET"]}}],"collection":[{"href":"https:\/\/antcube.shop\/lv\/wp-json\/wp\/v2\/product"}],"about":[{"href":"https:\/\/antcube.shop\/lv\/wp-json\/wp\/v2\/types\/product"}],"replies":[{"embeddable":true,"href":"https:\/\/antcube.shop\/lv\/wp-json\/wp\/v2\/comments?post=4678"}],"wp:featuredmedia":[{"embeddable":true,"href":"https:\/\/antcube.shop\/lv\/wp-json\/wp\/v2\/media\/5007"}],"wp:attachment":[{"href":"https:\/\/antcube.shop\/lv\/wp-json\/wp\/v2\/media?parent=4678"}],"wp:term":[{"taxonomy":"product_brand","embeddable":true,"href":"https:\/\/antcube.shop\/lv\/wp-json\/wp\/v2\/product_brand?post=4678"},{"taxonomy":"product_cat","embeddable":true,"href":"https:\/\/antcube.shop\/lv\/wp-json\/wp\/v2\/product_cat?post=4678"},{"taxonomy":"product_tag","embeddable":true,"href":"https:\/\/antcube.shop\/lv\/wp-json\/wp\/v2\/product_tag?post=4678"}],"curies":[{"name":"wp","href":"https:\/\/api.w.org\/{rel}","templated":true}]}}