{"id":4675,"date":"2022-11-14T14:40:37","date_gmt":"2022-11-14T13:40:37","guid":{"rendered":"https:\/\/antcube.shop\/produkt\/zapfen-klein-20-stuck\/"},"modified":"2026-04-13T10:49:04","modified_gmt":"2026-04-13T08:49:04","slug":"konusi-mazi-20-gab","status":"publish","type":"product","link":"https:\/\/antcube.shop\/lv\/products\/konusi-mazi-20-gab\/","title":{"rendered":"konusi - mazi - 20 gab."},"content":{"rendered":"<p><strong>Izm\u0113ri (LxWxH):<\/strong> apm. 20 x 10 x 10 mm<\/p>\n<p><strong>Materi\u0101ls:<\/strong> Alk\u0161\u0146a \u010diekurs - dab\u012bgs produkts<\/p>\n<p><strong>Kr\u0101sa:<\/strong> Tum\u0161i br\u016bns l\u012bdz melns<\/p>\n<p><strong>Apraksts:<\/strong> Kalt\u0113ti \u010diekuri dekorat\u012bviem nol\u016bkiem<\/p>\n<p><strong>Piez\u012bme:<\/strong> T\u0101 k\u0101 tas ir dabisks produkts, izm\u0113rs, forma un kr\u0101sa var nedaudz at\u0161\u0137irties no att\u0113l\u0101 redzam\u0101.<\/p>","protected":false},"excerpt":{"rendered":"<p><strong>Izm\u0113rs:<\/strong>\u00a020 x 10 x 10 mm<\/p>","protected":false},"featured_media":5016,"comment_status":"open","ping_status":"closed","template":"","meta":{"_acf_changed":false,"content-type":"","_monsterinsights_skip_tracking":false,"_monsterinsights_sitenote_active":false,"_monsterinsights_sitenote_note":"","_monsterinsights_sitenote_category":0},"product_brand":[],"product_cat":[98,101],"product_tag":[],"class_list":{"0":"post-4675","1":"product","2":"type-product","3":"status-publish","4":"has-post-thumbnail","6":"product_cat-decoration","7":"product_cat-forest","9":"first","10":"instock","11":"taxable","12":"shipping-taxable","13":"purchasable","14":"product-type-simple"},"acf":[],"aioseo_notices":[],"jetpack_sharing_enabled":true,"_links":{"self":[{"href":"https:\/\/antcube.shop\/lv\/wp-json\/wp\/v2\/product\/4675","targetHints":{"allow":["GET"]}}],"collection":[{"href":"https:\/\/antcube.shop\/lv\/wp-json\/wp\/v2\/product"}],"about":[{"href":"https:\/\/antcube.shop\/lv\/wp-json\/wp\/v2\/types\/product"}],"replies":[{"embeddable":true,"href":"https:\/\/antcube.shop\/lv\/wp-json\/wp\/v2\/comments?post=4675"}],"wp:featuredmedia":[{"embeddable":true,"href":"https:\/\/antcube.shop\/lv\/wp-json\/wp\/v2\/media\/5016"}],"wp:attachment":[{"href":"https:\/\/antcube.shop\/lv\/wp-json\/wp\/v2\/media?parent=4675"}],"wp:term":[{"taxonomy":"product_brand","embeddable":true,"href":"https:\/\/antcube.shop\/lv\/wp-json\/wp\/v2\/product_brand?post=4675"},{"taxonomy":"product_cat","embeddable":true,"href":"https:\/\/antcube.shop\/lv\/wp-json\/wp\/v2\/product_cat?post=4675"},{"taxonomy":"product_tag","embeddable":true,"href":"https:\/\/antcube.shop\/lv\/wp-json\/wp\/v2\/product_tag?post=4675"}],"curies":[{"name":"wp","href":"https:\/\/api.w.org\/{rel}","templated":true}]}}