{"id":4660,"date":"2022-11-14T14:36:25","date_gmt":"2022-11-14T13:36:25","guid":{"rendered":"https:\/\/antcube.shop\/produkt\/wassergel-500ml-gebrauchsfertig\/"},"modified":"2026-04-07T13:50:35","modified_gmt":"2026-04-07T11:50:35","slug":"udens-zeleja-500ml-2","status":"publish","type":"product","link":"https:\/\/antcube.shop\/lv\/products\/udens-zeleja-500ml-2\/","title":{"rendered":"\u016adens \u017eeleja 500ml - gatava lieto\u0161anai"},"content":{"rendered":"<p><strong>Saturs:<\/strong> 500 ml<\/p>\n<p><strong>Apraksts:<\/strong> Saturs: Sast\u0101vs: 500 ml\r\n\r\nApraksts: \u016adens \u017eeleja ir \u016bdens \u017eelejas form\u0101, t\u0101p\u0113c to ir \u013coti viegli un elast\u012bgi lietot. Jums nav nepiecie\u0161ama \u016bdens b\u013coda, kuru dz\u012bvnieki var nosm\u0113r\u0113t un nosl\u012bcin\u0101t, bet ar \u0161o \u017eeleju j\u016bs joproj\u0101m varat nodro\u0161in\u0101t tiem pietiekamu mitruma daudzumu. \u016adens \u017eeleju var izmantot ar\u012b dz\u012bvnieku baro\u0161anai, kas tos ilg\u0101k uztur\u0113s dz\u012bvus.<\/p>","protected":false},"excerpt":{"rendered":"<p>Saturs: Sast\u0101vs: 500 ml Apraksts: \u016adens \u017eeleja ir \u016bdens \u017eelejas form\u0101, t\u0101p\u0113c to ir \u013coti viegli un elast\u012bgi lietot. Jums nav nepiecie\u0161ama \u016bdens b\u013coda, kuru dz\u012bvnieki var nosm\u0113r\u0113t un nosl\u012bcin\u0101t, bet ar \u0161o \u017eeleju j\u016bs joproj\u0101m varat nodro\u0161in\u0101t tiem pietiekamu mitruma daudzumu. \u016adens \u017eeleju var izmantot ar\u012b dz\u012bvnieku baro\u0161anai,","protected":false},"featured_media":5038,"comment_status":"open","ping_status":"closed","template":"","meta":{"_acf_changed":false,"content-type":"","_monsterinsights_skip_tracking":false,"_monsterinsights_sitenote_active":false,"_monsterinsights_sitenote_note":"","_monsterinsights_sitenote_category":0},"product_brand":[],"product_cat":[115,116],"product_tag":[],"class_list":{"0":"post-4660","1":"product","2":"type-product","3":"status-publish","4":"has-post-thumbnail","6":"product_cat-food-and-feeding","7":"product_cat-food","9":"first","10":"instock","11":"taxable","12":"shipping-taxable","13":"purchasable","14":"product-type-simple"},"acf":[],"aioseo_notices":[],"jetpack_sharing_enabled":true,"_links":{"self":[{"href":"https:\/\/antcube.shop\/lv\/wp-json\/wp\/v2\/product\/4660","targetHints":{"allow":["GET"]}}],"collection":[{"href":"https:\/\/antcube.shop\/lv\/wp-json\/wp\/v2\/product"}],"about":[{"href":"https:\/\/antcube.shop\/lv\/wp-json\/wp\/v2\/types\/product"}],"replies":[{"embeddable":true,"href":"https:\/\/antcube.shop\/lv\/wp-json\/wp\/v2\/comments?post=4660"}],"wp:featuredmedia":[{"embeddable":true,"href":"https:\/\/antcube.shop\/lv\/wp-json\/wp\/v2\/media\/5038"}],"wp:attachment":[{"href":"https:\/\/antcube.shop\/lv\/wp-json\/wp\/v2\/media?parent=4660"}],"wp:term":[{"taxonomy":"product_brand","embeddable":true,"href":"https:\/\/antcube.shop\/lv\/wp-json\/wp\/v2\/product_brand?post=4660"},{"taxonomy":"product_cat","embeddable":true,"href":"https:\/\/antcube.shop\/lv\/wp-json\/wp\/v2\/product_cat?post=4660"},{"taxonomy":"product_tag","embeddable":true,"href":"https:\/\/antcube.shop\/lv\/wp-json\/wp\/v2\/product_tag?post=4660"}],"curies":[{"name":"wp","href":"https:\/\/api.w.org\/{rel}","templated":true}]}}