{"id":4656,"date":"2022-11-14T14:35:20","date_gmt":"2022-11-14T13:35:20","guid":{"rendered":"https:\/\/antcube.shop\/produkt\/regenwaldhonig-re-nachfullpack-10ml\/"},"modified":"2026-04-05T11:59:16","modified_gmt":"2026-04-05T09:59:16","slug":"rainforest-medus-uzpildes-iepakojums-10ml","status":"publish","type":"product","link":"https:\/\/antcube.shop\/lv\/products\/rainforest-medus-uzpildes-iepakojums-10ml\/","title":{"rendered":"Rainforest Honey (Re) - uzpildes iepakojums 10ml"},"content":{"rendered":"<p><strong>Saturs:<\/strong> 10 ml<\/p>\n<p><strong>Apraksts:<\/strong> Tas ir t\u012brs dabisks produkts. Medus n\u0101k no lietus me\u017eiem, t\u0101p\u0113c tas ir ide\u0101li piem\u0113rots skudru sug\u0101m, kuru dzimtene ir lietus me\u017ei.<\/p>\n<p><strong>Pieteikums:<\/strong> Baro\u0161anas caurul\u012bti var ievietot veselu formik\u0101rij\u0101, vai ar\u012b p\u0113c vajadz\u012bbas\/atbilsto\u0161i kolonijas lielumam pievienot maz\u0101ku daudzumu barotav\u0101. Bar\u012bbas daudzums j\u0101izlieto apm\u0113ram 3 dienu laik\u0101, cit\u0101di past\u0101v pel\u0113juma risks, un t\u0101 pa\u0161a iemesla d\u0113\u013c pirms papildin\u0101\u0161anas izt\u012briet bar\u012bbas b\u013codu.<\/p>\n<p><strong>Lieto\u0161ana:<\/strong><br \/>\nTuksne\u0161a medus = medus\u0113d\u0101ju skudru (Meliphagidae) sug\u0101m.<br \/>\nT\u0101 ir papildbar\u012bba (vienreiz\u0113j\u0101 bar\u012bba).<br \/>\nTo var pied\u0101v\u0101t dz\u012bvniekiem pieg\u0101d\u0101t\u0101 st\u0101vokl\u012b. T\u0101 k\u0101 mitrums samazina cukura koncentr\u0101ciju un s\u0101kas ferment\u0101cijas process, bar\u012bba j\u0101maina ik p\u0113c 3 dien\u0101m. Pirms atk\u0101rtotas lieto\u0161anas r\u016bp\u012bgi izt\u012briet bar\u012bbas b\u013codu\/caurul\u012bti.<br \/>\nAtv\u0113rtu iepakojumu j\u0101lieto cie\u0161i nosl\u0113gtu l\u012bdz nor\u0101d\u012btajam (der\u012bguma termi\u0146am).<\/p>\n<p><strong>Satur:<\/strong> Medus sast\u0101vda\u013cas kopum\u0101, proporcijas at\u0161\u0137iras atkar\u012bb\u0101 no medus veida.<br \/>\n- aptuveni 38 % aug\u013cu cukura (fruktozes)<br \/>\n- aptuveni 32 % dekstroze (glikoze)<br \/>\n- aptuveni 20 % \u016bdens<br \/>\n- aptuveni 5 % daudzk\u0101rt\u0113js cukurs<br \/>\n- aptuveni 5 % vitam\u012bni (B1, B2, B6, C, H).<br \/>\nminer\u0101lvielas (k\u0101lijs, kalcijs, var\u0161, dzelzs, n\u0101trijs, magnijs, fosfors, cinks un citi mikroelementi). Aminosk\u0101bes (prol\u012bns, leic\u012bns, fenilalan\u012bns, alan\u012bns, histid\u012bns, izoleic\u012bns, glutam\u012bnsk\u0101be, argin\u012bns, asparag\u012bnsk\u0101be u. c.) Organisk\u0101s sk\u0101bes Fermenti (fermenti) Aromatiz\u0113t\u0101ji Inhib\u012bni (antibakteri\u0101las vielas) Ziedi Putek\u0161\u0146i<\/p>\n<p><strong>Uzglab\u0101\u0161ana:<\/strong> lai nodro\u0161in\u0101tu bar\u012bbas kvalit\u0101ti, t\u0101 j\u0101uzglab\u0101 tum\u0161\u0101 un saus\u0101 viet\u0101.<\/p>\n<p><strong>Pazi\u0146ojums:<\/strong><br \/>\nInform\u0101cija par baro\u0161anas caurul\u012b\u0161u lieto\u0161anu ir atrodama \u0161eit: Saite .<br \/>\nPapildu bar\u012bba medus\u0113d\u012bgaj\u0101m skudr\u0101m.<br \/>\nSast\u0101vs, anal\u012btisk\u0101s sast\u0101vda\u013cas, der\u012bguma termi\u0146\u0161 un partijas numurs ir nor\u0101d\u012bts iepakojuma pam\u0101c\u012bb\u0101.<\/p>\n<p>Inform\u0101cijas t\u0101lrunis +49 30 439703870<\/p>\n<p>Atbild\u012bg\u0101 veterin\u0101r\u0101 un p\u0101rtikas uzraudz\u012bbas iest\u0101de:<br \/>\nSteglitz veterin\u0101rais birojs<br \/>\nK\u00f6nigin-Luise-Str. 92<br \/>\n14195 Berl\u012bne<\/p>","protected":false},"excerpt":{"rendered":"<p>Papildu p\u0101rtika<\/p>","protected":false},"featured_media":5055,"comment_status":"open","ping_status":"closed","template":"","meta":{"_acf_changed":false,"content-type":"","_monsterinsights_skip_tracking":false,"_monsterinsights_sitenote_active":false,"_monsterinsights_sitenote_note":"","_monsterinsights_sitenote_category":0},"product_brand":[],"product_cat":[115,116],"product_tag":[],"class_list":{"0":"post-4656","1":"product","2":"type-product","3":"status-publish","4":"has-post-thumbnail","6":"product_cat-food-and-feeding","7":"product_cat-food","9":"first","10":"instock","11":"taxable","12":"shipping-taxable","13":"purchasable","14":"product-type-simple"},"acf":[],"aioseo_notices":[],"jetpack_sharing_enabled":true,"_links":{"self":[{"href":"https:\/\/antcube.shop\/lv\/wp-json\/wp\/v2\/product\/4656","targetHints":{"allow":["GET"]}}],"collection":[{"href":"https:\/\/antcube.shop\/lv\/wp-json\/wp\/v2\/product"}],"about":[{"href":"https:\/\/antcube.shop\/lv\/wp-json\/wp\/v2\/types\/product"}],"replies":[{"embeddable":true,"href":"https:\/\/antcube.shop\/lv\/wp-json\/wp\/v2\/comments?post=4656"}],"wp:featuredmedia":[{"embeddable":true,"href":"https:\/\/antcube.shop\/lv\/wp-json\/wp\/v2\/media\/5055"}],"wp:attachment":[{"href":"https:\/\/antcube.shop\/lv\/wp-json\/wp\/v2\/media?parent=4656"}],"wp:term":[{"taxonomy":"product_brand","embeddable":true,"href":"https:\/\/antcube.shop\/lv\/wp-json\/wp\/v2\/product_brand?post=4656"},{"taxonomy":"product_cat","embeddable":true,"href":"https:\/\/antcube.shop\/lv\/wp-json\/wp\/v2\/product_cat?post=4656"},{"taxonomy":"product_tag","embeddable":true,"href":"https:\/\/antcube.shop\/lv\/wp-json\/wp\/v2\/product_tag?post=4656"}],"curies":[{"name":"wp","href":"https:\/\/api.w.org\/{rel}","templated":true}]}}