{"id":4655,"date":"2022-11-14T14:35:04","date_gmt":"2022-11-14T13:35:04","guid":{"rendered":"https:\/\/antcube.shop\/produkt\/zucker-honiglosung-zh-nachfullpack-10ml\/"},"modified":"2026-04-16T11:07:10","modified_gmt":"2026-04-16T09:07:10","slug":"cukura-medus-skiduma-uzpildes-pakete-10ml","status":"publish","type":"product","link":"https:\/\/antcube.shop\/lv\/products\/cukura-medus-skiduma-uzpildes-pakete-10ml\/","title":{"rendered":"Cukura medus \u0161\u0137\u012bdums (ZH) - uzpildes iepakojums 10ml"},"content":{"rendered":"<p><strong>Saturs:<\/strong> 10 ml<\/p>\n<p><strong>Apraksts:<\/strong> Tas ir produkts, kas sast\u0101v no da\u017e\u0101diem og\u013chidr\u0101tiem (piem\u0113ram, medus un cukura).<\/p>\n<p><strong>Pieteikums:<\/strong> Baro\u0161anas caurul\u012bti var ievietot veselu formik\u0101rij\u0101, vai ar\u012b p\u0113c vajadz\u012bbas\/atbilsto\u0161i kolonijas lielumam pievienot maz\u0101ku daudzumu barotav\u0101. Bar\u012bbas daudzums j\u0101izlieto apm\u0113ram 3 dienu laik\u0101, cit\u0101di past\u0101v pel\u0113juma risks, un t\u0101 pa\u0161a iemesla d\u0113\u013c pirms papildin\u0101\u0161anas izt\u012briet bar\u012bbas b\u013codu.<\/p>\n<p><strong>Lieto\u0161ana:<\/strong><br \/>\nOg\u013chidr\u0101tu bar\u012bba = cukuru\/medu \u0113do\u0161\u0101m skudru sug\u0101m<br \/>\nT\u0101 ir papildbar\u012bba (bar\u012bbas mais\u012bjums).<br \/>\nTo var sajaukt ar pilienu \u016bdens, un mitru to var uzglab\u0101t 3 dienas. Pirms atk\u0101rtotas lieto\u0161anas r\u016bp\u012bgi izt\u012briet barotavu\/caurul\u012bti.<br \/>\nAtv\u0113rtu iepakojumu j\u0101lieto cie\u0161i nosl\u0113gtu (ja tas tiek uzglab\u0101ts saus\u0101 veid\u0101) l\u012bdz nor\u0101d\u012btajam der\u012bguma termi\u0146am.<\/p>\n<p><strong>Satur:<\/strong><br \/>\nFruktoze 27 l\u012bdz 44%,<br \/>\nGlikoze 22 l\u012bdz 41%,<br \/>\nSaharoze l\u012bdz 5%,<br \/>\nmaltoze 4 l\u012bdz 14%,<br \/>\nciti vair\u0101ki cukuri 1 l\u012bdz 14%.<br \/>\n<strong>Tauki:<\/strong> 0g<br \/>\n<strong>Og\u013chidr\u0101ti:<\/strong> 92g<br \/>\n<strong>Olbaltumvielas:<\/strong> 0g<br \/>\n<strong>S\u0101ls:<\/strong> 0g<\/p>\n<p>Uzglab\u0101\u0161ana: lai nodro\u0161in\u0101tu bar\u012bbas kvalit\u0101ti, t\u0101 j\u0101uzglab\u0101 tum\u0161\u0101 un saus\u0101 viet\u0101.<\/p>\n<p><strong>Pazi\u0146ojums:<\/strong><br \/>\nInform\u0101cija par baro\u0161anas caurul\u012b\u0161u lieto\u0161anu ir atrodama \u0161eit: Saite .<br \/>\nSast\u0101vs, anal\u012btisk\u0101s sast\u0101vda\u013cas, der\u012bguma termi\u0146\u0161 un partijas numurs ir nor\u0101d\u012bts iepakojuma pam\u0101c\u012bb\u0101.<\/p>\n<p>Inform\u0101cijas t\u0101lrunis +49 30 439703870<\/p>\n<p>Atbild\u012bg\u0101 veterin\u0101r\u0101 un p\u0101rtikas uzraudz\u012bbas iest\u0101de:<br \/>\nSteglitz veterin\u0101rais birojs<br \/>\nK\u00f6nigin-Luise-Str. 92<br \/>\n14195 Berl\u012bne<\/p>","protected":false},"excerpt":{"rendered":"<p>Papildu p\u0101rtika<\/p>","protected":false},"featured_media":5058,"comment_status":"open","ping_status":"closed","template":"","meta":{"_acf_changed":false,"content-type":"","_monsterinsights_skip_tracking":false,"_monsterinsights_sitenote_active":false,"_monsterinsights_sitenote_note":"","_monsterinsights_sitenote_category":0},"product_brand":[],"product_cat":[115,116],"product_tag":[],"class_list":{"0":"post-4655","1":"product","2":"type-product","3":"status-publish","4":"has-post-thumbnail","6":"product_cat-food-and-feeding","7":"product_cat-food","9":"first","10":"outofstock","11":"taxable","12":"shipping-taxable","13":"purchasable","14":"product-type-simple"},"acf":[],"aioseo_notices":[],"jetpack_sharing_enabled":true,"_links":{"self":[{"href":"https:\/\/antcube.shop\/lv\/wp-json\/wp\/v2\/product\/4655","targetHints":{"allow":["GET"]}}],"collection":[{"href":"https:\/\/antcube.shop\/lv\/wp-json\/wp\/v2\/product"}],"about":[{"href":"https:\/\/antcube.shop\/lv\/wp-json\/wp\/v2\/types\/product"}],"replies":[{"embeddable":true,"href":"https:\/\/antcube.shop\/lv\/wp-json\/wp\/v2\/comments?post=4655"}],"wp:featuredmedia":[{"embeddable":true,"href":"https:\/\/antcube.shop\/lv\/wp-json\/wp\/v2\/media\/5058"}],"wp:attachment":[{"href":"https:\/\/antcube.shop\/lv\/wp-json\/wp\/v2\/media?parent=4655"}],"wp:term":[{"taxonomy":"product_brand","embeddable":true,"href":"https:\/\/antcube.shop\/lv\/wp-json\/wp\/v2\/product_brand?post=4655"},{"taxonomy":"product_cat","embeddable":true,"href":"https:\/\/antcube.shop\/lv\/wp-json\/wp\/v2\/product_cat?post=4655"},{"taxonomy":"product_tag","embeddable":true,"href":"https:\/\/antcube.shop\/lv\/wp-json\/wp\/v2\/product_tag?post=4655"}],"curies":[{"name":"wp","href":"https:\/\/api.w.org\/{rel}","templated":true}]}}