{"id":4654,"date":"2022-11-14T14:34:48","date_gmt":"2022-11-14T13:34:48","guid":{"rendered":"https:\/\/antcube.shop\/produkt\/zuckerlosung-z-nachfullpack-10ml\/"},"modified":"2026-04-20T09:56:50","modified_gmt":"2026-04-20T07:56:50","slug":"cukura-skiduma-uzpildes-iepakojums-10ml","status":"publish","type":"product","link":"https:\/\/antcube.shop\/lv\/products\/cukura-skiduma-uzpildes-iepakojums-10ml\/","title":{"rendered":"Cukura \u0161\u0137\u012bdums (Z) - uzpildes iepakojums 10ml"},"content":{"rendered":"<p><strong>Saturs:<\/strong> 10ml<\/p>\n<p><strong>Apraksts:<\/strong> Cukura \u0161\u0137\u012bdums ir papildbar\u012bba citai bar\u012bbai.<\/p>\n<p><strong>Lieto\u0161ana:<\/strong><br \/>\nCukura \u0161\u0137\u012bdums = cukuru \u0113do\u0161\u0101m skudru sug\u0101m.<br \/>\nT\u0101 ir papildbar\u012bba (vienreiz\u0113j\u0101 bar\u012bba).<br \/>\nTo var pied\u0101v\u0101t dz\u012bvniekiem pieg\u0101d\u0101t\u0101 st\u0101vokl\u012b. To var lietot, l\u012bdz cukurs ir iz\u017euvis. Pirms atk\u0101rtotas lieto\u0161anas r\u016bp\u012bgi izt\u012briet barotavu\/caurul\u012bti.<br \/>\nAtv\u0113rtu iepakojumu j\u0101lieto cie\u0161i nosl\u0113gtu l\u012bdz nor\u0101d\u012btajam (der\u012bguma termi\u0146am).<\/p>\n<p><strong>Satur:<\/strong><br \/>\nInvertcukurs 55%<br \/>\nSaharoze 45%<\/p>\n<p><strong>Uzglab\u0101\u0161ana:<\/strong> lai nodro\u0161in\u0101tu bar\u012bbas kvalit\u0101ti, t\u0101 j\u0101uzglab\u0101 tum\u0161\u0101 un saus\u0101 viet\u0101.<\/p>\n<p><strong>Pazi\u0146ojums:<\/strong><br \/>\nInform\u0101cija par baro\u0161anas caurul\u012b\u0161u lieto\u0161anu ir atrodama \u0161eit: Saite .<br \/>\nSast\u0101vs, anal\u012btisk\u0101s sast\u0101vda\u013cas, der\u012bguma termi\u0146\u0161 un partijas numurs ir nor\u0101d\u012bts iepakojuma pam\u0101c\u012bb\u0101.<\/p>\n<p>Inform\u0101cijas t\u0101lrunis +49 30 439703870<\/p>\n<p>Atbild\u012bg\u0101 veterin\u0101r\u0101 un p\u0101rtikas uzraudz\u012bbas iest\u0101de:<br \/>\nSteglitz veterin\u0101rais birojs<br \/>\nK\u00f6nigin-Luise-Str. 92<br \/>\n14195 Berl\u012bne<\/p>","protected":false},"excerpt":{"rendered":"<p>Papildu p\u0101rtika<\/p>","protected":false},"featured_media":5063,"comment_status":"open","ping_status":"closed","template":"","meta":{"_acf_changed":false,"content-type":"","_monsterinsights_skip_tracking":false,"_monsterinsights_sitenote_active":false,"_monsterinsights_sitenote_note":"","_monsterinsights_sitenote_category":0},"product_brand":[],"product_cat":[115,116],"product_tag":[],"class_list":{"0":"post-4654","1":"product","2":"type-product","3":"status-publish","4":"has-post-thumbnail","6":"product_cat-food-and-feeding","7":"product_cat-food","9":"first","10":"instock","11":"taxable","12":"shipping-taxable","13":"purchasable","14":"product-type-simple"},"acf":[],"aioseo_notices":[],"jetpack_sharing_enabled":true,"_links":{"self":[{"href":"https:\/\/antcube.shop\/lv\/wp-json\/wp\/v2\/product\/4654","targetHints":{"allow":["GET"]}}],"collection":[{"href":"https:\/\/antcube.shop\/lv\/wp-json\/wp\/v2\/product"}],"about":[{"href":"https:\/\/antcube.shop\/lv\/wp-json\/wp\/v2\/types\/product"}],"replies":[{"embeddable":true,"href":"https:\/\/antcube.shop\/lv\/wp-json\/wp\/v2\/comments?post=4654"}],"wp:featuredmedia":[{"embeddable":true,"href":"https:\/\/antcube.shop\/lv\/wp-json\/wp\/v2\/media\/5063"}],"wp:attachment":[{"href":"https:\/\/antcube.shop\/lv\/wp-json\/wp\/v2\/media?parent=4654"}],"wp:term":[{"taxonomy":"product_brand","embeddable":true,"href":"https:\/\/antcube.shop\/lv\/wp-json\/wp\/v2\/product_brand?post=4654"},{"taxonomy":"product_cat","embeddable":true,"href":"https:\/\/antcube.shop\/lv\/wp-json\/wp\/v2\/product_cat?post=4654"},{"taxonomy":"product_tag","embeddable":true,"href":"https:\/\/antcube.shop\/lv\/wp-json\/wp\/v2\/product_tag?post=4654"}],"curies":[{"name":"wp","href":"https:\/\/api.w.org\/{rel}","templated":true}]}}