{"id":4650,"date":"2022-11-14T14:33:45","date_gmt":"2022-11-14T13:33:45","guid":{"rendered":"https:\/\/antcube.shop\/produkt\/kornerfutter-major-ma-nachfullpack-20ml\/"},"modified":"2026-04-13T09:30:37","modified_gmt":"2026-04-13T07:30:37","slug":"graudaugu-edvielas-major-refill-pack-20ml","status":"publish","type":"product","link":"https:\/\/antcube.shop\/lv\/products\/graudaugu-edvielas-major-refill-pack-20ml\/","title":{"rendered":"Graudu p\u0101rtika Major (Ma) - uzpildes iepakojums 20ml"},"content":{"rendered":"<p><strong>Saturs:<\/strong> 20 ml (atbilst apm\u0113ram 14 g).<\/p>\n<p><strong>Apraksts:<\/strong> Liel\u0101ki graudi\/s\u0113klas liel\u0101k\u0101m graudus v\u0101co\u0161o skudru sugu, piem\u0113ram, Messor \u0123ints, kolonij\u0101m, kur\u0101s jau ir liel\u0101k\u0101s str\u0101dnieku skudras.<\/p>\n<p><strong>Pazi\u0146ojums:<\/strong><br \/>\nInform\u0101ciju par barotavu lieto\u0161anu var atrast \u0161eit: Saite .<br \/>\nPapildu bar\u012bba graudz\u0113d\u012bg\u0101m skudr\u0101m.<br \/>\nSast\u0101vs, anal\u012btisk\u0101s sast\u0101vda\u013cas, der\u012bguma termi\u0146\u0161 un partijas numurs ir nor\u0101d\u012bts iepakojuma pam\u0101c\u012bb\u0101.<\/p>\n<p>Inform\u0101cijas t\u0101lrunis +49 30 439703870<\/p>\n<p>Atbild\u012bg\u0101 veterin\u0101r\u0101 un p\u0101rtikas uzraudz\u012bbas iest\u0101de:<br \/>\nSteglitz veterin\u0101rais birojs<br \/>\nK\u00f6nigin-Luise-Str. 92<br \/>\n14195 Berl\u012bne<\/p>","protected":false},"excerpt":{"rendered":"<p>Papildu p\u0101rtika<\/p>","protected":false},"featured_media":5736,"comment_status":"open","ping_status":"closed","template":"","meta":{"_acf_changed":false,"content-type":"","_monsterinsights_skip_tracking":false,"_monsterinsights_sitenote_active":false,"_monsterinsights_sitenote_note":"","_monsterinsights_sitenote_category":0},"product_brand":[],"product_cat":[115,116],"product_tag":[],"class_list":{"0":"post-4650","1":"product","2":"type-product","3":"status-publish","4":"has-post-thumbnail","6":"product_cat-food-and-feeding","7":"product_cat-food","9":"first","10":"instock","11":"taxable","12":"shipping-taxable","13":"purchasable","14":"product-type-simple"},"acf":[],"aioseo_notices":[],"jetpack_sharing_enabled":true,"_links":{"self":[{"href":"https:\/\/antcube.shop\/lv\/wp-json\/wp\/v2\/product\/4650","targetHints":{"allow":["GET"]}}],"collection":[{"href":"https:\/\/antcube.shop\/lv\/wp-json\/wp\/v2\/product"}],"about":[{"href":"https:\/\/antcube.shop\/lv\/wp-json\/wp\/v2\/types\/product"}],"replies":[{"embeddable":true,"href":"https:\/\/antcube.shop\/lv\/wp-json\/wp\/v2\/comments?post=4650"}],"wp:featuredmedia":[{"embeddable":true,"href":"https:\/\/antcube.shop\/lv\/wp-json\/wp\/v2\/media\/5736"}],"wp:attachment":[{"href":"https:\/\/antcube.shop\/lv\/wp-json\/wp\/v2\/media?parent=4650"}],"wp:term":[{"taxonomy":"product_brand","embeddable":true,"href":"https:\/\/antcube.shop\/lv\/wp-json\/wp\/v2\/product_brand?post=4650"},{"taxonomy":"product_cat","embeddable":true,"href":"https:\/\/antcube.shop\/lv\/wp-json\/wp\/v2\/product_cat?post=4650"},{"taxonomy":"product_tag","embeddable":true,"href":"https:\/\/antcube.shop\/lv\/wp-json\/wp\/v2\/product_tag?post=4650"}],"curies":[{"name":"wp","href":"https:\/\/api.w.org\/{rel}","templated":true}]}}