{"id":4648,"date":"2022-11-14T14:33:14","date_gmt":"2022-11-14T13:33:14","guid":{"rendered":"https:\/\/antcube.shop\/produkt\/himbeerblatter-100g-getrocknet\/"},"modified":"2026-04-21T18:47:04","modified_gmt":"2026-04-21T16:47:04","slug":"avenu-lapas-100g-zavetas","status":"publish","type":"product","link":"https:\/\/antcube.shop\/lv\/products\/avenu-lapas-100g-zavetas\/","title":{"rendered":"Ave\u0146u lapas 100g - \u017e\u0101v\u0113tas"},"content":{"rendered":"<p><strong>Saturs:<\/strong><br \/>\n100g \u017e\u0101v\u0113tu ave\u0146u lapu<\/p>\n<p><strong>Apraksts:<\/strong><br \/>\nAve\u0146u lapas k\u0101 augsne s\u0113n\u012b\u0161u augo\u0161\u0101m skudru sug\u0101m. Tas ir t\u012bri dabisks produkts.<\/p>\n<p><strong>Lieto\u0161ana:<\/strong><br \/>\nAve\u0146u lapas = s\u0113n\u012b\u0161u vairo\u0161an\u0101s skudru sug\u0101m.<br \/>\nSaus\u0101s lapas kalpo tikai k\u0101 augsne lapgrau\u017eu skudrul\u012b\u0161u s\u0113n\u012b\u0161u savairo\u0161anai (ieteicams vienlaic\u012bgi pied\u0101v\u0101t saldus \u0161\u0137idrumus, lai aizst\u0101tu tr\u016bksto\u0161\u0101s augu sulas). Vienk\u0101r\u0161i ievietojiet barojam\u0101s lapas saus\u0101s bar\u012bbas kamer\u0101. Tom\u0113r dz\u012bvnieki dod priek\u0161roku svaig\u0101m lap\u0101m. T\u0101p\u0113c \u017e\u0101v\u0113tas lapas ir vispiem\u0113rot\u0101k\u0101s, lai p\u0101rvar\u0113tu periodus, kad nav iesp\u0113jams t\u0101s pied\u0101v\u0101t.<\/p>\n<p><strong>Uzglab\u0101\u0161ana:<\/strong><br \/>\nSaus\u0101 vid\u0113<\/p>\n<p><strong>Satur:<\/strong><br \/>\n100% \u017e\u0101v\u0113tas ave\u0146u lapas<\/p>","protected":false},"excerpt":{"rendered":"<p>Papildu p\u0101rtika<\/p>","protected":false},"featured_media":5115,"comment_status":"open","ping_status":"closed","template":"","meta":{"_acf_changed":false,"content-type":"","_monsterinsights_skip_tracking":false,"_monsterinsights_sitenote_active":false,"_monsterinsights_sitenote_note":"","_monsterinsights_sitenote_category":0},"product_brand":[],"product_cat":[115,116],"product_tag":[],"class_list":{"0":"post-4648","1":"product","2":"type-product","3":"status-publish","4":"has-post-thumbnail","6":"product_cat-food-and-feeding","7":"product_cat-food","9":"first","10":"instock","11":"taxable","12":"shipping-taxable","13":"purchasable","14":"product-type-simple"},"acf":[],"aioseo_notices":[],"jetpack_sharing_enabled":true,"_links":{"self":[{"href":"https:\/\/antcube.shop\/lv\/wp-json\/wp\/v2\/product\/4648","targetHints":{"allow":["GET"]}}],"collection":[{"href":"https:\/\/antcube.shop\/lv\/wp-json\/wp\/v2\/product"}],"about":[{"href":"https:\/\/antcube.shop\/lv\/wp-json\/wp\/v2\/types\/product"}],"replies":[{"embeddable":true,"href":"https:\/\/antcube.shop\/lv\/wp-json\/wp\/v2\/comments?post=4648"}],"wp:featuredmedia":[{"embeddable":true,"href":"https:\/\/antcube.shop\/lv\/wp-json\/wp\/v2\/media\/5115"}],"wp:attachment":[{"href":"https:\/\/antcube.shop\/lv\/wp-json\/wp\/v2\/media?parent=4648"}],"wp:term":[{"taxonomy":"product_brand","embeddable":true,"href":"https:\/\/antcube.shop\/lv\/wp-json\/wp\/v2\/product_brand?post=4648"},{"taxonomy":"product_cat","embeddable":true,"href":"https:\/\/antcube.shop\/lv\/wp-json\/wp\/v2\/product_cat?post=4648"},{"taxonomy":"product_tag","embeddable":true,"href":"https:\/\/antcube.shop\/lv\/wp-json\/wp\/v2\/product_tag?post=4648"}],"curies":[{"name":"wp","href":"https:\/\/api.w.org\/{rel}","templated":true}]}}