{"id":4642,"date":"2022-11-14T14:31:41","date_gmt":"2022-11-14T13:31:41","guid":{"rendered":"https:\/\/antcube.shop\/produkt\/jelly-food-brauner-zucker-16g\/"},"modified":"2026-04-23T18:25:16","modified_gmt":"2026-04-23T16:25:16","slug":"zelejas-partikas-brunais-cukurs-16g","status":"publish","type":"product","link":"https:\/\/antcube.shop\/lv\/products\/zelejas-partikas-brunais-cukurs-16g\/","title":{"rendered":"\u017deleja P\u0101rtikas br\u016bnais cukurs 16g"},"content":{"rendered":"<p><strong>Daudzums:<\/strong> 16g<\/p>\n<p><strong>Apraksts:<\/strong><br \/>\nVitam\u012bni un olbaltumvielas ir jebkura organisma pamatelementi. Da\u017eus no tiem organisms var sara\u017eot pats, bet citi j\u0101uz\u0146em ar p\u0101rtiku.<br \/>\nKukai\u0146u m\u012b\u013cot\u0101ji vis\u0101 pasaul\u0113 nov\u0113rt\u0113 \u0161o formulu, kas veicina vairo\u0161anos un pagarina dz\u012bvi, l\u012bdzsvaroti barojot savus \"m\u012blu\u013cus\".<\/p>\n<p><strong>Sast\u0101vda\u013cas:<\/strong><br \/>\nSast\u0101vs: \u016bdens, fruktozes s\u012brups, cukurs.<br \/>\nAnal\u012btisk\u0101s sast\u0101vda\u013cas: Mitrums 65%<\/p>\n<p><strong>Lieto\u0161ana:<\/strong><br \/>\nAug\u013c\u0113d\u0101ju skudru sug\u0101m.<br \/>\nKombin\u0113t\u0101 bar\u012bba k\u0101 papildbar\u012bba<br \/>\n2-3 reizes ned\u0113\u013c\u0101 j\u0101pied\u0101v\u0101 aug\u013c\u0113d\u0101ju skudru sug\u0101m.<br \/>\nTo var pied\u0101v\u0101t dz\u012bvniekiem pieg\u0101d\u0101t\u0101 st\u0101vokl\u012b. Telpas temperat\u016br\u0101 \u017eeleja var \u0101tri sapel\u0113t. T\u0101p\u0113c bar\u012bba j\u0101maina vismaz reizi 3 dien\u0101s. Pirms atk\u0101rtotas lieto\u0161anas r\u016bp\u012bgi izt\u012briet bar\u012bbas trauku.<\/p>\n<p><strong>Der\u012bguma termi\u0146\u0161:<\/strong><br \/>\nJa \u017eeleja ir sl\u0113gta, t\u0101s der\u012bguma termi\u0146\u0161 ir vismaz 1 gads (skat\u012bt der\u012bguma termi\u0146u uz iepakojuma); atv\u0113rta t\u0101 j\u0101glab\u0101 ledusskap\u012b un j\u0101izlieto 5-7 dienu laik\u0101. To var ar\u012b sasald\u0113t sald\u0113tav\u0101 un p\u0113c vajadz\u012bbas atkaus\u0113t nelielos daudzumos.<\/p>\n<p><strong>Pazi\u0146ojums:<\/strong><br \/>\nSast\u0101vs, anal\u012btisk\u0101s sast\u0101vda\u013cas, partijas identifik\u0101cijas numurs un der\u012bguma termi\u0146\u0161 (BBD) ir nor\u0101d\u012bti iepakojuma lieto\u0161anas pam\u0101c\u012bb\u0101.<\/p>\n<p>Inform\u0101cijas karst\u0101 l\u012bnija (fakss): +49 2065-67290<\/p>\n<p>Atbild\u012bg\u0101 veterin\u0101r\u0101 un p\u0101rtikas inspekcija:<br \/>\nOfici\u0101lais veterin\u0101r\u0101rsts \/ veterin\u0101rais eksperts.<br \/>\nPie Schnabelhuck 6<br \/>\n47049 Duisburg<\/p>","protected":false},"excerpt":{"rendered":"<p>Papildu p\u0101rtika<\/p>","protected":false},"featured_media":5094,"comment_status":"open","ping_status":"closed","template":"","meta":{"_acf_changed":false,"content-type":"","_monsterinsights_skip_tracking":false,"_monsterinsights_sitenote_active":false,"_monsterinsights_sitenote_note":"","_monsterinsights_sitenote_category":0},"product_brand":[],"product_cat":[115,116],"product_tag":[],"class_list":{"0":"post-4642","1":"product","2":"type-product","3":"status-publish","4":"has-post-thumbnail","6":"product_cat-food-and-feeding","7":"product_cat-food","9":"first","10":"instock","11":"taxable","12":"shipping-taxable","13":"purchasable","14":"product-type-simple"},"acf":[],"aioseo_notices":[],"jetpack_sharing_enabled":true,"_links":{"self":[{"href":"https:\/\/antcube.shop\/lv\/wp-json\/wp\/v2\/product\/4642","targetHints":{"allow":["GET"]}}],"collection":[{"href":"https:\/\/antcube.shop\/lv\/wp-json\/wp\/v2\/product"}],"about":[{"href":"https:\/\/antcube.shop\/lv\/wp-json\/wp\/v2\/types\/product"}],"replies":[{"embeddable":true,"href":"https:\/\/antcube.shop\/lv\/wp-json\/wp\/v2\/comments?post=4642"}],"wp:featuredmedia":[{"embeddable":true,"href":"https:\/\/antcube.shop\/lv\/wp-json\/wp\/v2\/media\/5094"}],"wp:attachment":[{"href":"https:\/\/antcube.shop\/lv\/wp-json\/wp\/v2\/media?parent=4642"}],"wp:term":[{"taxonomy":"product_brand","embeddable":true,"href":"https:\/\/antcube.shop\/lv\/wp-json\/wp\/v2\/product_brand?post=4642"},{"taxonomy":"product_cat","embeddable":true,"href":"https:\/\/antcube.shop\/lv\/wp-json\/wp\/v2\/product_cat?post=4642"},{"taxonomy":"product_tag","embeddable":true,"href":"https:\/\/antcube.shop\/lv\/wp-json\/wp\/v2\/product_tag?post=4642"}],"curies":[{"name":"wp","href":"https:\/\/api.w.org\/{rel}","templated":true}]}}