{"id":4640,"date":"2022-11-14T14:31:10","date_gmt":"2022-11-14T13:31:10","guid":{"rendered":"https:\/\/antcube.shop\/produkt\/pinzette-federstahl-spitz-weich\/"},"modified":"2026-03-31T10:49:34","modified_gmt":"2026-03-31T08:49:34","slug":"pincetes-atsperu-terauda-smailas-mikstas","status":"publish","type":"product","link":"https:\/\/antcube.shop\/lv\/products\/pincetes-atsperu-terauda-smailas-mikstas\/","title":{"rendered":"Pincete atsperu t\u0113rauda - asa - m\u012bksta"},"content":{"rendered":"<p><strong>Garums:<\/strong> 120 mm<\/p>\n<p><strong>Materi\u0101ls:<\/strong> atsperu t\u0113rauds 0,2 mm, ner\u016bs\u0113jo\u0161ais t\u0113rauds.<\/p>\n<p><strong>Apraksts:<\/strong> Ner\u016bs\u0113jo\u0161\u0101 t\u0113rauda pincete ar smaili, ner\u016bs\u0113jo\u0161\u0101 t\u0113rauda. Ide\u0101li piem\u0113rots skudru \"pacel\u0161anai\", jo ar \u0161\u0101da veida pincetes spiediens ir ierobe\u017eots, t\u0101p\u0113c skudras nevar \"saspiest\".<\/p>\n<p>&nbsp;<\/p>\n<div style=\"width: 1020px;\" class=\"wp-video\"><video class=\"wp-video-shortcode\" id=\"video-4640-1\" width=\"1020\" height=\"574\" preload=\"metadata\" controls=\"controls\"><source type=\"video\/mp4\" src=\"https:\/\/antcube.shop\/wp-content\/uploads\/2024\/05\/Antcube_Tweezers-spring-steel-\u2013-pointed-\u2013-soft_preview01.mp4?_=1\" \/><a href=\"https:\/\/antcube.shop\/wp-content\/uploads\/2024\/05\/Antcube_Tweezers-spring-steel---pointed---soft_preview01.mp4\">https:\/\/antcube.shop\/wp-content\/uploads\/2024\/05\/Antcube_Tweezers-spring-steel---pointed---soft_preview01.mp4<\/a><\/video><\/div>\n<p>&nbsp;<\/p>","protected":false},"excerpt":{"rendered":"<p>Garums: 120 mm, Materi\u0101ls: atsperu t\u0113rauds, ner\u016bs\u0113jo\u0161ais t\u0113rauds<\/p>","protected":false},"featured_media":5099,"comment_status":"open","ping_status":"closed","template":"","meta":{"_acf_changed":false,"content-type":"","_monsterinsights_skip_tracking":false,"_monsterinsights_sitenote_active":false,"_monsterinsights_sitenote_note":"","_monsterinsights_sitenote_category":0},"product_brand":[],"product_cat":[237],"product_tag":[],"class_list":{"0":"post-4640","1":"product","2":"type-product","3":"status-publish","4":"has-post-thumbnail","6":"product_cat-tools","8":"first","9":"instock","10":"taxable","11":"shipping-taxable","12":"purchasable","13":"product-type-simple"},"acf":[],"aioseo_notices":[],"jetpack_sharing_enabled":true,"_links":{"self":[{"href":"https:\/\/antcube.shop\/lv\/wp-json\/wp\/v2\/product\/4640","targetHints":{"allow":["GET"]}}],"collection":[{"href":"https:\/\/antcube.shop\/lv\/wp-json\/wp\/v2\/product"}],"about":[{"href":"https:\/\/antcube.shop\/lv\/wp-json\/wp\/v2\/types\/product"}],"replies":[{"embeddable":true,"href":"https:\/\/antcube.shop\/lv\/wp-json\/wp\/v2\/comments?post=4640"}],"wp:featuredmedia":[{"embeddable":true,"href":"https:\/\/antcube.shop\/lv\/wp-json\/wp\/v2\/media\/5099"}],"wp:attachment":[{"href":"https:\/\/antcube.shop\/lv\/wp-json\/wp\/v2\/media?parent=4640"}],"wp:term":[{"taxonomy":"product_brand","embeddable":true,"href":"https:\/\/antcube.shop\/lv\/wp-json\/wp\/v2\/product_brand?post=4640"},{"taxonomy":"product_cat","embeddable":true,"href":"https:\/\/antcube.shop\/lv\/wp-json\/wp\/v2\/product_cat?post=4640"},{"taxonomy":"product_tag","embeddable":true,"href":"https:\/\/antcube.shop\/lv\/wp-json\/wp\/v2\/product_tag?post=4640"}],"curies":[{"name":"wp","href":"https:\/\/api.w.org\/{rel}","templated":true}]}}