{"id":4638,"date":"2022-11-14T14:30:39","date_gmt":"2022-11-14T13:30:39","guid":{"rendered":"https:\/\/antcube.shop\/produkt\/durchgangsschieber-m\/"},"modified":"2026-04-01T13:28:12","modified_gmt":"2026-04-01T11:28:12","slug":"caurvadi-caur-varstiem-m","status":"publish","type":"product","link":"https:\/\/antcube.shop\/lv\/products\/caurvadi-caur-varstiem-m\/","title":{"rendered":"Caurv\u0101rsts - M"},"content":{"rendered":"<p><strong>Izm\u0113ri:<\/strong> 78 x 17 x 53 mm 14\/10 mm caurul\u0113m vai skudru fermas izm\u0113rs M<\/p>\n<p><strong>Materi\u0101ls:<\/strong> PMMA<\/p>\n<p><strong>Kr\u0101sas:<\/strong> caursp\u012bd\u012bgs, pel\u0113ks<\/p>\n<p><strong>Saturs:<\/strong> 1x ejas sl\u012bdnis<\/p>\n<p><strong>Apraksts:<\/strong> Caurlaides sl\u012bdnis aizver vai atver skudru eju caurul\u0113 vai starp diviem formikarijiem.<br \/>\nTas ir caursp\u012bd\u012bgs, t\u0101p\u0113c, \"aizverot\", varat p\u0101rbaud\u012bt, vai starp t\u0101m ir skudras. V\u0101rstuli izmanto ar\u012b skudru pl\u016bsmas kontrolei un regul\u0113\u0161anai caurul\u0113s.<\/p>\n<p><strong>Piez\u012bme par pieteikumu<\/strong><br \/>\nSakar\u0101 ar filigr\u0101no konstrukciju, pievienojot vai atvienojot \u0161\u013c\u016btenes, j\u0101iev\u0113ro \u0161\u0101di noteikumi:<br \/>\nJa caurules ir \u013coti gr\u016bti uzmont\u0113t uz savienot\u0101ja bukses, buksi viegli ieberiet ar pilienu m\u016bsu e\u013c\u013cas vai pulvera, kas aizsarg\u0101 pret izlau\u0161anos. P\u0113c tam \u0161\u013c\u016btene j\u0101uzspie\u017e uz uzmavas, veicot pagrie\u017eamas vai skr\u016bv\u0113jamas kust\u012bbas, neuzspie\u017eot uzmavu ar kust\u012bb\u0101m uz aug\u0161u un uz leju. Tas pats attiecas uz \u0161\u013c\u016bte\u0146u no\u0146em\u0161anu no savienojuma bukses. L\u016bdzu, vienk\u0101r\u0161i neno\u0146emiet!<\/p>\n<p><strong>Atjaunin\u0101t inform\u0101ciju:<\/strong><br \/>\n15.12.2020: Stie\u0146i ir pastiprin\u0101ti par 3 mm.<\/p>","protected":false},"excerpt":{"rendered":"<p>Izm\u0113ri: M izm\u0113rs: 78 x 17 x 53 mm 14\/10 mm caurul\u0113m vai skudru fermas izm\u0113rs Materi\u0101ls: Materi\u0101ls: PMMA Kr\u0101sas: caursp\u012bd\u012bgs, pel\u0113ks Saturs: Sast\u0101vs: 1x caurlaides sl\u012bdnis Apraksts: Caurlaides sl\u012bdnis aizver vai atver skudru caurlaidi caurul\u0113 vai starp diviem formikarijiem. Tas ir caursp\u012bd\u012bgs, t\u0101p\u0113c var p\u0101rbaud\u012bt, vai starp t\u0101m ir skudras.","protected":false},"featured_media":5172,"comment_status":"open","ping_status":"closed","template":"","meta":{"_acf_changed":false,"content-type":"","_monsterinsights_skip_tracking":false,"_monsterinsights_sitenote_active":false,"_monsterinsights_sitenote_note":"","_monsterinsights_sitenote_category":0},"product_brand":[],"product_cat":[121],"product_tag":[],"class_list":{"0":"post-4638","1":"product","2":"type-product","3":"status-publish","4":"has-post-thumbnail","6":"product_cat-connectors","8":"first","9":"instock","10":"taxable","11":"shipping-taxable","12":"purchasable","13":"product-type-simple"},"acf":[],"aioseo_notices":[],"jetpack_sharing_enabled":true,"_links":{"self":[{"href":"https:\/\/antcube.shop\/lv\/wp-json\/wp\/v2\/product\/4638","targetHints":{"allow":["GET"]}}],"collection":[{"href":"https:\/\/antcube.shop\/lv\/wp-json\/wp\/v2\/product"}],"about":[{"href":"https:\/\/antcube.shop\/lv\/wp-json\/wp\/v2\/types\/product"}],"replies":[{"embeddable":true,"href":"https:\/\/antcube.shop\/lv\/wp-json\/wp\/v2\/comments?post=4638"}],"wp:featuredmedia":[{"embeddable":true,"href":"https:\/\/antcube.shop\/lv\/wp-json\/wp\/v2\/media\/5172"}],"wp:attachment":[{"href":"https:\/\/antcube.shop\/lv\/wp-json\/wp\/v2\/media?parent=4638"}],"wp:term":[{"taxonomy":"product_brand","embeddable":true,"href":"https:\/\/antcube.shop\/lv\/wp-json\/wp\/v2\/product_brand?post=4638"},{"taxonomy":"product_cat","embeddable":true,"href":"https:\/\/antcube.shop\/lv\/wp-json\/wp\/v2\/product_cat?post=4638"},{"taxonomy":"product_tag","embeddable":true,"href":"https:\/\/antcube.shop\/lv\/wp-json\/wp\/v2\/product_tag?post=4638"}],"curies":[{"name":"wp","href":"https:\/\/api.w.org\/{rel}","templated":true}]}}