{"id":4637,"date":"2022-11-14T14:30:23","date_gmt":"2022-11-14T13:30:23","guid":{"rendered":"https:\/\/antcube.shop\/produkt\/durchgangsschieber-l\/"},"modified":"2026-03-30T12:22:09","modified_gmt":"2026-03-30T10:22:09","slug":"caur-aizbidna-varstu-l","status":"publish","type":"product","link":"https:\/\/antcube.shop\/lv\/products\/caur-aizbidna-varstu-l\/","title":{"rendered":"Caurv\u0101rsts - L"},"content":{"rendered":"<p><strong>Izm\u0113ri:<\/strong> 78 x 27 x 53 mm 14\/16\/18\/20 mm caurul\u0113m vai skudru fermas izm\u0113rs L<\/p>\n<p>14\/10 caurule ir cie\u0161i iesl\u0113gta 14 mm kontaktligzd\u0101.<br \/>\n20\/16 caurule ir piestiprin\u0101ta pie pirm\u0101 16 mm pak\u0101piena.<br \/>\n22\/18 caurule ir piestiprin\u0101ta pie otr\u0101 20 mm pak\u0101piena.<br \/>\n24\/20 caurule ir br\u012bvi piestiprin\u0101ta pie otr\u0101 20 mm pak\u0101piena.<\/p>\n<p><strong>Materi\u0101ls:<\/strong> PMMA<\/p>\n<p><strong>Kr\u0101sas:<\/strong> krist\u0101ldzidrs, pel\u0113ks<\/p>\n<p><strong>Saturs:<\/strong> 1x caur caurumu sl\u012bdnis<\/p>\n<p><strong>Apraksts:<\/strong> Caurlaides sl\u012bdnis blo\u0137\u0113 vai atver skudru ce\u013cu caurul\u0113 vai starp diviem formikarijiem.<br \/>\nTas ir caursp\u012bd\u012bgs, t\u0101p\u0113c, \"aizverot\", varat p\u0101rbaud\u012bt, vai starp t\u0101m ir skudras. V\u0101rstuli izmanto ar\u012b skudru pl\u016bsmas kontrolei un regul\u0113\u0161anai caurul\u0113s.<\/p>\n<p>Piez\u012bme par pieteikumu<br \/>\nSakar\u0101 ar filigr\u0101no konstrukciju, pievienojot vai atvienojot \u0161\u013c\u016btenes, j\u0101iev\u0113ro \u0161\u0101di noteikumi:<br \/>\nJa caurules ir \u013coti gr\u016bti uzmont\u0113t uz savienot\u0101ja bukses, buksi viegli ieberiet ar pilienu m\u016bsu e\u013c\u013cas vai pulvera, kas aizsarg\u0101 pret izlau\u0161anos. P\u0113c tam \u0161\u013c\u016btene j\u0101uzspie\u017e uz uzmavas, veicot pagrie\u017eamas vai skr\u016bv\u0113jamas kust\u012bbas, neuzspie\u017eot uzmavu ar kust\u012bb\u0101m uz aug\u0161u un uz leju. Tas pats attiecas uz \u0161\u013c\u016bte\u0146u no\u0146em\u0161anu no savienojuma bukses. L\u016bdzu, vienk\u0101r\u0161i neno\u0146emiet!<\/p>\n<p><strong>Atjaunin\u0101t:<\/strong><br \/>\n15.12.2020: Stie\u0146i ir pastiprin\u0101ti par 3 mm.<\/p>","protected":false},"excerpt":{"rendered":"<p>Izm\u0113ri: 14\/16\/18\/20 mm caurul\u0113m vai ant fermas izm\u0113rs L 14\/10 cauruli cie\u0161i iesprau\u017e 14 mm ligzd\u0101 20\/16 cauruli nostiprina uz pirm\u0101 16 mm pak\u0101piena 22\/18 cauruli nostiprina uz otr\u0101 20 mm pak\u0101piena 24\/20 cauruli br\u012bvi nostiprina uz otr\u0101 20 mm pak\u0101piena Materi\u0101ls: PMMA Kr\u0101sas: krist\u0101ls","protected":false},"featured_media":5606,"comment_status":"open","ping_status":"closed","template":"","meta":{"_acf_changed":false,"content-type":"","_monsterinsights_skip_tracking":false,"_monsterinsights_sitenote_active":false,"_monsterinsights_sitenote_note":"","_monsterinsights_sitenote_category":0},"product_brand":[],"product_cat":[121],"product_tag":[],"class_list":{"0":"post-4637","1":"product","2":"type-product","3":"status-publish","4":"has-post-thumbnail","6":"product_cat-connectors","8":"first","9":"instock","10":"taxable","11":"shipping-taxable","12":"purchasable","13":"product-type-simple"},"acf":[],"aioseo_notices":[],"jetpack_sharing_enabled":true,"_links":{"self":[{"href":"https:\/\/antcube.shop\/lv\/wp-json\/wp\/v2\/product\/4637","targetHints":{"allow":["GET"]}}],"collection":[{"href":"https:\/\/antcube.shop\/lv\/wp-json\/wp\/v2\/product"}],"about":[{"href":"https:\/\/antcube.shop\/lv\/wp-json\/wp\/v2\/types\/product"}],"replies":[{"embeddable":true,"href":"https:\/\/antcube.shop\/lv\/wp-json\/wp\/v2\/comments?post=4637"}],"wp:featuredmedia":[{"embeddable":true,"href":"https:\/\/antcube.shop\/lv\/wp-json\/wp\/v2\/media\/5606"}],"wp:attachment":[{"href":"https:\/\/antcube.shop\/lv\/wp-json\/wp\/v2\/media?parent=4637"}],"wp:term":[{"taxonomy":"product_brand","embeddable":true,"href":"https:\/\/antcube.shop\/lv\/wp-json\/wp\/v2\/product_brand?post=4637"},{"taxonomy":"product_cat","embeddable":true,"href":"https:\/\/antcube.shop\/lv\/wp-json\/wp\/v2\/product_cat?post=4637"},{"taxonomy":"product_tag","embeddable":true,"href":"https:\/\/antcube.shop\/lv\/wp-json\/wp\/v2\/product_tag?post=4637"}],"curies":[{"name":"wp","href":"https:\/\/api.w.org\/{rel}","templated":true}]}}