{"id":4636,"date":"2022-11-14T14:30:07","date_gmt":"2022-11-14T13:30:07","guid":{"rendered":"https:\/\/antcube.shop\/produkt\/adapterkappe-16mm-zu-10mm\/"},"modified":"2026-04-02T16:20:16","modified_gmt":"2026-04-02T14:20:16","slug":"adaptera-adapteris-16mm-zu-10mm","status":"publish","type":"product","link":"https:\/\/antcube.shop\/lv\/products\/adaptera-adapteris-16mm-zu-10mm\/","title":{"rendered":"Adaptera v\u0101ci\u0146\u0161 no 16 mm uz 10 mm"},"content":{"rendered":"<div class=\"tab-body active\">\n<p><strong>Daudzums:<\/strong> 1 gab.<\/p>\n<p><strong>Izm\u0113ri:<\/strong> 20 x 15 mm<\/p>\n<p><strong>Materi\u0101ls:<\/strong> PE plastmasa<\/p>\n<p><strong>Kr\u0101sa:<\/strong> caursp\u012bd\u012bgs, pienains<\/p>\n<p><strong>Apraksts:<\/strong> K\u0101 adapteris baseina \u0161\u013c\u016btenes savienot\u0101jam 27 mm - 14,16,20 mm - trampl\u012bncaurulei (Art. 1001694), lai var\u0113tu pievienot ar\u012b \u0161\u013c\u016bteni 10\/06 mm (Art. 1001273) S-Farms.<\/p>\n<\/div>","protected":false},"excerpt":{"rendered":"<p>Daudzums: Izm\u0113ri: 1 gab: 20 x 15 mm Materi\u0101ls: Materi\u0101ls: PE plastmasa Kr\u0101sa: caursp\u012bd\u012bga, pienaina Apraksts: K\u0101 adapteris baseina \u0161\u013c\u016btenes savienot\u0101jam 27mm - 14,16,20mm - trampl\u012bnsarkan\u0101 kr\u0101s\u0101 (Art. 1001694), lai var\u0113tu pievienot ar\u012b \u0161\u013c\u016bteni 10\/06mm (Art. 1001273) S-Farms.<\/p>","protected":false},"featured_media":5112,"comment_status":"open","ping_status":"closed","template":"","meta":{"_acf_changed":false,"content-type":"","_monsterinsights_skip_tracking":false,"_monsterinsights_sitenote_active":false,"_monsterinsights_sitenote_note":"","_monsterinsights_sitenote_category":0},"product_brand":[],"product_cat":[121],"product_tag":[],"class_list":{"0":"post-4636","1":"product","2":"type-product","3":"status-publish","4":"has-post-thumbnail","6":"product_cat-connectors","8":"first","9":"instock","10":"taxable","11":"shipping-taxable","12":"purchasable","13":"product-type-simple"},"acf":[],"aioseo_notices":[],"jetpack_sharing_enabled":true,"_links":{"self":[{"href":"https:\/\/antcube.shop\/lv\/wp-json\/wp\/v2\/product\/4636","targetHints":{"allow":["GET"]}}],"collection":[{"href":"https:\/\/antcube.shop\/lv\/wp-json\/wp\/v2\/product"}],"about":[{"href":"https:\/\/antcube.shop\/lv\/wp-json\/wp\/v2\/types\/product"}],"replies":[{"embeddable":true,"href":"https:\/\/antcube.shop\/lv\/wp-json\/wp\/v2\/comments?post=4636"}],"wp:featuredmedia":[{"embeddable":true,"href":"https:\/\/antcube.shop\/lv\/wp-json\/wp\/v2\/media\/5112"}],"wp:attachment":[{"href":"https:\/\/antcube.shop\/lv\/wp-json\/wp\/v2\/media?parent=4636"}],"wp:term":[{"taxonomy":"product_brand","embeddable":true,"href":"https:\/\/antcube.shop\/lv\/wp-json\/wp\/v2\/product_brand?post=4636"},{"taxonomy":"product_cat","embeddable":true,"href":"https:\/\/antcube.shop\/lv\/wp-json\/wp\/v2\/product_cat?post=4636"},{"taxonomy":"product_tag","embeddable":true,"href":"https:\/\/antcube.shop\/lv\/wp-json\/wp\/v2\/product_tag?post=4636"}],"curies":[{"name":"wp","href":"https:\/\/api.w.org\/{rel}","templated":true}]}}