{"id":4628,"date":"2022-11-14T14:28:01","date_gmt":"2022-11-14T13:28:01","guid":{"rendered":"https:\/\/antcube.shop\/produkt\/antcube-ameisenfarm-m-30x30-wand\/"},"modified":"2026-03-26T09:28:48","modified_gmt":"2026-03-26T08:28:48","slug":"antcube-ant-farm-m-30x30-wall","status":"publish","type":"product","link":"https:\/\/antcube.shop\/lv\/products\/antcube-ant-farm-m-30x30-wall\/","title":{"rendered":"ANTCUBE - Skudru ferma - M - 30\u00d730 - sienas"},"content":{"rendered":"<p><strong>Izm\u0113ri (LxH):\u00a0<\/strong><br \/>\n<strong>\u0100rpus\u0113:<\/strong> 32,5 x 32,5 cm \/ Iek\u0161pus\u0113: 29,2 x 29,2 cm<\/p>\n<p><strong>Materi\u0101ls:<\/strong><br \/>\nPeldo\u0161ais stikls, koks, PMMA<\/p>\n<p><strong>Kr\u0101sa:<\/strong><br \/>\nkrist\u0101ldzidrs, balts<\/p>\n<p><strong>Saturs:<\/strong><br \/>\n1x skudru ferma 20 mm att\u0101lums starp pl\u0101ksn\u0113m ar sienas stiprin\u0101jumu.<br \/>\n1x v\u0101ks<br \/>\n1x balti kr\u0101sots koka r\u0101mis ar magn\u0113ta sl\u0113dzeni<br \/>\n2x starplikas ligzdas ielikt\u0146iem<br \/>\n6x skr\u016bves un d\u012bbe\u013ci (koka \/ akmens sienai)<\/p>\n<p><strong>savienojums:<\/strong><br \/>\n2x 8\/10 x 10 mm ligzda<\/p>\n<p><strong>Apraksts:<\/strong><br \/>\n\u0160\u012bs skudru fermas ir paredz\u0113tas mont\u0101\u017eai pie sienas, un t\u0101s var viegli uzst\u0101d\u012bt uz koka un akmens sien\u0101m.<br \/>\nR\u0101mis ir izgatavots no dab\u012bg\u0101 koka ar baltas kr\u0101sas apdari un m\u016bsdien\u012bgu, p\u0101rlaic\u012bgu dizainu.<br \/>\n\u0160o r\u0101mi var no\u0146emt, lai atv\u0113rtu fermu, un to var atkal piestiprin\u0101t fermai, izmantojot magn\u0113tisko tur\u0113t\u0101ju.<\/p>\n<p><strong>Mont\u0101\u017eas nor\u0101d\u012bjumi:<\/strong><br \/>\nLai piestiprin\u0101tu 6 d\u012bbe\u013cus \"S6\" sien\u0101, jums ir nepiecie\u0161ams urbis ar 6 mm urbi (koka vai akmens atkar\u012bb\u0101 no materi\u0101la).<br \/>\nSien\u0101 j\u0101izurbj 40 mm dzi\u013ci urbumi, lai iedzi\u013cin\u0101tu d\u012bbe\u013cus ar 4x30 mm skr\u016bv\u0113m.<\/p>\n<p><strong>Piez\u012bmes par ra\u017eo\u0161anu<\/strong><br \/>\nStikls ir griezts saska\u0146\u0101 ar DIN 1249 ar +\/- 1 mm pielaidi. \u012apa\u0161i maz\u0101m skudru sug\u0101m ir nepiecie\u0161ama papildu aizsardz\u012bba pret izlau\u0161anos.<\/p>\n<p><strong>Piez\u012bme par saimniec\u012bbu<\/strong><br \/>\nPievienojot vai atvienojot \u0161\u013c\u016btenes, \u0146emiet v\u0113r\u0101 \u0161\u0101dus nor\u0101d\u012bjumus:<br \/>\nJa caurules ir \u013coti gr\u016bti uzmont\u0113t uz savienot\u0101ja bukses, buksi viegli ieberz\u0113jiet ar pilienu m\u016bsu e\u013c\u013cas vai pulvera, kas aizsarg\u0101 pret izlau\u0161anos. P\u0113c tam \u0161\u013c\u016btene j\u0101uzspie\u017e uz uzmavas, veicot pagrie\u017eamas vai skr\u016bv\u0113jamas kust\u012bbas, neuzspie\u017eot uzmavu ar kust\u012bb\u0101m uz aug\u0161u un uz leju. Tas pats attiecas ar\u012b uz \u0161\u013c\u016bte\u0146u no\u0146em\u0161anu no saimniec\u012bbas savienojuma bukses. L\u016bdzu, vienk\u0101r\u0161i nenovelciet!<\/p>","protected":false},"excerpt":{"rendered":"<p><strong>Savienojums:<\/strong> ligzda 2x 8\/10 mm; <strong>att\u0101lums starp pl\u0101ksn\u0113m:<\/strong> iek\u0161pus\u0113 10 mm<br \/>\n<strong>Izm\u0113rs:<\/strong> <strong><span style=\"color: #339966;\">M<\/span><\/strong><\/p>","protected":false},"featured_media":5188,"comment_status":"open","ping_status":"closed","template":"","meta":{"_acf_changed":false,"content-type":"","_monsterinsights_skip_tracking":false,"_monsterinsights_sitenote_active":false,"_monsterinsights_sitenote_note":"","_monsterinsights_sitenote_category":0},"product_brand":[],"product_cat":[80,82],"product_tag":[],"class_list":{"0":"post-4628","1":"product","2":"type-product","3":"status-publish","4":"has-post-thumbnail","6":"product_cat-antfarms","7":"product_cat-antfarms-m","9":"first","10":"instock","11":"taxable","12":"shipping-taxable","13":"purchasable","14":"product-type-simple"},"acf":[],"aioseo_notices":[],"jetpack_sharing_enabled":true,"_links":{"self":[{"href":"https:\/\/antcube.shop\/lv\/wp-json\/wp\/v2\/product\/4628","targetHints":{"allow":["GET"]}}],"collection":[{"href":"https:\/\/antcube.shop\/lv\/wp-json\/wp\/v2\/product"}],"about":[{"href":"https:\/\/antcube.shop\/lv\/wp-json\/wp\/v2\/types\/product"}],"replies":[{"embeddable":true,"href":"https:\/\/antcube.shop\/lv\/wp-json\/wp\/v2\/comments?post=4628"}],"wp:featuredmedia":[{"embeddable":true,"href":"https:\/\/antcube.shop\/lv\/wp-json\/wp\/v2\/media\/5188"}],"wp:attachment":[{"href":"https:\/\/antcube.shop\/lv\/wp-json\/wp\/v2\/media?parent=4628"}],"wp:term":[{"taxonomy":"product_brand","embeddable":true,"href":"https:\/\/antcube.shop\/lv\/wp-json\/wp\/v2\/product_brand?post=4628"},{"taxonomy":"product_cat","embeddable":true,"href":"https:\/\/antcube.shop\/lv\/wp-json\/wp\/v2\/product_cat?post=4628"},{"taxonomy":"product_tag","embeddable":true,"href":"https:\/\/antcube.shop\/lv\/wp-json\/wp\/v2\/product_tag?post=4628"}],"curies":[{"name":"wp","href":"https:\/\/api.w.org\/{rel}","templated":true}]}}