{"id":4627,"date":"2022-11-14T14:27:46","date_gmt":"2022-11-14T13:27:46","guid":{"rendered":"https:\/\/antcube.shop\/produkt\/antcube-ameisenfarm-l-30x30-stehend\/"},"modified":"2026-04-04T19:29:23","modified_gmt":"2026-04-04T17:29:23","slug":"antcube-ant-farm-l-30x30-standing","status":"publish","type":"product","link":"https:\/\/antcube.shop\/lv\/products\/antcube-ant-farm-l-30x30-standing\/","title":{"rendered":"ANTCUBE - skudru ferma - L - 30\u00d730 - st\u0101vo\u0161a"},"content":{"rendered":"<p><strong>Izm\u0113ri (LxWxH):\u00a0<\/strong><br \/>\n330x60x300 mm<\/p>\n<p><strong>Materi\u0101ls:<\/strong><br \/>\nPeldo\u0161ais stikls, plastmasa<\/p>\n<p><strong>Kr\u0101sa:<\/strong><br \/>\nkrist\u0101ldzidrs<\/p>\n<p><strong>Saturs:<\/strong><br \/>\n1x ANTCUBE skudru ferma - 20 mm att\u0101lums starp pl\u0101ksn\u0113m.<br \/>\n1x skudru fermas v\u0101ks L 30\u00d73<br \/>\n2x kontaktdak\u0161a 4 mm<\/p>\n<p><strong>savienojums:<\/strong><br \/>\n2x 14\/16\/18\/20 x 20 mm ligzda<br \/>\n2x 4 mm caurumi ar 4 mm aizb\u0101\u017e\u0146iem<\/p>\n<p>14\/10 \u0161\u013c\u016btene tiek ievietota 14 mm kontaktligzd\u0101, cie\u0161i piegu\u013cot.<br \/>\n20\/16 caurule ir piestiprin\u0101ta pie pirm\u0101 16 mm pak\u0101piena.<br \/>\n22\/18 caurule ir cie\u0161i piestiprin\u0101ta pie otr\u0101 20 mm pak\u0101piena.<br \/>\n24\/20 \u0161\u013c\u016btene ir br\u012bvi piestiprin\u0101ta pie otr\u0101 20 mm pak\u0101piena.<\/p>\n<p><strong>Apraksts:<\/strong><br \/>\n\u0160\u012b piln\u012bb\u0101 caursp\u012bd\u012bg\u0101 skudru ferma ir piem\u0113rota M izm\u0113ra skudru sug\u0101m.<\/p>\n<p><strong>Piez\u012bmes par ra\u017eo\u0161anu<\/strong><br \/>\nStikls ir griezts saska\u0146\u0101 ar DIN 1249 ar +\/- 1 mm pielaidi. \u012apa\u0161i maz\u0101m skudru sug\u0101m ir nepiecie\u0161ama papildu aizsardz\u012bba pret izlau\u0161anos.<\/p>\n<p><strong>Piez\u012bme par saimniec\u012bbu<\/strong><br \/>\nPievienojot vai atvienojot \u0161\u013c\u016btenes, \u0146emiet v\u0113r\u0101 \u0161\u0101dus nor\u0101d\u012bjumus:<br \/>\nJa caurules ir \u013coti gr\u016bti uzmont\u0113t uz savienot\u0101ja bukses, buksi viegli ieberz\u0113jiet ar pilienu m\u016bsu e\u013c\u013cas vai pulvera, kas aizsarg\u0101 pret izlau\u0161anos. P\u0113c tam \u0161\u013c\u016btene j\u0101uzspie\u017e uz uzmavas, veicot pagrie\u017eamas vai skr\u016bv\u0113jamas kust\u012bbas, neuzspie\u017eot uzmavu ar kust\u012bb\u0101m uz aug\u0161u un uz leju. Tas pats attiecas ar\u012b uz \u0161\u013c\u016bte\u0146u no\u0146em\u0161anu no saimniec\u012bbas savienojuma bukses. L\u016bdzu, vienk\u0101r\u0161i nenovelciet!<\/p>","protected":false},"excerpt":{"rendered":"<p><strong>Savienojums:<\/strong> Kontaktligzda 2x 14\/16\/18\/20 mm + v\u0101ci\u0146\u0161 <strong>Att\u0101lums starp pl\u0101ksn\u0113m:<\/strong> Iek\u0161pus\u0113 20 mm \/ \u0100rpus\u0113 28 mm<br \/>\n<strong>Izm\u0113rs:<\/strong> <strong><span style=\"color: #0000ff;\">L<\/span><\/strong><\/p>","protected":false},"featured_media":5192,"comment_status":"open","ping_status":"closed","template":"","meta":{"_acf_changed":false,"content-type":"","_monsterinsights_skip_tracking":false,"_monsterinsights_sitenote_active":false,"_monsterinsights_sitenote_note":"","_monsterinsights_sitenote_category":0},"product_brand":[],"product_cat":[80,83],"product_tag":[],"class_list":{"0":"post-4627","1":"product","2":"type-product","3":"status-publish","4":"has-post-thumbnail","6":"product_cat-antfarms","7":"product_cat-antfarms-l","9":"first","10":"instock","11":"taxable","12":"shipping-taxable","13":"purchasable","14":"product-type-simple"},"acf":[],"aioseo_notices":[],"jetpack_sharing_enabled":true,"_links":{"self":[{"href":"https:\/\/antcube.shop\/lv\/wp-json\/wp\/v2\/product\/4627","targetHints":{"allow":["GET"]}}],"collection":[{"href":"https:\/\/antcube.shop\/lv\/wp-json\/wp\/v2\/product"}],"about":[{"href":"https:\/\/antcube.shop\/lv\/wp-json\/wp\/v2\/types\/product"}],"replies":[{"embeddable":true,"href":"https:\/\/antcube.shop\/lv\/wp-json\/wp\/v2\/comments?post=4627"}],"wp:featuredmedia":[{"embeddable":true,"href":"https:\/\/antcube.shop\/lv\/wp-json\/wp\/v2\/media\/5192"}],"wp:attachment":[{"href":"https:\/\/antcube.shop\/lv\/wp-json\/wp\/v2\/media?parent=4627"}],"wp:term":[{"taxonomy":"product_brand","embeddable":true,"href":"https:\/\/antcube.shop\/lv\/wp-json\/wp\/v2\/product_brand?post=4627"},{"taxonomy":"product_cat","embeddable":true,"href":"https:\/\/antcube.shop\/lv\/wp-json\/wp\/v2\/product_cat?post=4627"},{"taxonomy":"product_tag","embeddable":true,"href":"https:\/\/antcube.shop\/lv\/wp-json\/wp\/v2\/product_tag?post=4627"}],"curies":[{"name":"wp","href":"https:\/\/api.w.org\/{rel}","templated":true}]}}