{"id":4626,"date":"2022-11-14T14:27:28","date_gmt":"2022-11-14T13:27:28","guid":{"rendered":"https:\/\/antcube.shop\/produkt\/bundle-offer-starter-set-kork-camponotus-nicobarensis-cricket-jam\/"},"modified":"2026-04-03T17:08:06","modified_gmt":"2026-04-03T15:08:06","slug":"saiska-piedavajums-starter-set-kork-camponotus-nicobarensis-cricket-jam","status":"publish","type":"product","link":"https:\/\/antcube.shop\/lv\/products\/saiska-piedavajums-starter-set-kork-camponotus-nicobarensis-cricket-jam\/","title":{"rendered":"Komplekta pied\u0101v\u0101jums - Camponotus nicobarensis"},"content":{"rendered":"<p><span data-text-color=\"secondary\"><strong>Komplekts ar Camponotus nicobarensis skudru koloniju (m\u0101t\u012bte + 5\u201310 str\u0101dnieces + perons), kor\u0137a s\u0101kuma komplektu, 2x formik\u0101rija palikt\u0146iem, medusrasas mais\u012bjuma papildin\u0101\u0161anas iepakojumu 10 ml un burci\u0146u ar m\u016bsu \u012bpa\u0161o kriketu iev\u0101r\u012bjumu 25 g (mitras olbaltumvielas).<\/strong><\/span><\/p>\n<p><span data-text-color=\"alert\"><strong>Tikai l\u012bdz kr\u0101jumu beig\u0101m.<\/strong><\/span><\/p>\n<p><strong>Viss nepiecie\u0161amais Camponotus nicobarensis skudru kolonijai<\/strong><br \/>\n\u0160aj\u0101 komplekt\u0101 ir viss nepiecie\u0161amais, lai veiksm\u012bgi izveidotu Camponotus nicobarensis koloniju pirmajos m\u0113ne\u0161os. Tas ir elast\u012bgi papla\u0161in\u0101ms un \u012bpa\u0161i piem\u0113rots ies\u0101c\u0113jiem skudru audz\u0113\u0161an\u0101.<\/p>\n<p><strong>Skudru suga Camponotus nicobarensis<\/strong><br \/>\nCamponotus nicobarensis ir sal\u012bdzino\u0161i liela Camponotus \u0123ints suga, kas at\u0161\u0137ir\u012bb\u0101 no cit\u0101m Camponotus sug\u0101m att\u012bst\u0101s diezgan \u0101tri. T\u0101p\u0113c t\u0101 ir \u013coti piem\u0113rota ies\u0101c\u0113jiem skudru audz\u0113\u0161an\u0101. Turkl\u0101t tai nav nepiecie\u0161ams ziemas miegs, t\u0101p\u0113c ziem\u0101 to var viegli nov\u0113rot m\u0101j\u0101s. Savva\u013c\u0101 t\u0101 dz\u012bvo Dienvidaustrum\u0101zijas puspiekrastos un step\u0113s, k\u0101 ar\u012b cit\u0101s viet\u0101s, bet ar\u012b mitr\u0101kos re\u0123ionos. T\u0101 k\u0101 t\u0101 izplat\u012bbas are\u0101ls ir \u013coti liels, t\u0101 ir toleranta pret temperat\u016bras un mitruma izmai\u0146\u0101m.<\/p>\n<p><strong>Camponotus nicobarensis bar\u012bba<\/strong><br \/>\nCamponotus nicobarensis barojas ar medus \u016bdeni un maziem dz\u012bviem vai beigtiem kukai\u0146iem, bet labpr\u0101t uz\u0146em ar\u012b aug\u013cus. K\u0101 alternat\u012bvu kukai\u0146iem var dot ar\u012b m\u016bsu olbaltumvielu aizst\u0101j\u0113jbar\u012bbu. Tom\u0113r \"svaigas\" olbaltumvielas, piem\u0113ram, m\u016bsu Cricket Jam, ir lab\u0101k piem\u0113rotas kolonijas att\u012bst\u012bbai. J\u0101nodro\u0161ina ar\u012b svaigs \u016bdens.<\/p>\n<p><strong>Camponotus nicobarensis formik\u0101rijs<\/strong><br \/>\nCamponotus nicobarensis vislab\u0101k tur m\u016bsu Starter Sets L ar kor\u0137a ligzdas ieliktni. Dz\u012bvnieki dz\u012bvo savva\u013c\u0101, parasti sapuvu\u0161\u0101 kok\u0101, bet ligzdas b\u016bv\u0113\u0161anai labpr\u0101t izmanto jebkuru dabisku dobumu. M\u016bsu kor\u0137a ligzdu ielikt\u0146i ir vislab\u0101k piem\u0113roti tur\u0113\u0161anai formik\u0101rij\u0101, jo tie ir l\u012bdz\u012bgi sapuvu\u0161ai koksnei.<\/p>\n<p><strong>Saturs:<\/strong><br \/>\n1x Camponotus nicobarensis (m\u0101te + 5-10 str\u0101dnieci\u0146i + mazu\u013ci)<\/p>\n<div>1x Cricket Jam 25g<\/div>\n<div>1x Honeydew Mix (HT) - uzpildes iepakojums 10ml<\/div>\n<div>1x Formik\u0101rija pamatne - 20x20cm<\/div>\n<div>1x Formik\u0101rija pamatne - 20x6cm<\/div>\n<div><\/div>\n<div>1x ANTCUBE - Arena 20x20x10 - plakans<\/div>\n<div>1x skudru ar\u0113nas r\u0101mis 20\u00d720<\/div>\n<div>1x skudru ar\u0113nas v\u0101ks 20\u00d720<\/div>\n<div>4x ar\u0113nas v\u0101ka stiprin\u0101juma punkts<\/div>\n<div>1x ANTCUBE - skudru ferma - L - 20\u00d720 - vertik\u0101l\u0101 st\u0101vokl\u012b<\/div>\n<div><\/div>\n<div>1x ANTCUBE - kor\u0137a ligzda 20\u00d720 - vertik\u0101l\u0101 st\u0101vokl\u012b<\/div>\n<div>1x 0,5 m caursp\u012bd\u012bga \u0161\u013c\u016btene 20\/16 mm<\/div>\n<div>2x ANTCUBE - Sarkana folija 20\u00d720 - filtrs<\/div>\n<div>1x pa\u0161l\u012bm\u0113jo\u0161i klip\u0161i - caursp\u012bd\u012bgi 2 gab.<\/div>\n<div>1x substr\u0101ts - smil\u0161m\u0101la smil\u0161m\u0101la b\u0113\u0161s - 1000g<\/div>\n<div><\/div>\n<div>2x Grid insert acrylic &#8211; 50 mm with sealing ring<\/div>\n<div>1x Grid insert acrylic &#8211; 27 mm with sealing ring<\/div>\n<div>1x re\u017e\u0123a v\u0101ci\u0146\u0161 - 16 mm - ner\u016bs\u0113jo\u0161ais t\u0113rauds<\/div>\n<div><\/div>\n<div>1x tvertnes \u0161\u013c\u016btenes savienot\u0101js 27-14,16,20 mm - caursp\u012bd\u012bgs<\/div>\n<div>1x Foil thermometer &#8211; farm<\/div>\n<div>1x Foil thermometer Display<\/div>\n<div>1x drinking clear 5ml &#8211; sponge<\/div>\n<div>1x Feeding dish white rectangle &#8211; 3 compartments<\/div>\n<div>1x Drinking trough 2ml &#8211; 360 Degrees<\/div>\n<div>1x Aizsardz\u012bbas e\u013c\u013ca pret skudr\u0101m 10ml<\/div>\n<div>1x Pincete atsperu t\u0113rauda - plata - m\u012bksta<\/div>\n<div>1x Pincete plastmasas caursp\u012bd\u012bga<\/div>\n<div>1x plastmasas pipete 3ml<\/div>\n<div>1x rokas lupa - 2x - 30 mm<\/div>\n<div>1x putu t\u012br\u012bt\u0101js 150x18x2,5mm<\/div>\n<p><strong>Apraksts S\u0101kuma komplekts:<\/strong><br \/>\n\u0160is kor\u0137a starta komplekts ar saliekamiem koridoriem un kamer\u0101m ir piem\u0113rots da\u017e\u0101d\u0101m skudru sug\u0101m, \u012bpa\u0161i t\u0101m, kas ligzdo (atmiru\u0161\u0101) kok\u0101.<\/p>\n<p>\"ANTCUBE - kor\u0137a ligzdu\" var ievietot piln\u012bgi caursp\u012bd\u012bg\u0101 ferm\u0101. K\u0101 alternat\u012bvu var izmantot ar\u012b \"Smil\u0161m\u0101la smil\u0161m\u0101la smil\u0161kr\u0101sas\" substr\u0101tu, lai aizpild\u012btu fermu vai nosl\u0113gtu da\u017eas kor\u0137a ligzdas kameras. Ja nepiecie\u0161ams, caur 50 mm caurumiem v\u0101k\u0101 var pievienot papildu modu\u013cus, piem\u0113ram, atsevi\u0161\u0137i pieejamos miglot\u0101jus, ventilatorus vai apgaismojumu. K\u0101 alternat\u012bva ir ar\u012b piem\u0113roti re\u017e\u0123u ielikt\u0146i un formik\u0101rija aizb\u0101\u017e\u0146i atveru aizv\u0113r\u0161anai, kas ir iek\u013cauti komplekt\u0101cij\u0101. Ja ir v\u0113l\u0113\u0161an\u0101s, formik\u0101riju var darbin\u0101t ar\u012b atv\u0113rtu, vienk\u0101r\u0161i novietojot no\u0146emamo r\u0101mi virs\u016b un uz malas uzsm\u0113r\u0113jot e\u013c\u013cu aizsardz\u012bbai pret skudru izb\u0113g\u0161anu.<\/p>\n<p><strong>Svar\u012bgi:<\/strong> Pirms lieto\u0161anas samitriniet substr\u0101tu, lai mais\u012bjums var\u0113tu saist\u012bties un nostiprin\u0101ties skudru ferm\u0101. Turkl\u0101t, ja substr\u0101ts ir p\u0101r\u0101k sauss un putek\u013cains, skudru elpce\u013ci var tikt aizsprostoti un slikt\u0101kaj\u0101 gad\u012bjum\u0101 dz\u012bvnieki var aizdusa.<\/p>\n<p><strong>Ieteikums:<\/strong> M\u0113s iesak\u0101m iekl\u0101t 2 mm augstu substr\u0101ta sl\u0101ni, lai dz\u012bvnieki nevar\u0113tu ierakt ar\u0113n\u0101 un t\u0101 viet\u0101 izmantotu \u0161im nol\u016bkam paredz\u0113to fermu.<\/p>\n<p><strong>Piez\u012bmes par stikla ra\u017eo\u0161anu<\/strong><br \/>\nStikls tiek sagriezts atbilsto\u0161i izm\u0113ram saska\u0146\u0101 ar DIN 1249 ar pielaidi +\/- 1 mm. \u012apa\u0161i maz\u0101m skudru sug\u0101m ir nepiecie\u0161ama papildu aizsardz\u012bba pret izlau\u0161anos.<\/p>\n<p><strong>Piez\u012bmes par saimniec\u012bbu<\/strong><br \/>\nLigzdu dr\u012bkst izmantot tikai saus\u0101 formik\u0101rij\u0101. Ja ligzdu past\u0101v\u012bgi tur mitru, materi\u0101ls var sapel\u0113t.<\/p>\n<p><strong>Pievienojot vai atvienojot \u0161\u013c\u016btenes, \u0146emiet v\u0113r\u0101 \u0161\u0101dus nor\u0101d\u012bjumus:<\/strong><br \/>\nJa caurul\u012bti ir \u013coti gr\u016bti ievietot savienojuma ligzd\u0101, ligzda ir viegli j\u0101noberz\u0113 ar pilienu m\u016bsu e\u013c\u013cas vai pulvera aizsardz\u012bbai pret izlau\u0161anos. P\u0113c tam \u0161\u013c\u016btene j\u0101uzstumj uz savienojuma ligzdas, veicot pagrie\u017eamas vai skr\u016bv\u0113jamas kust\u012bbas, nesasprindzinot ligzdu ar kust\u012bb\u0101m uz aug\u0161u un uz leju. Tas pats attiecas ar\u012b uz \u0161\u013c\u016bte\u0146u no\u0146em\u0161anu no saimniec\u012bbas savienojuma ligzdas. L\u016bdzu, vienk\u0101r\u0161i neno\u0146emiet to!<\/p>\n<p><strong>Instrukcijas: <\/strong>(2023. gada versija, atjaunin\u0101t\u0101 2024. gada versija b\u016bs pieejama ne v\u0113l\u0101k k\u0101 04\/2024. gad\u0101)<br \/>\n<span data-sheets-root=\"1\" data-sheets-value=\"{&quot;1&quot;:2,&quot;2&quot;:&quot;DE Gebrauchsanweisung Starter Set Kork (PDF 3,80 MB)&quot;}\" data-sheets-userformat=\"{&quot;2&quot;:513,&quot;3&quot;:{&quot;1&quot;:0},&quot;12&quot;:0}\" data-sheets-hyperlink=\"https:\/\/www.antstore.net\/shop\/images\/info\/de\/Gebrauchsanweisung Starter Set Kork.pdf\" data-sheets-hyperlinkruns=\"{&quot;1&quot;:3,&quot;2&quot;:&quot;https:\/\/www.antstore.net\/shop\/images\/info\/de\/Gebrauchsanweisung Starter Set Kork.pdf&quot;}\uee10{&quot;1&quot;:38}\"><a class=\"in-cell-link\" href=\"https:\/\/www.antstore.net\/shop\/images\/info\/de\/Gebrauchsanweisung Starter Set Kork.pdf\" target=\"_blank\" rel=\"noopener\">- DE <\/a><a class=\"in-cell-link\" href=\"https:\/\/www.antstore.net\/shop\/images\/info\/de\/Gebrauchsanweisung Starter Set Kork.pdf\" target=\"_blank\" rel=\"noopener\">Gebrauchsanweisung Starter Set Kork<\/a><a class=\"in-cell-link\" href=\"https:\/\/www.antstore.net\/shop\/images\/info\/de\/Gebrauchsanweisung Starter Set Kork.pdf\" target=\"_blank\" rel=\"noopener\"> (PDF 3,80 MB)<\/a><\/span><br \/>\n<a href=\"https:\/\/www.antstore.net\/shop\/images\/info\/en\/Instructions%20for%20use%20-%20Starter%20Set%20Cork.pdf\">- LV Lieto\u0161anas instrukcija - Starter komplekts kor\u0137is (PDF 3,79 MB)<\/a><br \/>\n<a href=\"https:\/\/www.antstore.net\/shop\/images\/info\/es\/Manual%20de%20instrucciones%20-%20Set%20de%20inicio%20de%20corcho.pdf\">- ES instrukciju rokasgr\u0101mata - s\u0101kuma komplekts (PDF 3,79 MB)<\/a><br \/>\n<a href=\"https:\/\/www.antstore.net\/shop\/images\/info\/fr\/Manuel%20d'instruction%20-%20Kit%20de%20d%C3%A9marrage%20en%20li%C3%A8ge.pdf\">- FR Rokasgr\u0101mata - Uzst\u0101d\u012b\u0161anas komplekts (PDF 3,79 MB)<\/a><\/p>\n<p><strong>Piez\u012bmes par kriketa iev\u0101r\u012bjumu:<\/strong><br \/>\nM\u016bsu blan\u0161\u0113tie cvingri ir vienk\u0101r\u0161s veids, k\u0101 nodro\u0161in\u0101t skudras ar svaigi konserv\u0113tu prote\u012bnu bar\u012bbu, nebarojot dz\u012bvus kukai\u0146us. Sast\u0101v\u0101 eso\u0161ie c\u012brusi (Acheta domesticus) ir saudz\u012bgi blan\u0161\u0113ti, lai nodro\u0161in\u0101tu uzturv\u0113rt\u012bbas, gar\u0161as un arom\u0101ta saglab\u0101\u0161anu. Turkl\u0101t \u0161\u0101d\u0101 veid\u0101 tiek m\u012bkstin\u0101ts kukai\u0146u hit\u012bna apvalks, lai tas b\u016btu viegl\u0101k sagremojams. Kolag\u0113na olbaltumvielu saites tiek sa\u0161\u0137eltas, lai skudras var\u0113tu t\u0101s lab\u0101k izmantot. Konserv\u0113tu Acheta domesticus konservu uzturv\u0113rt\u012bba ir t\u0101da pati k\u0101 dz\u012bviem c\u012brul\u012b\u0161iem, bet tie ir viegl\u0101k sagremojami.<\/p>\n<p>Cricket Jam nav piem\u0113rots t\u0101du skudru sugu med\u012bb\u0101m, kur\u0101m nepiecie\u0161ama dz\u012bva bar\u012bba (piem\u0113ram, poner\u012bni (liel\u0101s skudras), piem\u0113ram, Harpegnathos vai Odontomachus).<\/p>\n<p><strong>Papildu priek\u0161roc\u012bbas:<\/strong><br \/>\nGarant\u0113ti bez \u0113rc\u0113m<br \/>\nVar sadal\u012bt porcij\u0101s un at\u0161\u0137aid\u012bt ar \u016bdeni<br \/>\nSteriliz\u0113ts un iepakots vakuum\u0101<br \/>\nBez piedev\u0101m<br \/>\nVitikul\u012b\u0161i, kas ieg\u016bti ilgtsp\u0113j\u012bg\u0101, t\u012bri biolo\u0123isk\u0101 audz\u0113\u0161an\u0101 un baroti ar biolo\u0123iskiem atkritumiem.<\/p>\n<p><strong>Piez\u012bme:<\/strong><br \/>\nP\u0113c atv\u0113r\u0161anas var uzglab\u0101t ledusskap\u012b apm\u0113ram \u010detras dienas. Ilg\u0101ks der\u012bguma termi\u0146\u0161, ja sasald\u0113.<br \/>\n<strong>Uzman\u012bbu:<\/strong> Vispirms sagrieziet porcij\u0101s, p\u0113c tam sasald\u0113jiet.<\/p>\n<p><strong>Piez\u012bme par medusrasu:<\/strong><br \/>\nSaturs: 10 ml<br \/>\nTas ir dab\u012bgs produkts, ko p\u0113c pla\u0161iem testiem laboratorij\u0101 esam pilnveidoju\u0161i un izveidoju\u0161i par bar\u012bbu, ko skudras \u013coti labi pie\u0146em. Iemesls ir t\u0101ds, ka neapstr\u0101d\u0101tu medus rasas medu t\u0101 koncentr\u0113taj\u0101 s\u0101kotn\u0113j\u0101 form\u0101 skudras un to vielmai\u0146a slikti pie\u0146em.<br \/>\nM\u016bsu medus rasa tika iev\u0101kta Bulg\u0101rijas nepies\u0101r\u0146otajos savva\u013cas kalnu me\u017eos. Medus rasas veido\u0161an\u0101s laiks ir \u013coti ierobe\u017eots - aptuveni divi m\u0113ne\u0161i vasar\u0101. T\u0101p\u0113c tas ir \u013coti reti sastopams. Me\u017eu augsnes un klimata \u012bpatn\u012bbu d\u0113\u013c svar\u012bg\u0101k\u0101s bar\u012bbas vielas uzkr\u0101jas koku lap\u0101s, ko absorb\u0113 medusrasa. T\u0101p\u0113c \u0161is medusrasas mais\u012bjums ir tik \u013coti v\u0113lams skudr\u0101m.<\/p>\n<p><strong>Pieteikums:<\/strong><br \/>\nP\u0101rtikas daudzums j\u0101pat\u0113r\u0113 apm\u0113ram 3 dienu laik\u0101.<\/p>\n<p><strong>Apraksts:<\/strong><br \/>\nMedusrasu at\u0161\u0137ir\u012bb\u0101 no ziedu medus ieg\u016bst no to kukai\u0146u izdal\u012bjumiem, kas s\u016bc augus, piem\u0113ram, no laput\u012bm. Medusrasa ir popul\u0101rs bar\u012bbas avots daudziem kukai\u0146iem, piem\u0113ram, skudr\u0101m, bit\u0113m un kamene\u013ciem. Bites un kamenes to laiza no da\u017e\u0101du koku lap\u0101m vai skujas. Skudras, piem\u0113ram, Lasius niger, burtiski uztur laputis. T\u0101s pat aizst\u0101v t\u0101s pret pl\u0113s\u0113jiem un p\u0101rn\u0113s\u0101 uz svaigiem dzinumiem.<\/p>\n<p>Medusrasa ir \u012bpa\u0161i iecien\u012bta skudru vid\u016b, jo t\u0101s sast\u0101vda\u013cas ir nedaudz at\u0161\u0137ir\u012bgas. Galvenie medusrasas cukuri ir saharoze un fruktoze, bet maz\u0101k\u0101 daudzum\u0101 ir ar\u012b maltoze, trehalozi, melezitoze, rafinozi un citi oligosahar\u012bdi. Papildus cukuram un \u016bdenim medus rasas sast\u0101v\u0101 ir ar\u012b neaizst\u0101jam\u0101s aminosk\u0101bes, miner\u0101lvielas, mikroelementi, adenoz\u012bni, fosf\u0101ti un citas sast\u0101vda\u013cas, piem\u0113ram, vitam\u012bni.<\/p>\n<p><strong>Lieto\u0161ana:<\/strong><br \/>\nMedus\u0113d\u0101ju skudru sug\u0101m (Meliphagidae)<br \/>\n\u0160\u012b ir papildbar\u012bba<br \/>\nTo var pied\u0101v\u0101t dz\u012bvniekiem k\u0101 pieg\u0101di. T\u0101 k\u0101 mitruma ietekm\u0113 samazin\u0101s cukura koncentr\u0101cija un s\u0101kas ferment\u0101cijas process, bar\u012bba j\u0101maina ik p\u0113c 3 dien\u0101m. Pirms atk\u0101rtotas lieto\u0161anas r\u016bp\u012bgi izt\u012briet barotavu\/caurul\u012bti.<br \/>\nP\u0113c atv\u0113r\u0161anas iepakojums j\u0101glab\u0101 cie\u0161i aizv\u0113rts l\u012bdz der\u012bguma termi\u0146a beig\u0101m.<\/p>\n<p><strong>Uzturv\u0113rt\u012bbas inform\u0101cija uz 100 g:<\/strong><br \/>\naptuveni 2,7 % tauku<br \/>\nno kuriem pies\u0101tin\u0101ts aptuveni 0,45 %<br \/>\naptuveni 95 % og\u013chidr\u0101tu<br \/>\nno kuriem aptuveni 71 % ir cukurs<br \/>\naptuveni 2,85% olbaltumvielu<br \/>\nminer\u0101lvielas (k\u0101lijs, kalcijs, var\u0161, dzelzs, n\u0101trijs, magnijs, fosfors, cinks un citi mikroelementi). Aminosk\u0101bes (prol\u012bns, leic\u012bns, fenilalan\u012bns, alan\u012bns, histid\u012bns, izoleic\u012bns, glutam\u012bnsk\u0101be, argin\u012bns, asparag\u012bnsk\u0101be u. c.) Organisk\u0101s sk\u0101bes Fermenti (fermenti) Aromatiz\u0113t\u0101ji Inhib\u012bni (antibakteri\u0101las vielas) Ziedi Putek\u0161\u0146i<\/p>\n<p><strong>Uzglab\u0101\u0161ana:<\/strong><br \/>\nLai nodro\u0161in\u0101tu bar\u012bbas kvalit\u0101ti, bar\u012bba j\u0101uzglab\u0101 tum\u0161\u0101 un saus\u0101 viet\u0101.<\/p>\n<p><strong>Piez\u012bme:<\/strong><br \/>\nPapildu bar\u012bba medus\u0113d\u012bgaj\u0101m skudr\u0101m.<br \/>\nSast\u0101vs, anal\u012btisk\u0101s sast\u0101vda\u013cas, der\u012bguma termi\u0146\u0161 un partijas numurs ir nor\u0101d\u012bts iepakojuma informat\u012bvaj\u0101 materi\u0101l\u0101.<\/p>\n<p>Inform\u0101cijas t\u0101lrunis +49 30 439703870<\/p>\n<p>Atbild\u012bg\u0101 veterin\u0101r\u0101 un p\u0101rtikas inspekcija:<br \/>\nSteglitz veterin\u0101rais birojs<br \/>\nK\u00f6nigin-Luise-Str. 92<br \/>\n14195 Berl\u012bne<\/p>","protected":false},"excerpt":{"rendered":"<p>Komplekt\u0101 ir 33 da\u013cas<br \/>\nIzm\u0113rs: <span style=\"color: #0000ff;\"><strong>L<\/strong><\/span><\/p>","protected":false},"featured_media":7121,"comment_status":"open","ping_status":"closed","template":"","meta":{"_acf_changed":false,"content-type":"","_monsterinsights_skip_tracking":false,"_monsterinsights_sitenote_active":false,"_monsterinsights_sitenote_note":"","_monsterinsights_sitenote_category":0},"product_brand":[],"product_cat":[355,73,76,89],"product_tag":[],"class_list":{"0":"post-4626","1":"product","2":"type-product","3":"status-publish","4":"has-post-thumbnail","6":"product_cat-bundle-offers","7":"product_cat-starter-sets","8":"product_cat-starter-sets-cork","9":"product_cat-cork","11":"first","12":"instock","13":"taxable","14":"shipping-taxable","15":"purchasable","16":"product-type-simple"},"acf":[],"aioseo_notices":[],"jetpack_sharing_enabled":true,"_links":{"self":[{"href":"https:\/\/antcube.shop\/lv\/wp-json\/wp\/v2\/product\/4626","targetHints":{"allow":["GET"]}}],"collection":[{"href":"https:\/\/antcube.shop\/lv\/wp-json\/wp\/v2\/product"}],"about":[{"href":"https:\/\/antcube.shop\/lv\/wp-json\/wp\/v2\/types\/product"}],"replies":[{"embeddable":true,"href":"https:\/\/antcube.shop\/lv\/wp-json\/wp\/v2\/comments?post=4626"}],"wp:featuredmedia":[{"embeddable":true,"href":"https:\/\/antcube.shop\/lv\/wp-json\/wp\/v2\/media\/7121"}],"wp:attachment":[{"href":"https:\/\/antcube.shop\/lv\/wp-json\/wp\/v2\/media?parent=4626"}],"wp:term":[{"taxonomy":"product_brand","embeddable":true,"href":"https:\/\/antcube.shop\/lv\/wp-json\/wp\/v2\/product_brand?post=4626"},{"taxonomy":"product_cat","embeddable":true,"href":"https:\/\/antcube.shop\/lv\/wp-json\/wp\/v2\/product_cat?post=4626"},{"taxonomy":"product_tag","embeddable":true,"href":"https:\/\/antcube.shop\/lv\/wp-json\/wp\/v2\/product_tag?post=4626"}],"curies":[{"name":"wp","href":"https:\/\/api.w.org\/{rel}","templated":true}]}}