{"id":4625,"date":"2022-11-14T14:21:09","date_gmt":"2022-11-14T13:21:09","guid":{"rendered":"https:\/\/antcube.shop\/produkt\/acrylglas-xt-rohr-50-46mm-1m\/"},"modified":"2026-03-26T18:04:53","modified_gmt":"2026-03-26T17:04:53","slug":"acrylic-xt-tube-50-46mm-1m","status":"publish","type":"product","link":"https:\/\/antcube.shop\/lv\/products\/acrylic-xt-tube-50-46mm-1m\/","title":{"rendered":"Skudru caurule - krist\u0101ldzidra - 50 mm - 1 m"},"content":{"rendered":"<p><strong>Izm\u0113ri:<\/strong> \u0101r\u0113jais diametrs 50 mm, garums: 1 m<\/p>\n<p><strong>Materi\u0101ls:<\/strong> akrila stikls<\/p>\n<p><strong>Kr\u0101sa:<\/strong> caursp\u012bd\u012bgs, skaidrs<\/p>\n<p><strong>Apraksts:<\/strong> Var savienot ar formik\u0101riju, izmantojot adapterus, vai savienot vair\u0101kus formik\u0101rijus kop\u0101.<\/p>\n<p><strong>Piez\u012bme:<\/strong> Iepakojuma d\u0113\u013c 1 metra caurules var sagriezt uz pus\u0113m un p\u0113c izv\u0113les pas\u016bt\u012bt kop\u0101 ar atbilsto\u0161u caurules gabalu. Ja v\u0113laties, lai caurules jebkur\u0101 gad\u012bjum\u0101 tiktu pieg\u0101d\u0101tas k\u0101 1 metra caurules, tas ir j\u0101izv\u0113las k\u0101 papildapr\u012bkojums.<\/p>","protected":false},"excerpt":{"rendered":"<p>Izm\u0113ri: \u0101r\u0113jais diametrs 50 mm, garums: 1 m Materi\u0101ls: akrila stikls Kr\u0101sa: caursp\u012bd\u012bga, dzidra Apraksts: Var savienot ar formik\u0101riju, izmantojot adapterus, vai savienot vair\u0101kus formik\u0101rijus kop\u0101. Piez\u012bme: Iepakojuma d\u0113\u013c 1 m caurules var p\u0101rgriezt uz pus\u0113m un p\u0113c izv\u0113les pas\u016bt\u012bt kop\u0101 ar atbilsto\u0161u caurules gabalu. Ja v\u0113laties, lai","protected":false},"featured_media":5122,"comment_status":"open","ping_status":"closed","template":"","meta":{"_acf_changed":false,"content-type":"","_monsterinsights_skip_tracking":false,"_monsterinsights_sitenote_active":false,"_monsterinsights_sitenote_note":"","_monsterinsights_sitenote_category":0},"product_brand":[],"product_cat":[119,120],"product_tag":[],"class_list":{"0":"post-4625","1":"product","2":"type-product","3":"status-publish","4":"has-post-thumbnail","6":"product_cat-formicarium-components","7":"product_cat-hoses","9":"first","10":"instock","11":"taxable","12":"shipping-taxable","13":"purchasable","14":"product-type-simple"},"acf":[],"aioseo_notices":[],"jetpack_sharing_enabled":true,"_links":{"self":[{"href":"https:\/\/antcube.shop\/lv\/wp-json\/wp\/v2\/product\/4625","targetHints":{"allow":["GET"]}}],"collection":[{"href":"https:\/\/antcube.shop\/lv\/wp-json\/wp\/v2\/product"}],"about":[{"href":"https:\/\/antcube.shop\/lv\/wp-json\/wp\/v2\/types\/product"}],"replies":[{"embeddable":true,"href":"https:\/\/antcube.shop\/lv\/wp-json\/wp\/v2\/comments?post=4625"}],"wp:featuredmedia":[{"embeddable":true,"href":"https:\/\/antcube.shop\/lv\/wp-json\/wp\/v2\/media\/5122"}],"wp:attachment":[{"href":"https:\/\/antcube.shop\/lv\/wp-json\/wp\/v2\/media?parent=4625"}],"wp:term":[{"taxonomy":"product_brand","embeddable":true,"href":"https:\/\/antcube.shop\/lv\/wp-json\/wp\/v2\/product_brand?post=4625"},{"taxonomy":"product_cat","embeddable":true,"href":"https:\/\/antcube.shop\/lv\/wp-json\/wp\/v2\/product_cat?post=4625"},{"taxonomy":"product_tag","embeddable":true,"href":"https:\/\/antcube.shop\/lv\/wp-json\/wp\/v2\/product_tag?post=4625"}],"curies":[{"name":"wp","href":"https:\/\/api.w.org\/{rel}","templated":true}]}}