{"id":4615,"date":"2022-11-01T18:09:59","date_gmt":"2022-11-01T17:09:59","guid":{"rendered":"https:\/\/antcube.shop\/produkt\/gittereinsatz-acryl-50-mm-klar\/"},"modified":"2026-03-16T10:37:31","modified_gmt":"2026-03-16T09:37:31","slug":"rezga-ieliktnis-akrils-50-mm-caurspidigs","status":"publish","type":"product","link":"https:\/\/antcube.shop\/lv\/products\/rezga-ieliktnis-akrils-50-mm-caurspidigs\/","title":{"rendered":"Akrila re\u017e\u0123a ieliktnis 50 mm - caursp\u012bd\u012bgs"},"content":{"rendered":"<p><strong>Daudzums:<\/strong> 1 gab.<\/p>\n<p><strong>Izm\u0113ri:<\/strong> 60x10 mm<\/p>\n<p><strong>Kr\u0101sa:<\/strong> skaidri<\/p>\n<p><strong>Materi\u0101ls:<\/strong> plastmasa<\/p>\n<p><strong>Apraksts:<\/strong> Ventil\u0101cijas re\u017e\u0123is ar 50 mm diametru, lai aizv\u0113rtu atveres ar 50 mm diametru. Ventil\u0101cijas atveres ir 1,5 mm platas.<\/p>","protected":false},"excerpt":{"rendered":"<p>Caurumiem\/atver\u0113m ar 50 mm diametru.<\/p>","protected":false},"featured_media":4829,"comment_status":"open","ping_status":"closed","template":"","meta":{"_acf_changed":false,"content-type":"","_monsterinsights_skip_tracking":false,"_monsterinsights_sitenote_active":false,"_monsterinsights_sitenote_note":"","_monsterinsights_sitenote_category":0},"product_brand":[],"product_cat":[238],"product_tag":[],"class_list":{"0":"post-4615","1":"product","2":"type-product","3":"status-publish","4":"has-post-thumbnail","6":"product_cat-grid-caps-plugs-and-inserts","8":"first","9":"instock","10":"taxable","11":"shipping-taxable","12":"purchasable","13":"product-type-simple"},"acf":[],"aioseo_notices":[],"jetpack_sharing_enabled":true,"_links":{"self":[{"href":"https:\/\/antcube.shop\/lv\/wp-json\/wp\/v2\/product\/4615","targetHints":{"allow":["GET"]}}],"collection":[{"href":"https:\/\/antcube.shop\/lv\/wp-json\/wp\/v2\/product"}],"about":[{"href":"https:\/\/antcube.shop\/lv\/wp-json\/wp\/v2\/types\/product"}],"replies":[{"embeddable":true,"href":"https:\/\/antcube.shop\/lv\/wp-json\/wp\/v2\/comments?post=4615"}],"wp:featuredmedia":[{"embeddable":true,"href":"https:\/\/antcube.shop\/lv\/wp-json\/wp\/v2\/media\/4829"}],"wp:attachment":[{"href":"https:\/\/antcube.shop\/lv\/wp-json\/wp\/v2\/media?parent=4615"}],"wp:term":[{"taxonomy":"product_brand","embeddable":true,"href":"https:\/\/antcube.shop\/lv\/wp-json\/wp\/v2\/product_brand?post=4615"},{"taxonomy":"product_cat","embeddable":true,"href":"https:\/\/antcube.shop\/lv\/wp-json\/wp\/v2\/product_cat?post=4615"},{"taxonomy":"product_tag","embeddable":true,"href":"https:\/\/antcube.shop\/lv\/wp-json\/wp\/v2\/product_tag?post=4615"}],"curies":[{"name":"wp","href":"https:\/\/api.w.org\/{rel}","templated":true}]}}