{"id":4604,"date":"2022-11-01T18:06:48","date_gmt":"2022-11-01T17:06:48","guid":{"rendered":"https:\/\/antcube.shop\/produkt\/formicariengranulat-1000ml-beige\/"},"modified":"2026-04-02T09:54:43","modified_gmt":"2026-04-02T07:54:43","slug":"formicarium-granulas-1000ml-bess","status":"publish","type":"product","link":"https:\/\/antcube.shop\/lv\/products\/formicarium-granulas-1000ml-bess\/","title":{"rendered":"Formicarium granulas 1000ml - b\u0113\u0161s"},"content":{"rendered":"<p><strong>Saturs:<\/strong> 1000 ml (atbilst ~ 900 g)<\/p>\n<p><strong>Graudu lielums:<\/strong> 1 - 8 mm<\/p>\n<p><strong>Kr\u0101sa:<\/strong> b\u0113\u0161s<\/p>\n<p><strong>Pamatmateri\u0101ls:<\/strong> \u012bpa\u0161s augstas kvalit\u0101tes m\u0101lu un ie\u017eu mais\u012bjums.<\/p>\n<p><strong>Apraksts:<\/strong> Materi\u0101ls saglab\u0101 mitrumu un nodro\u0161ina labu augsnes aer\u0101ciju formikorij\u0101, aizsarg\u0101jot pret p\u0101rpurvo\u0161anos un puvi. Granulu sl\u0101nis j\u0101izmanto aptuveni 1-2 cm dzi\u013cum\u0101 k\u0101 zem\u0101kais augsnes sl\u0101nis saimniec\u012bb\u0101.<\/p>\n<p><strong>\u012apa\u0161\u012bbas:<\/strong><br \/>\n- neorganisks, miner\u0101lprodukts<br \/>\n- biolo\u0123iski un \u0137\u012bmiski neitr\u0101li<br \/>\n- struktur\u0101li stabils<br \/>\n- uzglab\u0101 mitrumu.<\/p>\n<p>&nbsp;<\/p>","protected":false},"excerpt":{"rendered":"<p>P\u013cavas vai tuksne\u0161a augsnei<\/p>","protected":false},"featured_media":5731,"comment_status":"open","ping_status":"closed","template":"","meta":{"_acf_changed":false,"content-type":"","_monsterinsights_skip_tracking":false,"_monsterinsights_sitenote_active":false,"_monsterinsights_sitenote_note":"","_monsterinsights_sitenote_category":0},"product_brand":[],"product_cat":[241],"product_tag":[],"class_list":{"0":"post-4604","1":"product","2":"type-product","3":"status-publish","4":"has-post-thumbnail","6":"product_cat-granules","8":"first","9":"instock","10":"taxable","11":"shipping-taxable","12":"purchasable","13":"product-type-simple"},"acf":[],"aioseo_notices":[],"jetpack_sharing_enabled":true,"_links":{"self":[{"href":"https:\/\/antcube.shop\/lv\/wp-json\/wp\/v2\/product\/4604","targetHints":{"allow":["GET"]}}],"collection":[{"href":"https:\/\/antcube.shop\/lv\/wp-json\/wp\/v2\/product"}],"about":[{"href":"https:\/\/antcube.shop\/lv\/wp-json\/wp\/v2\/types\/product"}],"replies":[{"embeddable":true,"href":"https:\/\/antcube.shop\/lv\/wp-json\/wp\/v2\/comments?post=4604"}],"wp:featuredmedia":[{"embeddable":true,"href":"https:\/\/antcube.shop\/lv\/wp-json\/wp\/v2\/media\/5731"}],"wp:attachment":[{"href":"https:\/\/antcube.shop\/lv\/wp-json\/wp\/v2\/media?parent=4604"}],"wp:term":[{"taxonomy":"product_brand","embeddable":true,"href":"https:\/\/antcube.shop\/lv\/wp-json\/wp\/v2\/product_brand?post=4604"},{"taxonomy":"product_cat","embeddable":true,"href":"https:\/\/antcube.shop\/lv\/wp-json\/wp\/v2\/product_cat?post=4604"},{"taxonomy":"product_tag","embeddable":true,"href":"https:\/\/antcube.shop\/lv\/wp-json\/wp\/v2\/product_tag?post=4604"}],"curies":[{"name":"wp","href":"https:\/\/api.w.org\/{rel}","templated":true}]}}