{"id":4372,"date":"2022-06-20T09:12:42","date_gmt":"2022-06-20T07:12:42","guid":{"rendered":"https:\/\/antcube.shop\/produkt\/ganze-blanchierte-heimchen\/"},"modified":"2026-04-07T13:49:29","modified_gmt":"2026-04-07T11:49:29","slug":"ganze-blanchierte-heimchen","status":"publish","type":"product","link":"https:\/\/antcube.shop\/lv\/products\/ganze-blanchierte-heimchen\/","title":{"rendered":"Blan\u0161\u0113ti veseli cvingri"},"content":{"rendered":"<p><strong>Neto svars:<\/strong> 10 g burci\u0146\u0101<br \/>\nblan\u0161\u0113ti vid\u0113ja lieluma c\u012brusi gabalos<\/p>\n<p>vienreiz\u0113ja padeve<\/p>\n<p><strong>Apraksts:<\/strong><br \/>\nM\u016bsu blan\u0161\u0113tie cvingri ir vienk\u0101r\u0161s veids, k\u0101 nodro\u0161in\u0101t skudras ar svaigi konserv\u0113tu prote\u012bnu bar\u012bbu, nebarojot dz\u012bvus kukai\u0146us. Komplekt\u0101 iek\u013cautie cvingri\u0146i (Acheta domesticus) ir saudz\u012bgi blan\u0161\u0113ti, lai nodro\u0161in\u0101tu uzturv\u0113rt\u012bbas, gar\u0161as un arom\u0101ta saglab\u0101\u0161anu. Turkl\u0101t \u0161\u0101d\u0101 veid\u0101 tiek m\u012bkstin\u0101ts kukai\u0146u hit\u012bna apvalks, lai tos var\u0113tu viegl\u0101k sagremot. Kolag\u0113no olbaltumvielu savienojumi tiek sa\u0161\u0137elti, lai skudras tos var\u0113tu lab\u0101k izmantot. Konserv\u0113tu Acheta domesticus konservu uzturv\u0113rt\u012bba ir t\u0101da pati k\u0101 dz\u012bviem c\u012brul\u012b\u0161iem, bet tie ir viegl\u0101k sagremojami. At\u0161\u0137ir\u012bb\u0101 no sald\u0113tiem vai kalt\u0113tiem c\u012brul\u012b\u0161iem, kuros tiek zaud\u0113ts aptuveni 60% olbaltumvielu, tajos eso\u0161\u0101s olbaltumvielas var p\u0101rstr\u0101d\u0101t l\u012bdz gandr\u012bz 100%.<\/p>\n<p>Blan\u0161\u0113tie c\u012brul\u012b\u0161i nav piem\u0113roti skudru sugu med\u012bb\u0101m, kur\u0101m nepiecie\u0161ama dz\u012bva bar\u012bba (piem\u0113ram, poner\u012bni (pirmatn\u0113j\u0101s skudras), piem\u0113ram, Harpegnathos vai Odontomachus).<\/p>\n<p><strong>Citas priek\u0161roc\u012bbas:<\/strong><\/p>\n<p>Garant\u0113ti bez \u0113rc\u0113m<br \/>\nPorcion\u0113jams<br \/>\nSteriliz\u0113ts un vakuumiz\u0113ts<br \/>\nBez piedev\u0101m<br \/>\n\u0112din\u0101ti ar biolo\u0123iskiem atkritumiem, kas ieg\u016bti ilgtsp\u0113j\u012bg\u0101 t\u012br\u0101 biolo\u0123isk\u0101 audz\u0113\u0161an\u0101.<\/p>\n<p><strong>Uzturv\u0113rt\u012bbas inform\u0101cija:<\/strong><br \/>\nKopprote\u012bns: 20%<br \/>\nNeapstr\u0101d\u0101ti tauki: 7%<br \/>\nNeapstr\u0101d\u0101ta \u0161\u0137iedra: 22%<br \/>\nPelni: 4%<br \/>\nMitrums: 46%<\/p>\n<p><strong>Pazi\u0146ojums:<\/strong><br \/>\nP\u0113c atv\u0113r\u0161anas ledusskap\u012b uzglab\u0101jas apm\u0113ram \u010detras dienas. Ilg\u0101ks glab\u0101\u0161anas laiks, ja sasald\u0113.<br \/>\n<strong>Uzman\u012bbu:<\/strong> Vispirms sagrieziet porcij\u0101s, p\u0113c tam sasald\u0113jiet. T\u0101tad ir iesp\u0113jama ar\u012b vienreiz\u0113ja iz\u0146em\u0161ana (IQF).<\/p>","protected":false},"excerpt":{"rendered":"<p>vienreiz\u0113ja padeve<\/p>","protected":false},"featured_media":4375,"comment_status":"open","ping_status":"closed","template":"","meta":{"_acf_changed":false,"content-type":"","_monsterinsights_skip_tracking":false,"_monsterinsights_sitenote_active":false,"_monsterinsights_sitenote_note":"","_monsterinsights_sitenote_category":0},"product_brand":[],"product_cat":[257,115,116],"product_tag":[],"class_list":{"0":"post-4372","1":"product","2":"type-product","3":"status-publish","4":"has-post-thumbnail","6":"product_cat-new-innovatve-products","7":"product_cat-food-and-feeding","8":"product_cat-food","10":"first","11":"instock","12":"taxable","13":"shipping-taxable","14":"purchasable","15":"product-type-simple"},"acf":[],"aioseo_notices":[],"jetpack_sharing_enabled":true,"_links":{"self":[{"href":"https:\/\/antcube.shop\/lv\/wp-json\/wp\/v2\/product\/4372","targetHints":{"allow":["GET"]}}],"collection":[{"href":"https:\/\/antcube.shop\/lv\/wp-json\/wp\/v2\/product"}],"about":[{"href":"https:\/\/antcube.shop\/lv\/wp-json\/wp\/v2\/types\/product"}],"replies":[{"embeddable":true,"href":"https:\/\/antcube.shop\/lv\/wp-json\/wp\/v2\/comments?post=4372"}],"wp:featuredmedia":[{"embeddable":true,"href":"https:\/\/antcube.shop\/lv\/wp-json\/wp\/v2\/media\/4375"}],"wp:attachment":[{"href":"https:\/\/antcube.shop\/lv\/wp-json\/wp\/v2\/media?parent=4372"}],"wp:term":[{"taxonomy":"product_brand","embeddable":true,"href":"https:\/\/antcube.shop\/lv\/wp-json\/wp\/v2\/product_brand?post=4372"},{"taxonomy":"product_cat","embeddable":true,"href":"https:\/\/antcube.shop\/lv\/wp-json\/wp\/v2\/product_cat?post=4372"},{"taxonomy":"product_tag","embeddable":true,"href":"https:\/\/antcube.shop\/lv\/wp-json\/wp\/v2\/product_tag?post=4372"}],"curies":[{"name":"wp","href":"https:\/\/api.w.org\/{rel}","templated":true}]}}